{"id":6869,"date":"2024-09-01T13:46:35","date_gmt":"2024-09-01T12:46:35","guid":{"rendered":"https:\/\/butterfly-editions.com\/?post_type=product&#038;p=6869"},"modified":"2024-09-01T13:47:04","modified_gmt":"2024-09-01T12:47:04","slug":"bad-for-me1-anita-rigins","status":"publish","type":"product","link":"https:\/\/butterfly-editions.com\/index.php\/produit\/bad-for-me1-anita-rigins\/","title":{"rendered":"Bad for me#1 &#8211; Anita Rigins"},"content":{"rendered":"<p><strong>Attention : ce livre est une romance sombre qui n\u2019entre pas dans les codes de la romance classique : romance y rime avec violence et certaines sc\u00e8nes peuvent surprendre les lectrices non averties.<\/strong><\/p>\n<p>Apr\u00e8s un \u00e9pisode traumatisant de sa vie, Amanda Solis rejoint son grand fr\u00e8re \u00e0 Los Angeles. Stabilit\u00e9 et prudence \u00e9taient cens\u00e9s \u00eatre ses nouveaux mots d\u2019ordre. Cependant, elle oublie son terrible pass\u00e9 le temps d\u2019une soir\u00e9e universitaire, en acceptant le d\u00e9fi d\u2019aller r\u00e9cup\u00e9rer le num\u00e9ro d\u2019un inconnu. Ce qui commence comme un pari stupide se transforme en un v\u00e9ritable ouragan. La jeune femme sait qu\u2019elle risque de se br\u00fbler les ailes au contact de Julian. Bien vite, elle d\u00e9couvre les t\u00e9n\u00e8bres qui se cachent dans ses yeux, lui prouvant qu\u2019elle doit rester \u00e9loign\u00e9e.<\/p>\n<p>Comment r\u00e9sister \u00e0 ce d\u00e9sir qui \u00e9clate avec une fureur sans \u00e9gale entre eux, mena\u00e7ant d\u2019embraser tout sur son passage ? Quand elle d\u00e9couvre que Julian est li\u00e9 aux cauchemars qui la hantent, doit-elle fuir une nouvelle fois ?<\/p>\n","protected":false},"excerpt":{"rendered":"<p>Attention : ce livre est une romance sombre qui n\u2019entre pas dans les codes de la romance classique : romance y rime avec violence et certaines sc\u00e8nes peuvent surprendre les lectrices non averties. Apr\u00e8s un \u00e9pisode traumatisant de sa vie, Amanda Solis rejoint son grand fr\u00e8re \u00e0 Los Angeles. Stabilit\u00e9 et prudence \u00e9taient cens\u00e9s \u00eatre [&hellip;]<\/p>\n","protected":false},"featured_media":6902,"comment_status":"open","ping_status":"closed","template":"","meta":{"_acf_changed":false,"content-type":""},"product_brand":[],"product_cat":[59],"product_tag":[],"class_list":{"0":"post-6869","1":"product","2":"type-product","3":"status-publish","4":"has-post-thumbnail","6":"product_cat-non-classe","8":"first","9":"instock","10":"taxable","11":"shipping-taxable","12":"purchasable","13":"product-type-simple"},"acf":{"auteur":"","date_parution":null,"bestseller":false,"librairie":false},"aioseo_notices":[],"_links":{"self":[{"href":"https:\/\/butterfly-editions.com\/index.php\/wp-json\/wp\/v2\/product\/6869","targetHints":{"allow":["GET"]}}],"collection":[{"href":"https:\/\/butterfly-editions.com\/index.php\/wp-json\/wp\/v2\/product"}],"about":[{"href":"https:\/\/butterfly-editions.com\/index.php\/wp-json\/wp\/v2\/types\/product"}],"replies":[{"embeddable":true,"href":"https:\/\/butterfly-editions.com\/index.php\/wp-json\/wp\/v2\/comments?post=6869"}],"wp:featuredmedia":[{"embeddable":true,"href":"https:\/\/butterfly-editions.com\/index.php\/wp-json\/wp\/v2\/media\/6902"}],"wp:attachment":[{"href":"https:\/\/butterfly-editions.com\/index.php\/wp-json\/wp\/v2\/media?parent=6869"}],"wp:term":[{"taxonomy":"product_brand","embeddable":true,"href":"https:\/\/butterfly-editions.com\/index.php\/wp-json\/wp\/v2\/product_brand?post=6869"},{"taxonomy":"product_cat","embeddable":true,"href":"https:\/\/butterfly-editions.com\/index.php\/wp-json\/wp\/v2\/product_cat?post=6869"},{"taxonomy":"product_tag","embeddable":true,"href":"https:\/\/butterfly-editions.com\/index.php\/wp-json\/wp\/v2\/product_tag?post=6869"}],"curies":[{"name":"wp","href":"https:\/\/api.w.org\/{rel}","templated":true}]}}