{"id":6854,"date":"2024-09-01T13:46:11","date_gmt":"2024-09-01T12:46:11","guid":{"rendered":"https:\/\/butterfly-editions.com\/?post_type=product&#038;p=6854"},"modified":"2026-01-28T17:38:45","modified_gmt":"2026-01-28T16:38:45","slug":"prisoners-ellie-ach","status":"publish","type":"product","link":"https:\/\/butterfly-editions.com\/index.php\/produit\/prisoners-ellie-ach\/","title":{"rendered":"Prisoners"},"content":{"rendered":"<p><strong>Un prisonnier tourment\u00e9.<\/strong><\/p>\n<p>Un \u00e9change de lettres avec une inconnue.<\/p>\n<p>Une rencontre&#8230; explosive.<\/p>\n<p>Ashley, plong\u00e9e dans la d\u00e9prime depuis la mort de son mari en prison, prend contact avec Finn Monroe, \u00e9galement d\u00e9tenu \u00e0 Fort Collins. Plus que tout, elle veut conna\u00eetre les circonstances troubles du d\u00e9c\u00e8s de son \u00e9poux.<\/p>\n<p>Finn, pr\u00eat \u00e0 sortir, veut repartir de z\u00e9ro. Son pass\u00e9 ? Il souhaite l\u2019oublier. Son avenir ? Il esp\u00e8re construire une nouvelle vie. Les lettres d\u2019Ashley ? Le souvenir de ses courriers le renvoyant directement \u00e0 l\u2019enfer qu\u2019a \u00e9t\u00e9 sa vie entre ces quatre murs, il ne veut plus y penser.<\/p>\n<p>C\u2019\u00e9tait sans compter sur sa correspondante, qui l\u2019attend devant le centre de d\u00e9tention. Qui veut savoir. De fil en aiguille, elle lui trouve un emploi dans le restaurant o\u00f9 elle travaille. Puis, elle lui propose de devenir son colocataire.<\/p>\n<p>N\u2019ayant pas d\u2019autre choix, il accepte&#8230; sans savoir que leurs d\u00e9mons du pass\u00e9 son pr\u00eats \u00e0 ressurgir.<\/p>\n<p><em>Pour le pire, mais aussi pour le meilleur&#8230;<\/em><\/p>\n","protected":false},"excerpt":{"rendered":"<p>Un prisonnier tourment\u00e9. Un \u00e9change de lettres avec une inconnue. Une rencontre&#8230; explosive. Ashley, plong\u00e9e dans la d\u00e9prime depuis la mort de son mari en prison, prend contact avec Finn Monroe, \u00e9galement d\u00e9tenu \u00e0 Fort Collins. Plus que tout, elle veut conna\u00eetre les circonstances troubles du d\u00e9c\u00e8s de son \u00e9poux. Finn, pr\u00eat \u00e0 sortir, veut [&hellip;]<\/p>\n","protected":false},"featured_media":6901,"comment_status":"open","ping_status":"closed","template":"","meta":{"_acf_changed":false,"content-type":""},"product_brand":[],"product_cat":[466],"product_tag":[],"class_list":{"0":"post-6854","1":"product","2":"type-product","3":"status-publish","4":"has-post-thumbnail","6":"product_cat-romance-sombre","8":"first","9":"instock","10":"taxable","11":"shipping-taxable","12":"purchasable","13":"product-type-variable"},"acf":{"auteur":"Ellie Ach","date_parution":"20240223","bestseller":false,"librairie":false},"aioseo_notices":[],"_links":{"self":[{"href":"https:\/\/butterfly-editions.com\/index.php\/wp-json\/wp\/v2\/product\/6854","targetHints":{"allow":["GET"]}}],"collection":[{"href":"https:\/\/butterfly-editions.com\/index.php\/wp-json\/wp\/v2\/product"}],"about":[{"href":"https:\/\/butterfly-editions.com\/index.php\/wp-json\/wp\/v2\/types\/product"}],"replies":[{"embeddable":true,"href":"https:\/\/butterfly-editions.com\/index.php\/wp-json\/wp\/v2\/comments?post=6854"}],"wp:featuredmedia":[{"embeddable":true,"href":"https:\/\/butterfly-editions.com\/index.php\/wp-json\/wp\/v2\/media\/6901"}],"wp:attachment":[{"href":"https:\/\/butterfly-editions.com\/index.php\/wp-json\/wp\/v2\/media?parent=6854"}],"wp:term":[{"taxonomy":"product_brand","embeddable":true,"href":"https:\/\/butterfly-editions.com\/index.php\/wp-json\/wp\/v2\/product_brand?post=6854"},{"taxonomy":"product_cat","embeddable":true,"href":"https:\/\/butterfly-editions.com\/index.php\/wp-json\/wp\/v2\/product_cat?post=6854"},{"taxonomy":"product_tag","embeddable":true,"href":"https:\/\/butterfly-editions.com\/index.php\/wp-json\/wp\/v2\/product_tag?post=6854"}],"curies":[{"name":"wp","href":"https:\/\/api.w.org\/{rel}","templated":true}]}}