{"id":6853,"date":"2024-09-01T13:46:11","date_gmt":"2024-09-01T12:46:11","guid":{"rendered":"https:\/\/butterfly-editions.com\/?post_type=product&#038;p=6853"},"modified":"2024-09-01T13:47:01","modified_gmt":"2024-09-01T12:47:01","slug":"love-bikers-caroline-sauvage","status":"publish","type":"product","link":"https:\/\/butterfly-editions.com\/index.php\/produit\/love-bikers-caroline-sauvage\/","title":{"rendered":"Love Bikers &#8211; Caroline Sauvage"},"content":{"rendered":"<p><strong>Elle ne pense qu\u2019\u00e0 \u00e7a. Ils ne pensent qu\u2019\u00e0 elle.<\/strong><\/p>\n<p>D\u00e9barqu\u00e9e depuis peu chez les Savage Tigers, Savannah est hypersexuelle depuis son adolescence. Elle n\u2019ob\u00e9it qu\u2019\u00e0 Vince qui se la refuse \u00e0 cause de sa maladie, jusqu\u2019\u00e0 ce qu\u2019il finisse par craquer. Mais c\u2019\u00e9tait sans compter sur le retour de son premier amour qui va tout chambouler. Bless\u00e9e, Savannah trouve r\u00e9confort aupr\u00e8s de Silas, le Pr\u00e8s\u2019 des Killer Lions.<\/p>\n<p>Seulement, aucun des deux ne veut renoncer \u00e0 cette fille hors du commun.<\/p>\n<p>Entre la douceur de Silas et l\u2019autorit\u00e9 de Vince, le c\u0153ur de Savannah balance.<\/p>\n<p>Sans compter qu\u2019une dangereuse menace plane sur elle&#8230;<\/p>\n<p><em>Qui lui veut du mal et pourquoi ? Vince et Silas seront-ils pr\u00eats \u00e0 tout pour la sauver ?<\/em><\/p>\n","protected":false},"excerpt":{"rendered":"<p>Elle ne pense qu\u2019\u00e0 \u00e7a. Ils ne pensent qu\u2019\u00e0 elle. D\u00e9barqu\u00e9e depuis peu chez les Savage Tigers, Savannah est hypersexuelle depuis son adolescence. Elle n\u2019ob\u00e9it qu\u2019\u00e0 Vince qui se la refuse \u00e0 cause de sa maladie, jusqu\u2019\u00e0 ce qu\u2019il finisse par craquer. Mais c\u2019\u00e9tait sans compter sur le retour de son premier amour qui va [&hellip;]<\/p>\n","protected":false},"featured_media":6900,"comment_status":"open","ping_status":"closed","template":"","meta":{"_acf_changed":false,"content-type":""},"product_brand":[],"product_cat":[59],"product_tag":[],"class_list":{"0":"post-6853","1":"product","2":"type-product","3":"status-publish","4":"has-post-thumbnail","6":"product_cat-non-classe","8":"first","9":"instock","10":"taxable","11":"shipping-taxable","12":"purchasable","13":"product-type-simple"},"acf":{"auteur":"","date_parution":null,"bestseller":false,"librairie":false},"aioseo_notices":[],"_links":{"self":[{"href":"https:\/\/butterfly-editions.com\/index.php\/wp-json\/wp\/v2\/product\/6853","targetHints":{"allow":["GET"]}}],"collection":[{"href":"https:\/\/butterfly-editions.com\/index.php\/wp-json\/wp\/v2\/product"}],"about":[{"href":"https:\/\/butterfly-editions.com\/index.php\/wp-json\/wp\/v2\/types\/product"}],"replies":[{"embeddable":true,"href":"https:\/\/butterfly-editions.com\/index.php\/wp-json\/wp\/v2\/comments?post=6853"}],"wp:featuredmedia":[{"embeddable":true,"href":"https:\/\/butterfly-editions.com\/index.php\/wp-json\/wp\/v2\/media\/6900"}],"wp:attachment":[{"href":"https:\/\/butterfly-editions.com\/index.php\/wp-json\/wp\/v2\/media?parent=6853"}],"wp:term":[{"taxonomy":"product_brand","embeddable":true,"href":"https:\/\/butterfly-editions.com\/index.php\/wp-json\/wp\/v2\/product_brand?post=6853"},{"taxonomy":"product_cat","embeddable":true,"href":"https:\/\/butterfly-editions.com\/index.php\/wp-json\/wp\/v2\/product_cat?post=6853"},{"taxonomy":"product_tag","embeddable":true,"href":"https:\/\/butterfly-editions.com\/index.php\/wp-json\/wp\/v2\/product_tag?post=6853"}],"curies":[{"name":"wp","href":"https:\/\/api.w.org\/{rel}","templated":true}]}}