{"id":6851,"date":"2024-09-01T13:46:10","date_gmt":"2024-09-01T12:46:10","guid":{"rendered":"https:\/\/butterfly-editions.com\/?post_type=product&#038;p=6851"},"modified":"2024-09-01T13:46:56","modified_gmt":"2024-09-01T12:46:56","slug":"the-storm-of-my-life-aliana-skow","status":"publish","type":"product","link":"https:\/\/butterfly-editions.com\/index.php\/produit\/the-storm-of-my-life-aliana-skow\/","title":{"rendered":"The storm of my life &#8211; Aliana Skow"},"content":{"rendered":"<p>\u00c0 m\u00eame pas dix-huit ans, Billie int\u00e8gre l\u2019\u00e9cole de ses r\u00eaves la Music Academy. Elle n\u2019a qu\u2019une id\u00e9e en t\u00eate devenir productrice de musique. M\u00eame si les complications s\u2019accumulent et qu\u2019elle tente de garder le cap en masquant ses faiblesses, elle est pr\u00eate \u00e0 tout, quitte \u00e0 se perdre en chemin&#8230;<\/p>\n<p>L\u00e9o est en troisi\u00e8me ann\u00e9e \u00e0 la Music Academy. Si son p\u00e8re souhaite qu\u2019il devienne un grand pianiste qui parcourt les op\u00e9ras, lui n\u2019a qu\u2019un r\u00eave : jouer de la guitare dans un groupe de rock. Et pour \u00e7a, il est pr\u00eat \u00e0 tout, quitte \u00e0 braver tous les interdits&#8230;<\/p>\n<p>Quand leurs routes se croisent, c\u2019est explosif. L\u00e9o a beau \u00eatre sexy en diable, c\u2019est le jeune homme le plus m\u00e9prisable qu\u2019elle ait rencontr\u00e9. Il la d\u00e9teste sans raison. Le tenir loin d\u2019elle est sa priorit\u00e9. Mais ne dit-on pas qu\u2019entre l\u2019amour et la haine il n\u2019y a qu\u2019un pas ?<\/p>\n","protected":false},"excerpt":{"rendered":"<p>\u00c0 m\u00eame pas dix-huit ans, Billie int\u00e8gre l\u2019\u00e9cole de ses r\u00eaves la Music Academy. Elle n\u2019a qu\u2019une id\u00e9e en t\u00eate devenir productrice de musique. M\u00eame si les complications s\u2019accumulent et qu\u2019elle tente de garder le cap en masquant ses faiblesses, elle est pr\u00eate \u00e0 tout, quitte \u00e0 se perdre en chemin&#8230; L\u00e9o est en troisi\u00e8me [&hellip;]<\/p>\n","protected":false},"featured_media":6895,"comment_status":"open","ping_status":"closed","template":"","meta":{"_acf_changed":false,"content-type":""},"product_brand":[],"product_cat":[59],"product_tag":[],"class_list":{"0":"post-6851","1":"product","2":"type-product","3":"status-publish","4":"has-post-thumbnail","6":"product_cat-non-classe","8":"first","9":"instock","10":"taxable","11":"shipping-taxable","12":"purchasable","13":"product-type-simple"},"acf":{"auteur":"","date_parution":null,"bestseller":false,"librairie":false},"aioseo_notices":[],"_links":{"self":[{"href":"https:\/\/butterfly-editions.com\/index.php\/wp-json\/wp\/v2\/product\/6851","targetHints":{"allow":["GET"]}}],"collection":[{"href":"https:\/\/butterfly-editions.com\/index.php\/wp-json\/wp\/v2\/product"}],"about":[{"href":"https:\/\/butterfly-editions.com\/index.php\/wp-json\/wp\/v2\/types\/product"}],"replies":[{"embeddable":true,"href":"https:\/\/butterfly-editions.com\/index.php\/wp-json\/wp\/v2\/comments?post=6851"}],"wp:featuredmedia":[{"embeddable":true,"href":"https:\/\/butterfly-editions.com\/index.php\/wp-json\/wp\/v2\/media\/6895"}],"wp:attachment":[{"href":"https:\/\/butterfly-editions.com\/index.php\/wp-json\/wp\/v2\/media?parent=6851"}],"wp:term":[{"taxonomy":"product_brand","embeddable":true,"href":"https:\/\/butterfly-editions.com\/index.php\/wp-json\/wp\/v2\/product_brand?post=6851"},{"taxonomy":"product_cat","embeddable":true,"href":"https:\/\/butterfly-editions.com\/index.php\/wp-json\/wp\/v2\/product_cat?post=6851"},{"taxonomy":"product_tag","embeddable":true,"href":"https:\/\/butterfly-editions.com\/index.php\/wp-json\/wp\/v2\/product_tag?post=6851"}],"curies":[{"name":"wp","href":"https:\/\/api.w.org\/{rel}","templated":true}]}}