{"id":6850,"date":"2024-09-01T13:46:10","date_gmt":"2024-09-01T12:46:10","guid":{"rendered":"https:\/\/butterfly-editions.com\/?post_type=product&#038;p=6850"},"modified":"2024-09-01T13:46:54","modified_gmt":"2024-09-01T12:46:54","slug":"ice-is-the-limit-emilia-robinst-en-precommande-sortie-le-27-03","status":"publish","type":"product","link":"https:\/\/butterfly-editions.com\/index.php\/produit\/ice-is-the-limit-emilia-robinst-en-precommande-sortie-le-27-03\/","title":{"rendered":"Ice is the LIMIT &#8211; Emilia Robinst (En pr\u00e9commande : sortie le 27\/03)"},"content":{"rendered":"<p><strong>Elle est aussi aff\u00fbt\u00e9e qu\u2019une lame.<\/p>\n<p>Il n\u2019a d\u2019ang\u00e9lique que son pr\u00e9nom.<\/strong><\/p>\n<p>Lorsque la perfectionniste Oksana Markova et l\u2019audacieux Angel Love se retrouvent tous deux \u00e9cart\u00e9s de la comp\u00e9tition, la f\u00e9d\u00e9ration canadienne des sports de glisse d\u00e9cide de les r\u00e9unir en tant que \u00ab couple \u00bb pour cette nouvelle saison.<\/p>\n<p>Leur mission est simple : gagner la comp\u00e9tition internationale de patinage artistique.<\/p>\n<p>Mais comment y parvenir quand tout les oppose? Sur la glace, leur alchimie fait des \u00e9tincelles, tandis qu\u2019en dehors, leurs caract\u00e8res bien tremp\u00e9s les poussent, corps et \u00e2me, \u00e0 s\u2019affronter sans cesse. Il suffirait d\u2019une simple allumette pour faire fondre la glace&#8230;<\/p>\n<p>Et si la solution \u00e9tait l\u00e0 ? Liqu\u00e9fier leurs armures respectives pour en d\u00e9voiler le c\u0153ur.<\/p>\n<p><em>Apr\u00e8s tout, entre haine et amour, ne dit-on pas qu\u2019il n\u2019y a&#8230; qu\u2019une patinoire \u00e0 franchir ?<\/em><\/p>\n","protected":false},"excerpt":{"rendered":"<p>Elle est aussi aff\u00fbt\u00e9e qu\u2019une lame. Il n\u2019a d\u2019ang\u00e9lique que son pr\u00e9nom. Lorsque la perfectionniste Oksana Markova et l\u2019audacieux Angel Love se retrouvent tous deux \u00e9cart\u00e9s de la comp\u00e9tition, la f\u00e9d\u00e9ration canadienne des sports de glisse d\u00e9cide de les r\u00e9unir en tant que \u00ab couple \u00bb pour cette nouvelle saison. Leur mission est simple : [&hellip;]<\/p>\n","protected":false},"featured_media":6894,"comment_status":"open","ping_status":"closed","template":"","meta":{"_acf_changed":false,"content-type":""},"product_brand":[],"product_cat":[59],"product_tag":[],"class_list":{"0":"post-6850","1":"product","2":"type-product","3":"status-publish","4":"has-post-thumbnail","6":"product_cat-non-classe","8":"first","9":"instock","10":"taxable","11":"shipping-taxable","12":"purchasable","13":"product-type-simple"},"acf":{"auteur":"","date_parution":null,"bestseller":false,"librairie":false},"aioseo_notices":[],"_links":{"self":[{"href":"https:\/\/butterfly-editions.com\/index.php\/wp-json\/wp\/v2\/product\/6850","targetHints":{"allow":["GET"]}}],"collection":[{"href":"https:\/\/butterfly-editions.com\/index.php\/wp-json\/wp\/v2\/product"}],"about":[{"href":"https:\/\/butterfly-editions.com\/index.php\/wp-json\/wp\/v2\/types\/product"}],"replies":[{"embeddable":true,"href":"https:\/\/butterfly-editions.com\/index.php\/wp-json\/wp\/v2\/comments?post=6850"}],"wp:featuredmedia":[{"embeddable":true,"href":"https:\/\/butterfly-editions.com\/index.php\/wp-json\/wp\/v2\/media\/6894"}],"wp:attachment":[{"href":"https:\/\/butterfly-editions.com\/index.php\/wp-json\/wp\/v2\/media?parent=6850"}],"wp:term":[{"taxonomy":"product_brand","embeddable":true,"href":"https:\/\/butterfly-editions.com\/index.php\/wp-json\/wp\/v2\/product_brand?post=6850"},{"taxonomy":"product_cat","embeddable":true,"href":"https:\/\/butterfly-editions.com\/index.php\/wp-json\/wp\/v2\/product_cat?post=6850"},{"taxonomy":"product_tag","embeddable":true,"href":"https:\/\/butterfly-editions.com\/index.php\/wp-json\/wp\/v2\/product_tag?post=6850"}],"curies":[{"name":"wp","href":"https:\/\/api.w.org\/{rel}","templated":true}]}}