{"id":6847,"date":"2024-09-01T13:46:10","date_gmt":"2024-09-01T12:46:10","guid":{"rendered":"https:\/\/butterfly-editions.com\/?post_type=product&#038;p=6847"},"modified":"2024-11-19T17:09:15","modified_gmt":"2024-11-19T16:09:15","slug":"decrocher-la-lune-minui-edmy","status":"publish","type":"product","link":"https:\/\/butterfly-editions.com\/index.php\/produit\/decrocher-la-lune-minui-edmy\/","title":{"rendered":"D\u00e9crocher la Lune &#8211; Minui Edmy"},"content":{"rendered":"<p>Phin\u00e9as Sulin, acrobate depuis ses douze ans au sein du Circus Carnie Show, ne vit que pour le cirque. La Shannon Show School repr\u00e9sente son plus grand r\u00eave. Alors quand l\u2019occasion d\u2019int\u00e9grer cette \u00e9cole se pr\u00e9sente, il est pr\u00eat \u00e0 tout pour remporter l\u2019audition.<\/p>\n<p>Rien ne pourra le d\u00e9tourner de son objectif. Pas m\u00eame Lune Avrel, nouvelle maquilleuse en cheffe \u00e0 la personnalit\u00e9 aussi unique que son pr\u00e9nom.<\/p>\n<p>Entamer une relation amoureuse est de loin la derni\u00e8re chose dont il a besoin. Quand bien m\u00eame la jeune femme inonde sa vie de sourires et de paillettes, il n\u2019a rien d\u2019autre \u00e0 lui offrir que son amiti\u00e9.<\/p>\n<p>Mais, \u00e0 trop s\u2019enfermer dans le cirque, Phin\u00e9as ne passe-t-il pas \u00e0 c\u00f4t\u00e9 de son propre bonheur ? Son c\u0153ur balance, les doutes s\u2019installent. Que veut-il r\u00e9ellement ? Lune ou le cirque ?<\/p>\n","protected":false},"excerpt":{"rendered":"<p>Phin\u00e9as Sulin, acrobate depuis ses douze ans au sein du Circus Carnie Show, ne vit que pour le cirque. La Shannon Show School repr\u00e9sente son plus grand r\u00eave. Alors quand l\u2019occasion d\u2019int\u00e9grer cette \u00e9cole se pr\u00e9sente, il est pr\u00eat \u00e0 tout pour remporter l\u2019audition. Rien ne pourra le d\u00e9tourner de son objectif. Pas m\u00eame Lune [&hellip;]<\/p>\n","protected":false},"featured_media":6891,"comment_status":"open","ping_status":"closed","template":"","meta":{"_acf_changed":false,"content-type":""},"product_brand":[],"product_cat":[59],"product_tag":[],"class_list":{"0":"post-6847","1":"product","2":"type-product","3":"status-publish","4":"has-post-thumbnail","6":"product_cat-non-classe","8":"first","9":"instock","10":"taxable","11":"shipping-taxable","12":"purchasable","13":"product-type-simple"},"acf":{"auteur":"","date_parution":null,"bestseller":false,"librairie":false},"aioseo_notices":[],"_links":{"self":[{"href":"https:\/\/butterfly-editions.com\/index.php\/wp-json\/wp\/v2\/product\/6847","targetHints":{"allow":["GET"]}}],"collection":[{"href":"https:\/\/butterfly-editions.com\/index.php\/wp-json\/wp\/v2\/product"}],"about":[{"href":"https:\/\/butterfly-editions.com\/index.php\/wp-json\/wp\/v2\/types\/product"}],"replies":[{"embeddable":true,"href":"https:\/\/butterfly-editions.com\/index.php\/wp-json\/wp\/v2\/comments?post=6847"}],"wp:featuredmedia":[{"embeddable":true,"href":"https:\/\/butterfly-editions.com\/index.php\/wp-json\/wp\/v2\/media\/6891"}],"wp:attachment":[{"href":"https:\/\/butterfly-editions.com\/index.php\/wp-json\/wp\/v2\/media?parent=6847"}],"wp:term":[{"taxonomy":"product_brand","embeddable":true,"href":"https:\/\/butterfly-editions.com\/index.php\/wp-json\/wp\/v2\/product_brand?post=6847"},{"taxonomy":"product_cat","embeddable":true,"href":"https:\/\/butterfly-editions.com\/index.php\/wp-json\/wp\/v2\/product_cat?post=6847"},{"taxonomy":"product_tag","embeddable":true,"href":"https:\/\/butterfly-editions.com\/index.php\/wp-json\/wp\/v2\/product_tag?post=6847"}],"curies":[{"name":"wp","href":"https:\/\/api.w.org\/{rel}","templated":true}]}}