{"id":6845,"date":"2024-09-01T20:46:09","date_gmt":"2024-09-01T19:46:09","guid":{"rendered":"https:\/\/butterfly-editions.com\/?post_type=product&#038;p=6845"},"modified":"2026-01-28T17:12:07","modified_gmt":"2026-01-28T16:12:07","slug":"just-you-christy-allan","status":"publish","type":"product","link":"https:\/\/butterfly-editions.com\/index.php\/produit\/just-you-christy-allan\/","title":{"rendered":"Just You"},"content":{"rendered":"<p><strong>Quand les yeux de Mathias percutent ceux d\u2019H\u00e9lo\u00efse, ce sera elle. Juste elle.<\/strong><\/p>\n<p>\u00c0 la mort de son p\u00e8re, Mathias, militaire, revient en France et reprend l\u2019exploitation viticole familiale. Rapidement, il se sent attir\u00e9 par H\u00e9lo\u00efse, l\u2019une des jeunes employ\u00e9es. Une relation na\u00eet. Forte, unique, totalement enivrante.<\/p>\n<p>Il refuse d\u2019\u00e9couter son meilleur ami, son fr\u00e8re de c\u0153ur, Arrone, qui lui conseille de se m\u00e9fier, de garder ses distances. Il le ressent au plus profond de lui-m\u00eame, elle est la femme de sa vie et le restera.<\/p>\n<p><em>Jusqu\u2019au jour&#8230; o\u00f9 tout bascule&#8230;<\/em><\/p>\n","protected":false},"excerpt":{"rendered":"<p>Quand les yeux de Mathias percutent ceux d\u2019H\u00e9lo\u00efse, ce sera elle. Juste elle. \u00c0 la mort de son p\u00e8re, Mathias, militaire, revient en France et reprend l\u2019exploitation viticole familiale. Rapidement, il se sent attir\u00e9 par H\u00e9lo\u00efse, l\u2019une des jeunes employ\u00e9es. Une relation na\u00eet. Forte, unique, totalement enivrante. Il refuse d\u2019\u00e9couter son meilleur ami, son fr\u00e8re [&hellip;]<\/p>\n","protected":false},"featured_media":6889,"comment_status":"open","ping_status":"closed","template":"","meta":{"_acf_changed":false,"content-type":""},"product_brand":[],"product_cat":[461],"product_tag":[],"class_list":{"0":"post-6845","1":"product","2":"type-product","3":"status-publish","4":"has-post-thumbnail","6":"product_cat-romance-contemporaine","8":"first","9":"instock","10":"taxable","11":"shipping-taxable","12":"purchasable","13":"product-type-variable"},"acf":{"auteur":"Christy Allan","date_parution":"20231201","bestseller":false,"librairie":false},"aioseo_notices":[],"_links":{"self":[{"href":"https:\/\/butterfly-editions.com\/index.php\/wp-json\/wp\/v2\/product\/6845","targetHints":{"allow":["GET"]}}],"collection":[{"href":"https:\/\/butterfly-editions.com\/index.php\/wp-json\/wp\/v2\/product"}],"about":[{"href":"https:\/\/butterfly-editions.com\/index.php\/wp-json\/wp\/v2\/types\/product"}],"replies":[{"embeddable":true,"href":"https:\/\/butterfly-editions.com\/index.php\/wp-json\/wp\/v2\/comments?post=6845"}],"wp:featuredmedia":[{"embeddable":true,"href":"https:\/\/butterfly-editions.com\/index.php\/wp-json\/wp\/v2\/media\/6889"}],"wp:attachment":[{"href":"https:\/\/butterfly-editions.com\/index.php\/wp-json\/wp\/v2\/media?parent=6845"}],"wp:term":[{"taxonomy":"product_brand","embeddable":true,"href":"https:\/\/butterfly-editions.com\/index.php\/wp-json\/wp\/v2\/product_brand?post=6845"},{"taxonomy":"product_cat","embeddable":true,"href":"https:\/\/butterfly-editions.com\/index.php\/wp-json\/wp\/v2\/product_cat?post=6845"},{"taxonomy":"product_tag","embeddable":true,"href":"https:\/\/butterfly-editions.com\/index.php\/wp-json\/wp\/v2\/product_tag?post=6845"}],"curies":[{"name":"wp","href":"https:\/\/api.w.org\/{rel}","templated":true}]}}