{"id":6844,"date":"2024-09-01T13:46:09","date_gmt":"2024-09-01T12:46:09","guid":{"rendered":"https:\/\/butterfly-editions.com\/?post_type=product&#038;p=6844"},"modified":"2024-09-01T13:46:46","modified_gmt":"2024-09-01T12:46:46","slug":"storm-skyller-kelly","status":"publish","type":"product","link":"https:\/\/butterfly-editions.com\/index.php\/produit\/storm-skyller-kelly\/","title":{"rendered":"Storm &#8211; Skyller Kelly"},"content":{"rendered":"<p><strong>Il la d\u00e9teste&#8230; et il la veut&#8230;<\/strong><\/p>\n<p>David Pierce, acteur du moment le plus aim\u00e9, suit sa vie selon ses propres r\u00e8gles. Du plaisir, de l\u2019argent et surtout de l\u2019amusement. Suite \u00e0 un scandale, il risque de tout perdre et est contraint de partir se cacher dans sa ville natale, Mc Cook. L\u2019endroit qu\u2019il d\u00e9teste le plus au monde et o\u00f9 il s\u2019\u00e9tait promis de ne jamais remettre les pieds.<\/p>\n<p>Mais, pire que tout, il va devoir partager son appartement avec la belle-s\u0153ur insupportable mais terriblement s\u00e9duisante de son ami Hank.<\/p>\n<p><em>Et s\u2019il a l\u2019habitude tout g\u00e9rer, il n\u2019\u00e9tait pas pr\u00eat \u00e0 faire face \u00e0 la tornade Lily&#8230;<\/em><\/p>\n","protected":false},"excerpt":{"rendered":"<p>Il la d\u00e9teste&#8230; et il la veut&#8230; David Pierce, acteur du moment le plus aim\u00e9, suit sa vie selon ses propres r\u00e8gles. Du plaisir, de l\u2019argent et surtout de l\u2019amusement. Suite \u00e0 un scandale, il risque de tout perdre et est contraint de partir se cacher dans sa ville natale, Mc Cook. L\u2019endroit qu\u2019il d\u00e9teste [&hellip;]<\/p>\n","protected":false},"featured_media":6888,"comment_status":"open","ping_status":"closed","template":"","meta":{"_acf_changed":false,"content-type":""},"product_brand":[],"product_cat":[59],"product_tag":[],"class_list":{"0":"post-6844","1":"product","2":"type-product","3":"status-publish","4":"has-post-thumbnail","6":"product_cat-non-classe","8":"first","9":"instock","10":"taxable","11":"shipping-taxable","12":"purchasable","13":"product-type-simple"},"acf":{"auteur":"","date_parution":null,"bestseller":false,"librairie":false},"aioseo_notices":[],"_links":{"self":[{"href":"https:\/\/butterfly-editions.com\/index.php\/wp-json\/wp\/v2\/product\/6844","targetHints":{"allow":["GET"]}}],"collection":[{"href":"https:\/\/butterfly-editions.com\/index.php\/wp-json\/wp\/v2\/product"}],"about":[{"href":"https:\/\/butterfly-editions.com\/index.php\/wp-json\/wp\/v2\/types\/product"}],"replies":[{"embeddable":true,"href":"https:\/\/butterfly-editions.com\/index.php\/wp-json\/wp\/v2\/comments?post=6844"}],"wp:featuredmedia":[{"embeddable":true,"href":"https:\/\/butterfly-editions.com\/index.php\/wp-json\/wp\/v2\/media\/6888"}],"wp:attachment":[{"href":"https:\/\/butterfly-editions.com\/index.php\/wp-json\/wp\/v2\/media?parent=6844"}],"wp:term":[{"taxonomy":"product_brand","embeddable":true,"href":"https:\/\/butterfly-editions.com\/index.php\/wp-json\/wp\/v2\/product_brand?post=6844"},{"taxonomy":"product_cat","embeddable":true,"href":"https:\/\/butterfly-editions.com\/index.php\/wp-json\/wp\/v2\/product_cat?post=6844"},{"taxonomy":"product_tag","embeddable":true,"href":"https:\/\/butterfly-editions.com\/index.php\/wp-json\/wp\/v2\/product_tag?post=6844"}],"curies":[{"name":"wp","href":"https:\/\/api.w.org\/{rel}","templated":true}]}}