{"id":6842,"date":"2024-09-01T13:46:09","date_gmt":"2024-09-01T12:46:09","guid":{"rendered":"https:\/\/butterfly-editions.com\/?post_type=product&#038;p=6842"},"modified":"2026-01-27T14:47:43","modified_gmt":"2026-01-27T13:47:43","slug":"devoile-toi-laure-aleno","status":"publish","type":"product","link":"https:\/\/butterfly-editions.com\/index.php\/produit\/devoile-toi-laure-aleno\/","title":{"rendered":"D\u00e9voile-toi"},"content":{"rendered":"<p><strong>Ils sont hant\u00e9s par le pass\u00e9, ils devront se d\u00e9voiler pour avancer.<\/strong><\/p>\n<p>Emma est \u00e0 un tournant de sa vie. Elle d\u00e9cide de tout quitter pour recommencer \u00e0 z\u00e9ro.<\/p>\n<p>L\u2019arriv\u00e9e de Nico, le nouveau coll\u00e8gue myst\u00e9rieux qui doit la remplacer, ne la laisse pas indiff\u00e9rente malgr\u00e9 son c\u00f4t\u00e9 renferm\u00e9 et taciturne. Elle prend m\u00eame plaisir \u00e0 le suivre \u00e0 une de ses courses d\u2019enduro.<\/p>\n<p>Loin d\u2019\u00eatre effray\u00e9e par son s\u00e9jour en prison, elle est de plus en plus attir\u00e9e par ce grand t\u00e9n\u00e9breux aux yeux oc\u00e9ans.<\/p>\n<p>De son c\u00f4t\u00e9, Nico lutte entre les fant\u00f4mes de son pass\u00e9 et son attirance pour Emma. Fracass\u00e9 par la vie, il s\u2019\u00e9vertue \u00e0 garder ses semblables \u00e0 distance, mais doit reconna\u00eetre que la jeune femme le trouble plus que n\u2019importe qui.<\/p>\n<p><em>Entre la peur et la culpabilit\u00e9, entre le d\u00e9sir et l\u2019amour, ils vont devoir plus que jamais se livrer et faire tomber les barri\u00e8res.<\/em><\/p>\n","protected":false},"excerpt":{"rendered":"<p>Ils sont hant\u00e9s par le pass\u00e9, ils devront se d\u00e9voiler pour avancer. Emma est \u00e0 un tournant de sa vie. Elle d\u00e9cide de tout quitter pour recommencer \u00e0 z\u00e9ro. L\u2019arriv\u00e9e de Nico, le nouveau coll\u00e8gue myst\u00e9rieux qui doit la remplacer, ne la laisse pas indiff\u00e9rente malgr\u00e9 son c\u00f4t\u00e9 renferm\u00e9 et taciturne. Elle prend m\u00eame plaisir [&hellip;]<\/p>\n","protected":false},"featured_media":6886,"comment_status":"open","ping_status":"closed","template":"","meta":{"_acf_changed":false,"content-type":""},"product_brand":[],"product_cat":[460],"product_tag":[487,493,536],"class_list":{"0":"post-6842","1":"product","2":"type-product","3":"status-publish","4":"has-post-thumbnail","6":"product_cat-rom-com","7":"product_tag-amour-interdit","8":"product_tag-bad-boy","9":"product_tag-moto","11":"first","12":"instock","13":"taxable","14":"shipping-taxable","15":"purchasable","16":"product-type-variable"},"acf":{"auteur":"Laure Al\u00e9no","date_parution":"20230927","bestseller":false,"librairie":false},"aioseo_notices":[],"_links":{"self":[{"href":"https:\/\/butterfly-editions.com\/index.php\/wp-json\/wp\/v2\/product\/6842","targetHints":{"allow":["GET"]}}],"collection":[{"href":"https:\/\/butterfly-editions.com\/index.php\/wp-json\/wp\/v2\/product"}],"about":[{"href":"https:\/\/butterfly-editions.com\/index.php\/wp-json\/wp\/v2\/types\/product"}],"replies":[{"embeddable":true,"href":"https:\/\/butterfly-editions.com\/index.php\/wp-json\/wp\/v2\/comments?post=6842"}],"wp:featuredmedia":[{"embeddable":true,"href":"https:\/\/butterfly-editions.com\/index.php\/wp-json\/wp\/v2\/media\/6886"}],"wp:attachment":[{"href":"https:\/\/butterfly-editions.com\/index.php\/wp-json\/wp\/v2\/media?parent=6842"}],"wp:term":[{"taxonomy":"product_brand","embeddable":true,"href":"https:\/\/butterfly-editions.com\/index.php\/wp-json\/wp\/v2\/product_brand?post=6842"},{"taxonomy":"product_cat","embeddable":true,"href":"https:\/\/butterfly-editions.com\/index.php\/wp-json\/wp\/v2\/product_cat?post=6842"},{"taxonomy":"product_tag","embeddable":true,"href":"https:\/\/butterfly-editions.com\/index.php\/wp-json\/wp\/v2\/product_tag?post=6842"}],"curies":[{"name":"wp","href":"https:\/\/api.w.org\/{rel}","templated":true}]}}