{"id":6827,"date":"2024-09-01T13:45:46","date_gmt":"2024-09-01T12:45:46","guid":{"rendered":"https:\/\/butterfly-editions.com\/?post_type=product&#038;p=6827"},"modified":"2024-09-01T13:46:40","modified_gmt":"2024-09-01T12:46:40","slug":"sous-le-gui-kate-owyn","status":"publish","type":"product","link":"https:\/\/butterfly-editions.com\/index.php\/produit\/sous-le-gui-kate-owyn\/","title":{"rendered":"Sous le gui &#8211; Kate Owyn"},"content":{"rendered":"<p>Pour Am\u00e9lia, l\u2019association La Bonne \u00c9toile repr\u00e9sente toute sa vie, un ultime hommage \u00e0 sa d\u00e9funte m\u00e8re. Pour aider encore plus de gens d\u00e9munis, elle d\u00e9cide, encourag\u00e9e par son tuteur Henri Schaltzer, d\u2019organiser un gala juste avant No\u00ebl qui lui permettrait de r\u00e9colter des fonds avec la fameuse vente aux ench\u00e8res de c\u00e9libataires. Malheureusement, Am\u00e9lia manque cruellement de candidats. Leandro, fils s\u00e9ducteur d\u2019un richissime homme d\u2019affaires, voit son entreprise sombrer. Pour sauver la r\u00e9putation de sa famille avant la cl\u00f4ture de fin d\u2019ann\u00e9e, il doit gagner les faveurs d\u2019Henri Schaltzer. Cependant, sa r\u00e9putation le pr\u00e9c\u00e8de et le milliardaire refuse de l\u2019\u00e9couter. Et si s\u00e9duire sa fille adoptive lui permettait de redorer son blason ? Et pour \u00e7a, quoi de mieux que de se proposer afin de participer \u00e0 la vente ! <\/p>\n<p><em>Entre sapin, bons sentiments, fin d\u2019ann\u00e9e, No\u00ebl et le gui, est-ce que Leandro va r\u00e9ussir \u00e0 s\u00e9duire la douce Am\u00e9lia ?<\/em><\/p>\n","protected":false},"excerpt":{"rendered":"<p>Pour Am\u00e9lia, l\u2019association La Bonne \u00c9toile repr\u00e9sente toute sa vie, un ultime hommage \u00e0 sa d\u00e9funte m\u00e8re. Pour aider encore plus de gens d\u00e9munis, elle d\u00e9cide, encourag\u00e9e par son tuteur Henri Schaltzer, d\u2019organiser un gala juste avant No\u00ebl qui lui permettrait de r\u00e9colter des fonds avec la fameuse vente aux ench\u00e8res de c\u00e9libataires. Malheureusement, Am\u00e9lia [&hellip;]<\/p>\n","protected":false},"featured_media":6884,"comment_status":"open","ping_status":"closed","template":"","meta":{"_acf_changed":false,"content-type":""},"product_brand":[],"product_cat":[59],"product_tag":[],"class_list":{"0":"post-6827","1":"product","2":"type-product","3":"status-publish","4":"has-post-thumbnail","6":"product_cat-non-classe","8":"first","9":"instock","10":"taxable","11":"shipping-taxable","12":"purchasable","13":"product-type-simple"},"acf":{"auteur":"","date_parution":null,"bestseller":false,"librairie":false},"aioseo_notices":[],"_links":{"self":[{"href":"https:\/\/butterfly-editions.com\/index.php\/wp-json\/wp\/v2\/product\/6827","targetHints":{"allow":["GET"]}}],"collection":[{"href":"https:\/\/butterfly-editions.com\/index.php\/wp-json\/wp\/v2\/product"}],"about":[{"href":"https:\/\/butterfly-editions.com\/index.php\/wp-json\/wp\/v2\/types\/product"}],"replies":[{"embeddable":true,"href":"https:\/\/butterfly-editions.com\/index.php\/wp-json\/wp\/v2\/comments?post=6827"}],"wp:featuredmedia":[{"embeddable":true,"href":"https:\/\/butterfly-editions.com\/index.php\/wp-json\/wp\/v2\/media\/6884"}],"wp:attachment":[{"href":"https:\/\/butterfly-editions.com\/index.php\/wp-json\/wp\/v2\/media?parent=6827"}],"wp:term":[{"taxonomy":"product_brand","embeddable":true,"href":"https:\/\/butterfly-editions.com\/index.php\/wp-json\/wp\/v2\/product_brand?post=6827"},{"taxonomy":"product_cat","embeddable":true,"href":"https:\/\/butterfly-editions.com\/index.php\/wp-json\/wp\/v2\/product_cat?post=6827"},{"taxonomy":"product_tag","embeddable":true,"href":"https:\/\/butterfly-editions.com\/index.php\/wp-json\/wp\/v2\/product_tag?post=6827"}],"curies":[{"name":"wp","href":"https:\/\/api.w.org\/{rel}","templated":true}]}}