{"id":6825,"date":"2024-09-01T13:45:46","date_gmt":"2024-09-01T12:45:46","guid":{"rendered":"https:\/\/butterfly-editions.com\/?post_type=product&#038;p=6825"},"modified":"2024-09-01T13:46:32","modified_gmt":"2024-09-01T12:46:32","slug":"princes-lessons-celia-cattiaux","status":"publish","type":"product","link":"https:\/\/butterfly-editions.com\/index.php\/produit\/princes-lessons-celia-cattiaux\/","title":{"rendered":"Prince&rsquo;s lessons &#8211; C\u00e9lia Cattiaux"},"content":{"rendered":"<p><strong>Une \u00e9tudiante en manque de revenus.<\/p>\n<p>Un Prince sexy, arrogant, qui doit absolument trouver une \u00e9pouse.<\/p>\n<p>Une rencontre, inattendue, bouleversante, pleine de surprises.<\/strong><\/p>\n<p>Issaq n\u2019a jamais voulu devenir Roi. Malheureusement, la mort de son p\u00e8re le contraint \u00e0 monter sur le tr\u00f4ne. Pour cela, il doit se marier au plus vite. Sa m\u00e8re, la reine C\u00e9cilia, ne supportant plus son immobilisme, engage Claire, une coach en s\u00e9duction via Love\u2019s Lessons, son application qui cartonne.<\/p>\n<p>Cette derni\u00e8re n\u2019a qu\u2019un but en t\u00eate. Gagner suffisamment d\u2019argent afin de payer le traitement dont Evan, son jeune fr\u00e8re, a besoin pour gu\u00e9rir de sa leuc\u00e9mie. Alors, s\u2019il faut partir dans un royaume, sur un autre continent, en pleine p\u00e9riode de No\u00ebl, elle n\u2019h\u00e9site pas tr\u00e8s longtemps !<\/p>\n<p><em>Seulement, elle n\u2019avait pas anticip\u00e9 un d\u00e9tail&#8230; Son interdit supr\u00eame&#8230; Tomber raide dingue amoureuse de son \u00e9l\u00e8ve&#8230;<\/em><\/p>\n","protected":false},"excerpt":{"rendered":"<p>Une \u00e9tudiante en manque de revenus. Un Prince sexy, arrogant, qui doit absolument trouver une \u00e9pouse. Une rencontre, inattendue, bouleversante, pleine de surprises. Issaq n\u2019a jamais voulu devenir Roi. Malheureusement, la mort de son p\u00e8re le contraint \u00e0 monter sur le tr\u00f4ne. Pour cela, il doit se marier au plus vite. Sa m\u00e8re, la reine [&hellip;]<\/p>\n","protected":false},"featured_media":6868,"comment_status":"open","ping_status":"closed","template":"","meta":{"_acf_changed":false,"content-type":""},"product_brand":[],"product_cat":[59],"product_tag":[],"class_list":{"0":"post-6825","1":"product","2":"type-product","3":"status-publish","4":"has-post-thumbnail","6":"product_cat-non-classe","8":"first","9":"instock","10":"taxable","11":"shipping-taxable","12":"purchasable","13":"product-type-simple"},"acf":{"auteur":"","date_parution":null,"bestseller":false,"librairie":false},"aioseo_notices":[],"_links":{"self":[{"href":"https:\/\/butterfly-editions.com\/index.php\/wp-json\/wp\/v2\/product\/6825","targetHints":{"allow":["GET"]}}],"collection":[{"href":"https:\/\/butterfly-editions.com\/index.php\/wp-json\/wp\/v2\/product"}],"about":[{"href":"https:\/\/butterfly-editions.com\/index.php\/wp-json\/wp\/v2\/types\/product"}],"replies":[{"embeddable":true,"href":"https:\/\/butterfly-editions.com\/index.php\/wp-json\/wp\/v2\/comments?post=6825"}],"wp:featuredmedia":[{"embeddable":true,"href":"https:\/\/butterfly-editions.com\/index.php\/wp-json\/wp\/v2\/media\/6868"}],"wp:attachment":[{"href":"https:\/\/butterfly-editions.com\/index.php\/wp-json\/wp\/v2\/media?parent=6825"}],"wp:term":[{"taxonomy":"product_brand","embeddable":true,"href":"https:\/\/butterfly-editions.com\/index.php\/wp-json\/wp\/v2\/product_brand?post=6825"},{"taxonomy":"product_cat","embeddable":true,"href":"https:\/\/butterfly-editions.com\/index.php\/wp-json\/wp\/v2\/product_cat?post=6825"},{"taxonomy":"product_tag","embeddable":true,"href":"https:\/\/butterfly-editions.com\/index.php\/wp-json\/wp\/v2\/product_tag?post=6825"}],"curies":[{"name":"wp","href":"https:\/\/api.w.org\/{rel}","templated":true}]}}