{"id":6821,"date":"2024-09-01T13:45:45","date_gmt":"2024-09-01T12:45:45","guid":{"rendered":"https:\/\/butterfly-editions.com\/?post_type=product&#038;p=6821"},"modified":"2024-09-01T13:46:26","modified_gmt":"2024-09-01T12:46:26","slug":"pretty-doll-4-play-club-julia-teis","status":"publish","type":"product","link":"https:\/\/butterfly-editions.com\/index.php\/produit\/pretty-doll-4-play-club-julia-teis\/","title":{"rendered":"Pretty Doll &#8211; 4 Play Club &#8211; Julia Teis"},"content":{"rendered":"<p><strong>Un boss sulfureux.<\/p>\n<p>Une barmaid irr\u00e9sistible.<\/p>\n<p>Attention aux \u00e9tincelles !<\/strong><\/p>\n<p>Ty est le patron aussi impitoyable que sexy du club de strip-tease 4 Play Club \u00e0 Jackpot dans le Nevada. D\u00e9cid\u00e9 \u00e0 agrandir ses locaux, il est pr\u00eat \u00e0 tout. Quitte \u00e0 faire chanter l\u2019adjoint au Maire. Rien ne pourra le faire d\u00e9vier de son plan. Ni personne. Enfin, c\u2019est ce qu\u2019il pensait jusqu\u2019\u00e0 ce qu\u2019il croise deux yeux bleu clair. Si fascinants qu\u2019ils lui font tout oublier.<\/p>\n<p>Nora, se trouvant dans une situation financi\u00e8re plus que difficile, est contrainte de pousser les portes du 4PlayClub afin d\u2019occuper le poste de barmaid. Tomber sous le charme de son boss ? Tr\u00e8s peu pour elle. Sa famille est en danger et elle compte bien la sortir de l\u00e0. Co\u00fbte que co\u00fbte.<\/p>\n<p>Ar<em>riveront-ils \u00e0 s\u2019en tenir \u00e0 leurs objectifs quand l\u2019attirance qu\u2019ils ressentent se m\u00eale \u00e0 l\u2019\u00e9quation et les trouble au point de tout oublier ? M\u00eame le plus important&#8230;<\/em><\/p>\n","protected":false},"excerpt":{"rendered":"<p>Un boss sulfureux. Une barmaid irr\u00e9sistible. Attention aux \u00e9tincelles ! Ty est le patron aussi impitoyable que sexy du club de strip-tease 4 Play Club \u00e0 Jackpot dans le Nevada. D\u00e9cid\u00e9 \u00e0 agrandir ses locaux, il est pr\u00eat \u00e0 tout. Quitte \u00e0 faire chanter l\u2019adjoint au Maire. Rien ne pourra le faire d\u00e9vier de son [&hellip;]<\/p>\n","protected":false},"featured_media":6864,"comment_status":"open","ping_status":"closed","template":"","meta":{"_acf_changed":false,"content-type":""},"product_brand":[],"product_cat":[59],"product_tag":[],"class_list":{"0":"post-6821","1":"product","2":"type-product","3":"status-publish","4":"has-post-thumbnail","6":"product_cat-non-classe","8":"first","9":"instock","10":"taxable","11":"shipping-taxable","12":"purchasable","13":"product-type-simple"},"acf":{"auteur":"","date_parution":null,"bestseller":false,"librairie":false},"aioseo_notices":[],"_links":{"self":[{"href":"https:\/\/butterfly-editions.com\/index.php\/wp-json\/wp\/v2\/product\/6821","targetHints":{"allow":["GET"]}}],"collection":[{"href":"https:\/\/butterfly-editions.com\/index.php\/wp-json\/wp\/v2\/product"}],"about":[{"href":"https:\/\/butterfly-editions.com\/index.php\/wp-json\/wp\/v2\/types\/product"}],"replies":[{"embeddable":true,"href":"https:\/\/butterfly-editions.com\/index.php\/wp-json\/wp\/v2\/comments?post=6821"}],"wp:featuredmedia":[{"embeddable":true,"href":"https:\/\/butterfly-editions.com\/index.php\/wp-json\/wp\/v2\/media\/6864"}],"wp:attachment":[{"href":"https:\/\/butterfly-editions.com\/index.php\/wp-json\/wp\/v2\/media?parent=6821"}],"wp:term":[{"taxonomy":"product_brand","embeddable":true,"href":"https:\/\/butterfly-editions.com\/index.php\/wp-json\/wp\/v2\/product_brand?post=6821"},{"taxonomy":"product_cat","embeddable":true,"href":"https:\/\/butterfly-editions.com\/index.php\/wp-json\/wp\/v2\/product_cat?post=6821"},{"taxonomy":"product_tag","embeddable":true,"href":"https:\/\/butterfly-editions.com\/index.php\/wp-json\/wp\/v2\/product_tag?post=6821"}],"curies":[{"name":"wp","href":"https:\/\/api.w.org\/{rel}","templated":true}]}}