{"id":6819,"date":"2024-09-01T13:45:45","date_gmt":"2024-09-01T12:45:45","guid":{"rendered":"https:\/\/butterfly-editions.com\/?post_type=product&#038;p=6819"},"modified":"2024-09-01T13:46:23","modified_gmt":"2024-09-01T12:46:23","slug":"le-roi-cruel-mersika-m","status":"publish","type":"product","link":"https:\/\/butterfly-editions.com\/index.php\/produit\/le-roi-cruel-mersika-m\/","title":{"rendered":"Le Roi Cruel &#8211; Mersika M."},"content":{"rendered":"<p><strong>Dark Romance, pour un public averti.<\/p>\n<p>&#8212;&#8212;&#8212;&#8212;&#8212;<\/p>\n<p>Lui me jure l\u2019amour \u00e9ternel&#8230; Il me retient contre mon gr\u00e9.<\/p>\n<p>Lui couvre mon lit de p\u00e9tales de roses&#8230; pour y cacher le sang de mon innocence.<\/p>\n<p>Lui m\u2019aime d\u2019un amour fou&#8230; et r\u00e9clame la m\u00eame chose.<\/p>\n<p>Non&#8230; il l\u2019exige.<\/p>\n<p>Et je suis contrainte \u00e0 l\u2019aimer&#8230;<\/strong><\/p>\n<p>Laure a grandi et vit dans le royaume du Roi Henri, p\u00e8re du Prince Hadriel. D\u2019ici peu de temps, ses parents voudront la marier, elle le sait. En attendant, elle veut profiter de l\u2019une de ses derni\u00e8res soir\u00e9es d\u2019innocence avec sa meilleure amie. Faisant le mur de leurs chambres respectives, elles rejoignent la f\u00eate de leur village.<\/p>\n<p>Sur place, la garde du Prince arrive rapidement. Ce dernier voit en Laure sa future princesse. Ne faisant fi de ses d\u00e9sirs, il l\u2019enl\u00e8ve et, d\u00e8s son arriv\u00e9e au ch\u00e2teau, il la pr\u00e9sente comme sa future femme. Peu importe ce qu\u2019elle souhaite, ce qu\u2019elle esp\u00e8re, elle sera son \u00e9pouse l\u00e9gitime d\u2019ici tr\u00e8s peu de temps.<\/p>\n<p>En attendant, il est bien d\u00e9cid\u00e9 \u00e0 lui apprendre ce que son futur r\u00f4le implique&#8230;<\/p>\n<p><em>Qu\u2019elle le veuille ou non, elle sera contrainte \u00e0 l\u2019aimer.<\/em><\/p>\n","protected":false},"excerpt":{"rendered":"<p>Dark Romance, pour un public averti. &#8212;&#8212;&#8212;&#8212;&#8212; Lui me jure l\u2019amour \u00e9ternel&#8230; Il me retient contre mon gr\u00e9. Lui couvre mon lit de p\u00e9tales de roses&#8230; pour y cacher le sang de mon innocence. Lui m\u2019aime d\u2019un amour fou&#8230; et r\u00e9clame la m\u00eame chose. Non&#8230; il l\u2019exige. Et je suis contrainte \u00e0 l\u2019aimer&#8230; Laure a [&hellip;]<\/p>\n","protected":false},"featured_media":6862,"comment_status":"open","ping_status":"closed","template":"","meta":{"_acf_changed":false,"content-type":""},"product_brand":[],"product_cat":[59],"product_tag":[],"class_list":{"0":"post-6819","1":"product","2":"type-product","3":"status-publish","4":"has-post-thumbnail","6":"product_cat-non-classe","8":"first","9":"instock","10":"taxable","11":"shipping-taxable","12":"purchasable","13":"product-type-simple"},"acf":{"auteur":"","date_parution":null,"bestseller":false,"librairie":false},"aioseo_notices":[],"_links":{"self":[{"href":"https:\/\/butterfly-editions.com\/index.php\/wp-json\/wp\/v2\/product\/6819","targetHints":{"allow":["GET"]}}],"collection":[{"href":"https:\/\/butterfly-editions.com\/index.php\/wp-json\/wp\/v2\/product"}],"about":[{"href":"https:\/\/butterfly-editions.com\/index.php\/wp-json\/wp\/v2\/types\/product"}],"replies":[{"embeddable":true,"href":"https:\/\/butterfly-editions.com\/index.php\/wp-json\/wp\/v2\/comments?post=6819"}],"wp:featuredmedia":[{"embeddable":true,"href":"https:\/\/butterfly-editions.com\/index.php\/wp-json\/wp\/v2\/media\/6862"}],"wp:attachment":[{"href":"https:\/\/butterfly-editions.com\/index.php\/wp-json\/wp\/v2\/media?parent=6819"}],"wp:term":[{"taxonomy":"product_brand","embeddable":true,"href":"https:\/\/butterfly-editions.com\/index.php\/wp-json\/wp\/v2\/product_brand?post=6819"},{"taxonomy":"product_cat","embeddable":true,"href":"https:\/\/butterfly-editions.com\/index.php\/wp-json\/wp\/v2\/product_cat?post=6819"},{"taxonomy":"product_tag","embeddable":true,"href":"https:\/\/butterfly-editions.com\/index.php\/wp-json\/wp\/v2\/product_tag?post=6819"}],"curies":[{"name":"wp","href":"https:\/\/api.w.org\/{rel}","templated":true}]}}