{"id":6815,"date":"2024-09-01T13:45:45","date_gmt":"2024-09-01T12:45:45","guid":{"rendered":"https:\/\/butterfly-editions.com\/?post_type=product&#038;p=6815"},"modified":"2024-09-01T13:46:17","modified_gmt":"2024-09-01T12:46:17","slug":"underground-4-verity-emilia-robinst","status":"publish","type":"product","link":"https:\/\/butterfly-editions.com\/index.php\/produit\/underground-4-verity-emilia-robinst\/","title":{"rendered":"Underground #4 &#8211; Verity &#8211; Emilia Robinst"},"content":{"rendered":"<p><em>Personne n\u2019\u00e9chappe \u00e0 son pass\u00e9. Pas m\u00eame les Lincoln !<\/em><\/p>\n<p>Deux ans apr\u00e8s la c\u00e9l\u00e8bre victoire d\u2019Om\u00e9ga, \u00e0 Las Vegas, face au Constrictor, Parker et Coleen sont plus amoureux que jamais. Gabe a repris ses \u00e9tudes. Stan et Debbie filent le parfait amour.<\/p>\n<p>Entour\u00e9 de sa fid\u00e8le \u00e9quipe, bien loin des magouilles ill\u00e9gales que Connor trafique dans son coin, Parker compte bien s\u2019imposer une nouvelle fois sur le ring, \u00e0 Chicago, pour la nouvelle saison de free-fight.<\/p>\n<p>Mais c\u2019est sans compter sur l\u2019arriv\u00e9e inopin\u00e9e d\u2019un nouvel ennemi qui semble pr\u00eat \u00e0 tout pour en d\u00e9coudre avec les Lincoln&#8230; au point de rebattre les cartes et de distribuer une nouvelle donne. L\u00e0, tapi dans l\u2019ombre, le danger les guette. Un \u00e0 Un.<\/p>\n<p>Dos au mur, pieds et poings li\u00e9s, loups et serpents, ennemis d\u2019autrefois, devront allier leurs forces pour prot\u00e9ger leur famille de cette menace, quitte \u00e0 d\u00e9couvrir une v\u00e9rit\u00e9 qui risque de tout faire voler en \u00e9clats&#8230;<\/p>\n","protected":false},"excerpt":{"rendered":"<p>Personne n\u2019\u00e9chappe \u00e0 son pass\u00e9. Pas m\u00eame les Lincoln ! Deux ans apr\u00e8s la c\u00e9l\u00e8bre victoire d\u2019Om\u00e9ga, \u00e0 Las Vegas, face au Constrictor, Parker et Coleen sont plus amoureux que jamais. Gabe a repris ses \u00e9tudes. Stan et Debbie filent le parfait amour. Entour\u00e9 de sa fid\u00e8le \u00e9quipe, bien loin des magouilles ill\u00e9gales que Connor [&hellip;]<\/p>\n","protected":false},"featured_media":6858,"comment_status":"open","ping_status":"closed","template":"","meta":{"_acf_changed":false,"content-type":""},"product_brand":[],"product_cat":[59],"product_tag":[],"class_list":{"0":"post-6815","1":"product","2":"type-product","3":"status-publish","4":"has-post-thumbnail","6":"product_cat-non-classe","8":"first","9":"instock","10":"taxable","11":"shipping-taxable","12":"purchasable","13":"product-type-simple"},"acf":{"auteur":"","date_parution":null,"bestseller":false,"librairie":false},"aioseo_notices":[],"_links":{"self":[{"href":"https:\/\/butterfly-editions.com\/index.php\/wp-json\/wp\/v2\/product\/6815","targetHints":{"allow":["GET"]}}],"collection":[{"href":"https:\/\/butterfly-editions.com\/index.php\/wp-json\/wp\/v2\/product"}],"about":[{"href":"https:\/\/butterfly-editions.com\/index.php\/wp-json\/wp\/v2\/types\/product"}],"replies":[{"embeddable":true,"href":"https:\/\/butterfly-editions.com\/index.php\/wp-json\/wp\/v2\/comments?post=6815"}],"wp:featuredmedia":[{"embeddable":true,"href":"https:\/\/butterfly-editions.com\/index.php\/wp-json\/wp\/v2\/media\/6858"}],"wp:attachment":[{"href":"https:\/\/butterfly-editions.com\/index.php\/wp-json\/wp\/v2\/media?parent=6815"}],"wp:term":[{"taxonomy":"product_brand","embeddable":true,"href":"https:\/\/butterfly-editions.com\/index.php\/wp-json\/wp\/v2\/product_brand?post=6815"},{"taxonomy":"product_cat","embeddable":true,"href":"https:\/\/butterfly-editions.com\/index.php\/wp-json\/wp\/v2\/product_cat?post=6815"},{"taxonomy":"product_tag","embeddable":true,"href":"https:\/\/butterfly-editions.com\/index.php\/wp-json\/wp\/v2\/product_tag?post=6815"}],"curies":[{"name":"wp","href":"https:\/\/api.w.org\/{rel}","templated":true}]}}