{"id":6813,"date":"2024-09-01T13:45:44","date_gmt":"2024-09-01T12:45:44","guid":{"rendered":"https:\/\/butterfly-editions.com\/?post_type=product&#038;p=6813"},"modified":"2026-01-28T17:10:11","modified_gmt":"2026-01-28T16:10:11","slug":"impitoyable-boss-christy-allan","status":"publish","type":"product","link":"https:\/\/butterfly-editions.com\/index.php\/produit\/impitoyable-boss-christy-allan\/","title":{"rendered":"Impitoyable Boss"},"content":{"rendered":"<p><strong>Sombre, secret, dangereux&#8230; et terriblement sexy !<\/strong><\/p>\n<p>Dimitri n\u2019est pas du genre \u00e0 s\u2019attacher, se poser.<\/p>\n<p><em>Les femmes ?<\/em> Une distraction passag\u00e8re dont il oublie tr\u00e8s vite les pr\u00e9noms.<\/p>\n<p><em>Son seul souci ? <\/em>G\u00e9rer son business d\u2019une main de ma\u00eetre&#8230; sans omettre son activit\u00e9 annexe que seules tr\u00e8s peu de personnes connaissent. Et pour cause&#8230;<\/p>\n<p>Quand Nina toque \u00e0 sa porte, lui annon\u00e7ant qu\u2019il est le p\u00e8re de sa fille, ses certitudes s\u2019effondrent. Cette jeune femme, il ne s\u2019en souvient m\u00eame pas ! Attirante et \u00e9nervante comme elle est, il devrait au moins se rappeler d\u2019elle ! Et un enfant ? S\u2019en occuper semble bien plus ardu que le danger auquel il est confront\u00e9 chaque jour&#8230;<\/p>\n<p>Attention, une nuit d\u2019amour passag\u00e8re, sous l\u2019emprise de l\u2019alcool, peut mener, des ann\u00e9es plus tard, \u00e0 des retrouvailles explosives !<\/p>\n<p><em>Dans tous les sens du terme&#8230;<\/em><\/p>\n","protected":false},"excerpt":{"rendered":"<p>Sombre, secret, dangereux&#8230; et terriblement sexy ! Dimitri n\u2019est pas du genre \u00e0 s\u2019attacher, se poser. Les femmes ? Une distraction passag\u00e8re dont il oublie tr\u00e8s vite les pr\u00e9noms. Son seul souci ? G\u00e9rer son business d\u2019une main de ma\u00eetre&#8230; sans omettre son activit\u00e9 annexe que seules tr\u00e8s peu de personnes connaissent. Et pour cause&#8230; [&hellip;]<\/p>\n","protected":false},"featured_media":6856,"comment_status":"open","ping_status":"closed","template":"","meta":{"_acf_changed":false,"content-type":""},"product_brand":[],"product_cat":[461],"product_tag":[],"class_list":{"0":"post-6813","1":"product","2":"type-product","3":"status-publish","4":"has-post-thumbnail","6":"product_cat-romance-contemporaine","8":"first","9":"instock","10":"taxable","11":"shipping-taxable","12":"purchasable","13":"product-type-variable"},"acf":{"auteur":"Christy Allan","date_parution":"20230315","bestseller":true,"librairie":false},"aioseo_notices":[],"_links":{"self":[{"href":"https:\/\/butterfly-editions.com\/index.php\/wp-json\/wp\/v2\/product\/6813","targetHints":{"allow":["GET"]}}],"collection":[{"href":"https:\/\/butterfly-editions.com\/index.php\/wp-json\/wp\/v2\/product"}],"about":[{"href":"https:\/\/butterfly-editions.com\/index.php\/wp-json\/wp\/v2\/types\/product"}],"replies":[{"embeddable":true,"href":"https:\/\/butterfly-editions.com\/index.php\/wp-json\/wp\/v2\/comments?post=6813"}],"wp:featuredmedia":[{"embeddable":true,"href":"https:\/\/butterfly-editions.com\/index.php\/wp-json\/wp\/v2\/media\/6856"}],"wp:attachment":[{"href":"https:\/\/butterfly-editions.com\/index.php\/wp-json\/wp\/v2\/media?parent=6813"}],"wp:term":[{"taxonomy":"product_brand","embeddable":true,"href":"https:\/\/butterfly-editions.com\/index.php\/wp-json\/wp\/v2\/product_brand?post=6813"},{"taxonomy":"product_cat","embeddable":true,"href":"https:\/\/butterfly-editions.com\/index.php\/wp-json\/wp\/v2\/product_cat?post=6813"},{"taxonomy":"product_tag","embeddable":true,"href":"https:\/\/butterfly-editions.com\/index.php\/wp-json\/wp\/v2\/product_tag?post=6813"}],"curies":[{"name":"wp","href":"https:\/\/api.w.org\/{rel}","templated":true}]}}