{"id":6812,"date":"2024-09-01T13:45:44","date_gmt":"2024-09-01T12:45:44","guid":{"rendered":"https:\/\/butterfly-editions.com\/?post_type=product&#038;p=6812"},"modified":"2024-09-01T13:46:12","modified_gmt":"2024-09-01T12:46:12","slug":"angel-ice-2-celine-chaudey","status":"publish","type":"product","link":"https:\/\/butterfly-editions.com\/index.php\/produit\/angel-ice-2-celine-chaudey\/","title":{"rendered":"Angel Ice #2 &#8211; C\u00e9line Chaudey"},"content":{"rendered":"<p><strong>Un BOSS richissime, pris entre deux feux.<\/p>\n<p>Une \u00e9tudiante perdue.<\/p>\n<p>Une relation amoureuse naissante&#8230; sous tr\u00e8s haute tension.<\/strong><\/p>\n<p>Percut\u00e9e par une voiture, Angela est emmen\u00e9e en urgence \u00e0 l\u2019h\u00f4pital.<\/p>\n<p>Nathaniel, paniqu\u00e9, ne peut imaginer la perdre.<\/p>\n<p>Entre cet accident, ses parents qui ne cautionnent pas leur relation, le pass\u00e9 d\u2019Angela qui les rattrape, il ne sait plus o\u00f9 donner de la t\u00eate. \u00c0 qui accorder sa confiance.<\/p>\n<p>Rapidement, il comprend que le pire n\u2019est pas derri\u00e8re eux, mais \u00e0 venir.<\/p>\n<p><em>Dans ces moments de doute, de peur, d\u2019incertitude, l\u2019amour peut-il triompher de tout ?<\/em><\/p>\n","protected":false},"excerpt":{"rendered":"<p>Un BOSS richissime, pris entre deux feux. Une \u00e9tudiante perdue. Une relation amoureuse naissante&#8230; sous tr\u00e8s haute tension. Percut\u00e9e par une voiture, Angela est emmen\u00e9e en urgence \u00e0 l\u2019h\u00f4pital. Nathaniel, paniqu\u00e9, ne peut imaginer la perdre. Entre cet accident, ses parents qui ne cautionnent pas leur relation, le pass\u00e9 d\u2019Angela qui les rattrape, il ne [&hellip;]<\/p>\n","protected":false},"featured_media":6855,"comment_status":"open","ping_status":"closed","template":"","meta":{"_acf_changed":false,"content-type":""},"product_brand":[],"product_cat":[59],"product_tag":[],"class_list":{"0":"post-6812","1":"product","2":"type-product","3":"status-publish","4":"has-post-thumbnail","6":"product_cat-non-classe","8":"first","9":"instock","10":"taxable","11":"shipping-taxable","12":"purchasable","13":"product-type-simple"},"acf":{"auteur":"","date_parution":null,"bestseller":false,"librairie":false},"aioseo_notices":[],"_links":{"self":[{"href":"https:\/\/butterfly-editions.com\/index.php\/wp-json\/wp\/v2\/product\/6812","targetHints":{"allow":["GET"]}}],"collection":[{"href":"https:\/\/butterfly-editions.com\/index.php\/wp-json\/wp\/v2\/product"}],"about":[{"href":"https:\/\/butterfly-editions.com\/index.php\/wp-json\/wp\/v2\/types\/product"}],"replies":[{"embeddable":true,"href":"https:\/\/butterfly-editions.com\/index.php\/wp-json\/wp\/v2\/comments?post=6812"}],"wp:featuredmedia":[{"embeddable":true,"href":"https:\/\/butterfly-editions.com\/index.php\/wp-json\/wp\/v2\/media\/6855"}],"wp:attachment":[{"href":"https:\/\/butterfly-editions.com\/index.php\/wp-json\/wp\/v2\/media?parent=6812"}],"wp:term":[{"taxonomy":"product_brand","embeddable":true,"href":"https:\/\/butterfly-editions.com\/index.php\/wp-json\/wp\/v2\/product_brand?post=6812"},{"taxonomy":"product_cat","embeddable":true,"href":"https:\/\/butterfly-editions.com\/index.php\/wp-json\/wp\/v2\/product_cat?post=6812"},{"taxonomy":"product_tag","embeddable":true,"href":"https:\/\/butterfly-editions.com\/index.php\/wp-json\/wp\/v2\/product_tag?post=6812"}],"curies":[{"name":"wp","href":"https:\/\/api.w.org\/{rel}","templated":true}]}}