{"id":6796,"date":"2024-09-01T13:45:22","date_gmt":"2024-09-01T12:45:22","guid":{"rendered":"https:\/\/butterfly-editions.com\/?post_type=product&#038;p=6796"},"modified":"2024-09-01T13:46:05","modified_gmt":"2024-09-01T12:46:05","slug":"mon-pire-deal-sexfriends-only-eva-baldaras","status":"publish","type":"product","link":"https:\/\/butterfly-editions.com\/index.php\/produit\/mon-pire-deal-sexfriends-only-eva-baldaras\/","title":{"rendered":"Mon pire deal, sexfriends only &#8211; Eva Baldaras"},"content":{"rendered":"<p><strong>Rom\u00e9o, grand sportif, r\u00eave de tomber amoureux.<\/p>\n<p>Juliette, m\u00e9decin, refuse de s\u2019attacher.<\/p>\n<p>Un deal&#8230; improbable, chaud, sexy et&#8230; hautement interdit.<\/strong><\/p>\n<p>Rom\u00e9o, vingt-quatre ans, attend le grand amour. Pompier, il rencontre Juliette au d\u00e9tour d\u2019une gare, puis lors d\u2019une intervention avant de la retrouver lors d&rsquo;un d\u00eener d\u2019amis communs.<\/p>\n<p>Elle lui pla\u00eet. Il la charme comme aucun autre&#8230; depuis qu\u2019elle a \u00e9t\u00e9 abandonn\u00e9e par celui qu&rsquo;elle pensait \u00eatre l&rsquo;homme de sa vie. L\u2019amour ? Plus jamais ! Elle se l\u2019est promis !<\/p>\n<p>L\u2019attirance \u00e9tant plus forte que tout, ils d\u00e9cident de conclure un contrat : sexfriends no limit jusqu\u2019\u00e0 ce que Rom\u00e9o rencontre enfin le vrai amour.<\/p>\n<p>Sur le papier, tout semble parfait&#8230;<br \/>\n<em><br \/>\nEnfin, presque&#8230; car les sentiments et l\u2019interdit risquent de s\u2019en m\u00ealer au moment o\u00f9 ils s\u2019y attendent le moins&#8230;<\/em><\/p>\n","protected":false},"excerpt":{"rendered":"<p>Rom\u00e9o, grand sportif, r\u00eave de tomber amoureux. Juliette, m\u00e9decin, refuse de s\u2019attacher. Un deal&#8230; improbable, chaud, sexy et&#8230; hautement interdit. Rom\u00e9o, vingt-quatre ans, attend le grand amour. Pompier, il rencontre Juliette au d\u00e9tour d\u2019une gare, puis lors d\u2019une intervention avant de la retrouver lors d&rsquo;un d\u00eener d\u2019amis communs. Elle lui pla\u00eet. Il la charme comme [&hellip;]<\/p>\n","protected":false},"featured_media":6839,"comment_status":"open","ping_status":"closed","template":"","meta":{"_acf_changed":false,"content-type":""},"product_brand":[],"product_cat":[59],"product_tag":[],"class_list":{"0":"post-6796","1":"product","2":"type-product","3":"status-publish","4":"has-post-thumbnail","6":"product_cat-non-classe","8":"first","9":"instock","10":"taxable","11":"shipping-taxable","12":"purchasable","13":"product-type-simple"},"acf":{"auteur":"","date_parution":null,"bestseller":false,"librairie":false},"aioseo_notices":[],"_links":{"self":[{"href":"https:\/\/butterfly-editions.com\/index.php\/wp-json\/wp\/v2\/product\/6796","targetHints":{"allow":["GET"]}}],"collection":[{"href":"https:\/\/butterfly-editions.com\/index.php\/wp-json\/wp\/v2\/product"}],"about":[{"href":"https:\/\/butterfly-editions.com\/index.php\/wp-json\/wp\/v2\/types\/product"}],"replies":[{"embeddable":true,"href":"https:\/\/butterfly-editions.com\/index.php\/wp-json\/wp\/v2\/comments?post=6796"}],"wp:featuredmedia":[{"embeddable":true,"href":"https:\/\/butterfly-editions.com\/index.php\/wp-json\/wp\/v2\/media\/6839"}],"wp:attachment":[{"href":"https:\/\/butterfly-editions.com\/index.php\/wp-json\/wp\/v2\/media?parent=6796"}],"wp:term":[{"taxonomy":"product_brand","embeddable":true,"href":"https:\/\/butterfly-editions.com\/index.php\/wp-json\/wp\/v2\/product_brand?post=6796"},{"taxonomy":"product_cat","embeddable":true,"href":"https:\/\/butterfly-editions.com\/index.php\/wp-json\/wp\/v2\/product_cat?post=6796"},{"taxonomy":"product_tag","embeddable":true,"href":"https:\/\/butterfly-editions.com\/index.php\/wp-json\/wp\/v2\/product_tag?post=6796"}],"curies":[{"name":"wp","href":"https:\/\/api.w.org\/{rel}","templated":true}]}}