{"id":6793,"date":"2024-09-01T13:45:22","date_gmt":"2024-09-01T12:45:22","guid":{"rendered":"https:\/\/butterfly-editions.com\/?post_type=product&#038;p=6793"},"modified":"2026-01-27T14:59:54","modified_gmt":"2026-01-27T13:59:54","slug":"stepbrother-or-lovers-vanessa-degardin","status":"publish","type":"product","link":"https:\/\/butterfly-editions.com\/index.php\/produit\/stepbrother-or-lovers-vanessa-degardin\/","title":{"rendered":"Stepbrother or lovers ?"},"content":{"rendered":"<p><strong>Son stepbrother ? Un type arrogant, horripilant&#8230; mais terriblement attirant.<\/strong><\/p>\n<p>Capitaine de l\u2019\u00e9quipe de baseball, populaire aupr\u00e8s des filles, fils du Maire, Cruz a tout pour lui. Enfin, en apparence&#8230; Sous sa fa\u00e7ade parfaite se cachent une profonde col\u00e8re et d\u2019immenses f\u00ealures.<\/p>\n<p>Au moment o\u00f9 son regard croise celui de Gemma, nouvelle \u00e0 l\u2019universit\u00e9, elle repr\u00e9sente un d\u00e9fi plus qu\u2019int\u00e9ressant. Quoi qu\u2019il lui en co\u00fbte, il mettra dans son lit cette fille sexy. Elle a beau le repousser, il n\u2019est pas dupe : elle aussi le d\u00e9sire.<\/p>\n<p>\u00c0 la suite de d\u00e9g\u00e2ts dans le nouvel appartement de Gemma et de son p\u00e8re, Filip, celui de Cruz, propose de les h\u00e9berger. Quelle meilleure occasion pour arriver \u00e0 ses fins ?<\/p>\n<p>Sauf que&#8230; leurs deux paternels se rapprochent jusqu\u2019\u00e0 tomber amoureux, puis former un couple \u00e0 part enti\u00e8re&#8230; De simples colocataires \u00e0 demi-fr\u00e8re et s\u0153ur, il n\u2019y a qu\u2019un petit pas&#8230;<\/p>\n<p><em>Et lorsque les sentiments s\u2019en m\u00ealent, le jeu emprunte un nouveau tournant&#8230;<\/em><\/p>\n","protected":false},"excerpt":{"rendered":"<p>Son stepbrother ? Un type arrogant, horripilant&#8230; mais terriblement attirant. Capitaine de l\u2019\u00e9quipe de baseball, populaire aupr\u00e8s des filles, fils du Maire, Cruz a tout pour lui. Enfin, en apparence&#8230; Sous sa fa\u00e7ade parfaite se cachent une profonde col\u00e8re et d\u2019immenses f\u00ealures. Au moment o\u00f9 son regard croise celui de Gemma, nouvelle \u00e0 l\u2019universit\u00e9, elle [&hellip;]<\/p>\n","protected":false},"featured_media":6836,"comment_status":"open","ping_status":"closed","template":"","meta":{"_acf_changed":false,"content-type":""},"product_brand":[],"product_cat":[461],"product_tag":[487,510],"class_list":{"0":"post-6793","1":"product","2":"type-product","3":"status-publish","4":"has-post-thumbnail","6":"product_cat-romance-contemporaine","7":"product_tag-amour-interdit","8":"product_tag-stepbrother","10":"first","11":"instock","12":"taxable","13":"shipping-taxable","14":"purchasable","15":"product-type-variable"},"acf":{"auteur":"Vanessa Degardin","date_parution":"20230208","bestseller":true,"librairie":false},"aioseo_notices":[],"_links":{"self":[{"href":"https:\/\/butterfly-editions.com\/index.php\/wp-json\/wp\/v2\/product\/6793","targetHints":{"allow":["GET"]}}],"collection":[{"href":"https:\/\/butterfly-editions.com\/index.php\/wp-json\/wp\/v2\/product"}],"about":[{"href":"https:\/\/butterfly-editions.com\/index.php\/wp-json\/wp\/v2\/types\/product"}],"replies":[{"embeddable":true,"href":"https:\/\/butterfly-editions.com\/index.php\/wp-json\/wp\/v2\/comments?post=6793"}],"wp:featuredmedia":[{"embeddable":true,"href":"https:\/\/butterfly-editions.com\/index.php\/wp-json\/wp\/v2\/media\/6836"}],"wp:attachment":[{"href":"https:\/\/butterfly-editions.com\/index.php\/wp-json\/wp\/v2\/media?parent=6793"}],"wp:term":[{"taxonomy":"product_brand","embeddable":true,"href":"https:\/\/butterfly-editions.com\/index.php\/wp-json\/wp\/v2\/product_brand?post=6793"},{"taxonomy":"product_cat","embeddable":true,"href":"https:\/\/butterfly-editions.com\/index.php\/wp-json\/wp\/v2\/product_cat?post=6793"},{"taxonomy":"product_tag","embeddable":true,"href":"https:\/\/butterfly-editions.com\/index.php\/wp-json\/wp\/v2\/product_tag?post=6793"}],"curies":[{"name":"wp","href":"https:\/\/api.w.org\/{rel}","templated":true}]}}