{"id":6789,"date":"2024-09-01T13:45:21","date_gmt":"2024-09-01T12:45:21","guid":{"rendered":"https:\/\/butterfly-editions.com\/?post_type=product&#038;p=6789"},"modified":"2026-01-28T17:54:19","modified_gmt":"2026-01-28T16:54:19","slug":"not-devious-ellie-ach","status":"publish","type":"product","link":"https:\/\/butterfly-editions.com\/index.php\/produit\/not-devious-ellie-ach\/","title":{"rendered":"Devious Souls T3 &#8211; Not Devious"},"content":{"rendered":"<p><strong>Son tr\u00f4ne de Pr\u00e9sident ne tient qu\u2019\u00e0 un fil.<\/strong><\/p>\n<p>Elle est l\u2019une des filles du club adverse.<\/p>\n<p>Et si l\u2019interdit ne demandait qu\u2019\u00e0 \u00eatre brav\u00e9 ?<\/p>\n<p>Jiro, homme aussi \u00e9nigmatique que sombre, ch\u00e9rit son tr\u00f4ne du Japan Motors Club. Mais pour sauver sa peau, une mutinerie interne le contraint \u00e0 fuir.<\/p>\n<p>Gravement bless\u00e9, il parvient \u00e0 se r\u00e9fugier chez les Devious Souls, dirig\u00e9 par son jumeau Hiro.<\/p>\n<p>Soign\u00e9 par India, jeune femme au temp\u00e9rament de feu, il se remet doucement sur pied. Entre eux, c\u2019est \u00e9lectrique, volcanique, interdit&#8230; mais surtout tr\u00e8s dangereux.<\/p>\n<p><em>Attention, le Japan Motors Club veille, bien d\u00e9cid\u00e9 \u00e0 finir le travail, quitte \u00e0 \u00e9liminer tous ceux et celles qui se mettront sur son chemin&#8230;<\/em><\/p>\n","protected":false},"excerpt":{"rendered":"<p>Son tr\u00f4ne de Pr\u00e9sident ne tient qu\u2019\u00e0 un fil. Elle est l\u2019une des filles du club adverse. Et si l\u2019interdit ne demandait qu\u2019\u00e0 \u00eatre brav\u00e9 ? Jiro, homme aussi \u00e9nigmatique que sombre, ch\u00e9rit son tr\u00f4ne du Japan Motors Club. Mais pour sauver sa peau, une mutinerie interne le contraint \u00e0 fuir. Gravement bless\u00e9, il parvient [&hellip;]<\/p>\n","protected":false},"featured_media":6832,"comment_status":"open","ping_status":"closed","template":"","meta":{"_acf_changed":false,"content-type":""},"product_brand":[],"product_cat":[466],"product_tag":[470],"class_list":{"0":"post-6789","1":"product","2":"type-product","3":"status-publish","4":"has-post-thumbnail","6":"product_cat-romance-sombre","7":"product_tag-bikers","9":"first","10":"instock","11":"taxable","12":"shipping-taxable","13":"purchasable","14":"product-type-variable"},"acf":{"auteur":"Ellie Ach","date_parution":"20221202","bestseller":false,"librairie":false},"aioseo_notices":[],"_links":{"self":[{"href":"https:\/\/butterfly-editions.com\/index.php\/wp-json\/wp\/v2\/product\/6789","targetHints":{"allow":["GET"]}}],"collection":[{"href":"https:\/\/butterfly-editions.com\/index.php\/wp-json\/wp\/v2\/product"}],"about":[{"href":"https:\/\/butterfly-editions.com\/index.php\/wp-json\/wp\/v2\/types\/product"}],"replies":[{"embeddable":true,"href":"https:\/\/butterfly-editions.com\/index.php\/wp-json\/wp\/v2\/comments?post=6789"}],"wp:featuredmedia":[{"embeddable":true,"href":"https:\/\/butterfly-editions.com\/index.php\/wp-json\/wp\/v2\/media\/6832"}],"wp:attachment":[{"href":"https:\/\/butterfly-editions.com\/index.php\/wp-json\/wp\/v2\/media?parent=6789"}],"wp:term":[{"taxonomy":"product_brand","embeddable":true,"href":"https:\/\/butterfly-editions.com\/index.php\/wp-json\/wp\/v2\/product_brand?post=6789"},{"taxonomy":"product_cat","embeddable":true,"href":"https:\/\/butterfly-editions.com\/index.php\/wp-json\/wp\/v2\/product_cat?post=6789"},{"taxonomy":"product_tag","embeddable":true,"href":"https:\/\/butterfly-editions.com\/index.php\/wp-json\/wp\/v2\/product_tag?post=6789"}],"curies":[{"name":"wp","href":"https:\/\/api.w.org\/{rel}","templated":true}]}}