{"id":6776,"date":"2024-09-01T13:44:59","date_gmt":"2024-09-01T12:44:59","guid":{"rendered":"https:\/\/butterfly-editions.com\/?post_type=product&#038;p=6776"},"modified":"2024-09-01T13:45:49","modified_gmt":"2024-09-01T12:45:49","slug":"ames-jumelles-sianna-milano","status":"publish","type":"product","link":"https:\/\/butterfly-editions.com\/index.php\/produit\/ames-jumelles-sianna-milano\/","title":{"rendered":"\u00c2mes jumelles &#8211; Sianna Milano"},"content":{"rendered":"<p><strong>Une temp\u00eate aux yeux noirs et \u00e0 la peau tatou\u00e9e va faire chavirer son c\u0153ur&#8230;<\/strong><\/p>\n<p>Katarina vit une existence paisible aux c\u00f4t\u00e9s de Thomas. Cela ne l\u2019emp\u00eache pas de se souvenir d\u2019o\u00f9 elle vient : la rue, la mort pr\u00e9matur\u00e9e de sa m\u00e8re, les foyers&#8230;<\/p>\n<p>Lorsque Milann, le client de Logan, leur meilleur ami avocat, se retrouve sans domicile fixe, elle n\u2019h\u00e9site pas \u00e0 l\u2019h\u00e9berger sous leur toit, esp\u00e9rant lui offrir ainsi la chance de prendre un nouveau d\u00e9part. Rapidement, ses piques et ses regards ne la laissent pas indiff\u00e9rente. Mieux que personne, il est en mesure de comprendre ses f\u00ealures. Surtout&#8230; il est le feu quand Thomas, de plus en plus absent et rigide, est la glace.<\/p>\n<p><em>Entre \u00eatre attir\u00e9e et succomber, il n\u2019y a qu\u2019un petit pas&#8230; et plus aucun retour en arri\u00e8re possible&#8230;<\/em><\/p>\n","protected":false},"excerpt":{"rendered":"<p>Une temp\u00eate aux yeux noirs et \u00e0 la peau tatou\u00e9e va faire chavirer son c\u0153ur&#8230; Katarina vit une existence paisible aux c\u00f4t\u00e9s de Thomas. Cela ne l\u2019emp\u00eache pas de se souvenir d\u2019o\u00f9 elle vient : la rue, la mort pr\u00e9matur\u00e9e de sa m\u00e8re, les foyers&#8230; Lorsque Milann, le client de Logan, leur meilleur ami avocat, [&hellip;]<\/p>\n","protected":false},"featured_media":6830,"comment_status":"open","ping_status":"closed","template":"","meta":{"_acf_changed":false,"content-type":""},"product_brand":[],"product_cat":[59],"product_tag":[],"class_list":{"0":"post-6776","1":"product","2":"type-product","3":"status-publish","4":"has-post-thumbnail","6":"product_cat-non-classe","8":"first","9":"instock","10":"taxable","11":"shipping-taxable","12":"purchasable","13":"product-type-simple"},"acf":{"auteur":"","date_parution":null,"bestseller":false,"librairie":false},"aioseo_notices":[],"_links":{"self":[{"href":"https:\/\/butterfly-editions.com\/index.php\/wp-json\/wp\/v2\/product\/6776","targetHints":{"allow":["GET"]}}],"collection":[{"href":"https:\/\/butterfly-editions.com\/index.php\/wp-json\/wp\/v2\/product"}],"about":[{"href":"https:\/\/butterfly-editions.com\/index.php\/wp-json\/wp\/v2\/types\/product"}],"replies":[{"embeddable":true,"href":"https:\/\/butterfly-editions.com\/index.php\/wp-json\/wp\/v2\/comments?post=6776"}],"wp:featuredmedia":[{"embeddable":true,"href":"https:\/\/butterfly-editions.com\/index.php\/wp-json\/wp\/v2\/media\/6830"}],"wp:attachment":[{"href":"https:\/\/butterfly-editions.com\/index.php\/wp-json\/wp\/v2\/media?parent=6776"}],"wp:term":[{"taxonomy":"product_brand","embeddable":true,"href":"https:\/\/butterfly-editions.com\/index.php\/wp-json\/wp\/v2\/product_brand?post=6776"},{"taxonomy":"product_cat","embeddable":true,"href":"https:\/\/butterfly-editions.com\/index.php\/wp-json\/wp\/v2\/product_cat?post=6776"},{"taxonomy":"product_tag","embeddable":true,"href":"https:\/\/butterfly-editions.com\/index.php\/wp-json\/wp\/v2\/product_tag?post=6776"}],"curies":[{"name":"wp","href":"https:\/\/api.w.org\/{rel}","templated":true}]}}