{"id":6773,"date":"2024-09-01T13:44:58","date_gmt":"2024-09-01T12:44:58","guid":{"rendered":"https:\/\/butterfly-editions.com\/?post_type=product&#038;p=6773"},"modified":"2026-01-27T15:43:35","modified_gmt":"2026-01-27T14:43:35","slug":"dont-hide-from-me-vanessa-degardin","status":"publish","type":"product","link":"https:\/\/butterfly-editions.com\/index.php\/produit\/dont-hide-from-me-vanessa-degardin\/","title":{"rendered":"Don&rsquo;t hide from me"},"content":{"rendered":"<p><strong>Un d\u00e9sir incontr\u00f4lable, interdit, puissant&#8230;<\/strong><\/p>\n<p>Cyrus, t\u00e9n\u00e9breux bad boy et \u00e9corch\u00e9 de la vie, parvient, gr\u00e2ce \u00e0 son intelligence hors normes, \u00e0 int\u00e9grer une prestigieuse universit\u00e9 anglaise.<\/p>\n<p>Son homosexualit\u00e9 ? Peu importent les valeurs ancestrales de sa nouvelle facult\u00e9, il ne craint pas d\u2019assumer qui il est.<\/p>\n<p>Ses conqu\u00eates ? Un soir, jamais plus.<\/p>\n<p>Sa nouvelle proie ? Jared, le fils du doyen. Sublime, sexy, carr\u00e9ment \u00e0 tomber.<\/p>\n<p>Ce dernier a beau le d\u00e9tester, Cyrus n\u2019a pas dit son dernier mot. Derri\u00e8re les yeux bleu lagon de cet \u00e9l\u00e8ve bien sous tous rapports se cachent de profondes f\u00ealures. Il est bien d\u00e9cid\u00e9 \u00e0 les percer \u00e0 jour pour mieux le s\u00e9duire&#8230;<\/p>\n<p><em>Et si, contre toute attente, le jeu finissait par se retourner contre lui ?<\/em><\/p>\n","protected":false},"excerpt":{"rendered":"<p>Un d\u00e9sir incontr\u00f4lable, interdit, puissant&#8230; Cyrus, t\u00e9n\u00e9breux bad boy et \u00e9corch\u00e9 de la vie, parvient, gr\u00e2ce \u00e0 son intelligence hors normes, \u00e0 int\u00e9grer une prestigieuse universit\u00e9 anglaise. Son homosexualit\u00e9 ? Peu importent les valeurs ancestrales de sa nouvelle facult\u00e9, il ne craint pas d\u2019assumer qui il est. Ses conqu\u00eates ? Un soir, jamais plus. Sa [&hellip;]<\/p>\n","protected":false},"featured_media":6810,"comment_status":"open","ping_status":"closed","template":"","meta":{"_acf_changed":false,"content-type":""},"product_brand":[],"product_cat":[461],"product_tag":[],"class_list":{"0":"post-6773","1":"product","2":"type-product","3":"status-publish","4":"has-post-thumbnail","6":"product_cat-romance-contemporaine","8":"first","9":"instock","10":"taxable","11":"shipping-taxable","12":"purchasable","13":"product-type-variable"},"acf":{"auteur":"Vanessa Degardin","date_parution":"20221007","bestseller":false,"librairie":false},"aioseo_notices":[],"_links":{"self":[{"href":"https:\/\/butterfly-editions.com\/index.php\/wp-json\/wp\/v2\/product\/6773","targetHints":{"allow":["GET"]}}],"collection":[{"href":"https:\/\/butterfly-editions.com\/index.php\/wp-json\/wp\/v2\/product"}],"about":[{"href":"https:\/\/butterfly-editions.com\/index.php\/wp-json\/wp\/v2\/types\/product"}],"replies":[{"embeddable":true,"href":"https:\/\/butterfly-editions.com\/index.php\/wp-json\/wp\/v2\/comments?post=6773"}],"wp:featuredmedia":[{"embeddable":true,"href":"https:\/\/butterfly-editions.com\/index.php\/wp-json\/wp\/v2\/media\/6810"}],"wp:attachment":[{"href":"https:\/\/butterfly-editions.com\/index.php\/wp-json\/wp\/v2\/media?parent=6773"}],"wp:term":[{"taxonomy":"product_brand","embeddable":true,"href":"https:\/\/butterfly-editions.com\/index.php\/wp-json\/wp\/v2\/product_brand?post=6773"},{"taxonomy":"product_cat","embeddable":true,"href":"https:\/\/butterfly-editions.com\/index.php\/wp-json\/wp\/v2\/product_cat?post=6773"},{"taxonomy":"product_tag","embeddable":true,"href":"https:\/\/butterfly-editions.com\/index.php\/wp-json\/wp\/v2\/product_tag?post=6773"}],"curies":[{"name":"wp","href":"https:\/\/api.w.org\/{rel}","templated":true}]}}