{"id":6767,"date":"2024-09-01T13:44:58","date_gmt":"2024-09-01T12:44:58","guid":{"rendered":"https:\/\/butterfly-editions.com\/?post_type=product&#038;p=6767"},"modified":"2024-09-01T13:45:38","modified_gmt":"2024-09-01T12:45:38","slug":"sexy-santa-de-karine-marce","status":"publish","type":"product","link":"https:\/\/butterfly-editions.com\/index.php\/produit\/sexy-santa-de-karine-marce\/","title":{"rendered":"Sexy SANTA de Karine Marc\u00e9"},"content":{"rendered":"<p><strong>Un No\u00ebl sous haute tension, aux c\u00f4t\u00e9s d\u2019un p\u00e8re No\u00ebl aussi d\u00e9testable que sexy !<\/strong><\/p>\n<p>\u00c0 l\u2019approche de No\u00ebl, Ian Rush d\u00e9gote un nouveau job : endosser le r\u00f4le du p\u00e8re No\u00ebl dans un stand de confiseries sur le march\u00e9 de No\u00ebl.<\/p>\n<p><em>Le hic ?<\/em> Sa coll\u00e8gue, Alice, une ancienne camarade de lyc\u00e9e, qui collectionne les affreux pulls et robes de No\u00ebl.<\/p>\n<p>Alice n\u2019a pas oubli\u00e9 ce type, celui qu&rsquo;elle d\u00e9teste le plus au monde. Elle est d\u00e9cid\u00e9e \u00e0 profiter du temps qu&rsquo;ils passeront ensemble pour se venger des bassesses qu&rsquo;il lui a fait subir au lyc\u00e9e.<\/p>\n<p><em>Le hic ?<\/em> Ian est toujours l&rsquo;homme le plus beau et le plus sexy qui lui ait \u00e9t\u00e9 donn\u00e9 de rencontrer.<\/p>\n<p>Lorsqu&rsquo;elle apprend qu&rsquo;il convoite, lui aussi, le titre supr\u00eame du concours de patinage artistique dont le prix n&rsquo;est autre que son r\u00eave le plus cher, rien ne va plus ! Alice est r\u00e9solue \u00e0 se d\u00e9barrasser de lui, et ce, quoi qu&rsquo;il advienne.<\/p>\n<p><em>Parviendra-t-elle \u00e0 rester de marbre devant le diaboliquement sexy Ian Rush&#8230; ou flanchera-t-elle ?<\/em><\/p>\n","protected":false},"excerpt":{"rendered":"<p>Un No\u00ebl sous haute tension, aux c\u00f4t\u00e9s d\u2019un p\u00e8re No\u00ebl aussi d\u00e9testable que sexy ! \u00c0 l\u2019approche de No\u00ebl, Ian Rush d\u00e9gote un nouveau job : endosser le r\u00f4le du p\u00e8re No\u00ebl dans un stand de confiseries sur le march\u00e9 de No\u00ebl. Le hic ? Sa coll\u00e8gue, Alice, une ancienne camarade de lyc\u00e9e, qui collectionne [&hellip;]<\/p>\n","protected":false},"featured_media":6808,"comment_status":"open","ping_status":"closed","template":"","meta":{"_acf_changed":false,"content-type":""},"product_brand":[],"product_cat":[59],"product_tag":[],"class_list":{"0":"post-6767","1":"product","2":"type-product","3":"status-publish","4":"has-post-thumbnail","6":"product_cat-non-classe","8":"first","9":"instock","10":"taxable","11":"shipping-taxable","12":"purchasable","13":"product-type-simple"},"acf":{"auteur":"","date_parution":null,"bestseller":false,"librairie":false},"aioseo_notices":[],"_links":{"self":[{"href":"https:\/\/butterfly-editions.com\/index.php\/wp-json\/wp\/v2\/product\/6767","targetHints":{"allow":["GET"]}}],"collection":[{"href":"https:\/\/butterfly-editions.com\/index.php\/wp-json\/wp\/v2\/product"}],"about":[{"href":"https:\/\/butterfly-editions.com\/index.php\/wp-json\/wp\/v2\/types\/product"}],"replies":[{"embeddable":true,"href":"https:\/\/butterfly-editions.com\/index.php\/wp-json\/wp\/v2\/comments?post=6767"}],"wp:featuredmedia":[{"embeddable":true,"href":"https:\/\/butterfly-editions.com\/index.php\/wp-json\/wp\/v2\/media\/6808"}],"wp:attachment":[{"href":"https:\/\/butterfly-editions.com\/index.php\/wp-json\/wp\/v2\/media?parent=6767"}],"wp:term":[{"taxonomy":"product_brand","embeddable":true,"href":"https:\/\/butterfly-editions.com\/index.php\/wp-json\/wp\/v2\/product_brand?post=6767"},{"taxonomy":"product_cat","embeddable":true,"href":"https:\/\/butterfly-editions.com\/index.php\/wp-json\/wp\/v2\/product_cat?post=6767"},{"taxonomy":"product_tag","embeddable":true,"href":"https:\/\/butterfly-editions.com\/index.php\/wp-json\/wp\/v2\/product_tag?post=6767"}],"curies":[{"name":"wp","href":"https:\/\/api.w.org\/{rel}","templated":true}]}}