{"id":6765,"date":"2024-09-01T13:44:57","date_gmt":"2024-09-01T12:44:57","guid":{"rendered":"https:\/\/butterfly-editions.com\/?post_type=product&#038;p=6765"},"modified":"2024-09-01T13:45:35","modified_gmt":"2024-09-01T12:45:35","slug":"much-trouble-de-audrey-carliz","status":"publish","type":"product","link":"https:\/\/butterfly-editions.com\/index.php\/produit\/much-trouble-de-audrey-carliz\/","title":{"rendered":"Much trouble de Audrey Carliz"},"content":{"rendered":"<p><strong>Elle l\u2019agace autant qu\u2019elle l\u2019attire.<\/p>\n<p>Il lui pla\u00eet&#8230; mais elle ne peut pas succomber&#8230;<\/strong><\/p>\n<p>Declan, rockstar mondialement connue et adul\u00e9e, a tout pour \u00eatre heureux. Du moins, en apparences&#8230;<\/p>\n<p>Des musiciens qu\u2019il consid\u00e8re comme la famille qu\u2019il a perdue. Une c\u00e9l\u00e9brit\u00e9 envi\u00e9e de tous. Plus d\u2019argent qu\u2019il ne pourra jamais en d\u00e9penser. Et&#8230; cerise sur le g\u00e2teau : une fausse petite amie, lui \u00e9vitant ainsi d\u2019\u00eatre quotidiennement harcel\u00e9 par une horde d\u00e9cha\u00een\u00e9e de fans.<\/p>\n<p>Jusqu\u2019\u00e0 l\u2019arriv\u00e9e de Nina&#8230; cette maudite coiffeuse-visagiste, embauch\u00e9e pour le suivre sur sa tourn\u00e9e. S\u00e9duisante \u00e0 souhait, cette petite furie inaccessible le pousse dans ses pires retranchements, l\u2019amenant \u00e0 lui montrer son vrai visage. Celui qu\u2019il cache en permanence&#8230; au risque de faire remonter toute la noirceur qui sommeille en lui.<\/p>\n<p><em>Et si Nina repr\u00e9sentait la lumi\u00e8re au bout du tunnel ? Celle qu\u2019il a si longtemps esp\u00e9r\u00e9e sans y croire vraiment ?<\/em><\/p>\n","protected":false},"excerpt":{"rendered":"<p>Elle l\u2019agace autant qu\u2019elle l\u2019attire. Il lui pla\u00eet&#8230; mais elle ne peut pas succomber&#8230; Declan, rockstar mondialement connue et adul\u00e9e, a tout pour \u00eatre heureux. Du moins, en apparences&#8230; Des musiciens qu\u2019il consid\u00e8re comme la famille qu\u2019il a perdue. Une c\u00e9l\u00e9brit\u00e9 envi\u00e9e de tous. Plus d\u2019argent qu\u2019il ne pourra jamais en d\u00e9penser. Et&#8230; cerise sur [&hellip;]<\/p>\n","protected":false},"featured_media":6806,"comment_status":"open","ping_status":"closed","template":"","meta":{"_acf_changed":false,"content-type":""},"product_brand":[],"product_cat":[59],"product_tag":[],"class_list":{"0":"post-6765","1":"product","2":"type-product","3":"status-publish","4":"has-post-thumbnail","6":"product_cat-non-classe","8":"first","9":"instock","10":"taxable","11":"shipping-taxable","12":"purchasable","13":"product-type-simple"},"acf":{"auteur":"","date_parution":null,"bestseller":false,"librairie":false},"aioseo_notices":[],"_links":{"self":[{"href":"https:\/\/butterfly-editions.com\/index.php\/wp-json\/wp\/v2\/product\/6765","targetHints":{"allow":["GET"]}}],"collection":[{"href":"https:\/\/butterfly-editions.com\/index.php\/wp-json\/wp\/v2\/product"}],"about":[{"href":"https:\/\/butterfly-editions.com\/index.php\/wp-json\/wp\/v2\/types\/product"}],"replies":[{"embeddable":true,"href":"https:\/\/butterfly-editions.com\/index.php\/wp-json\/wp\/v2\/comments?post=6765"}],"wp:featuredmedia":[{"embeddable":true,"href":"https:\/\/butterfly-editions.com\/index.php\/wp-json\/wp\/v2\/media\/6806"}],"wp:attachment":[{"href":"https:\/\/butterfly-editions.com\/index.php\/wp-json\/wp\/v2\/media?parent=6765"}],"wp:term":[{"taxonomy":"product_brand","embeddable":true,"href":"https:\/\/butterfly-editions.com\/index.php\/wp-json\/wp\/v2\/product_brand?post=6765"},{"taxonomy":"product_cat","embeddable":true,"href":"https:\/\/butterfly-editions.com\/index.php\/wp-json\/wp\/v2\/product_cat?post=6765"},{"taxonomy":"product_tag","embeddable":true,"href":"https:\/\/butterfly-editions.com\/index.php\/wp-json\/wp\/v2\/product_tag?post=6765"}],"curies":[{"name":"wp","href":"https:\/\/api.w.org\/{rel}","templated":true}]}}