{"id":6750,"date":"2024-09-01T13:44:35","date_gmt":"2024-09-01T12:44:35","guid":{"rendered":"https:\/\/butterfly-editions.com\/?post_type=product&#038;p=6750"},"modified":"2024-09-01T13:45:32","modified_gmt":"2024-09-01T12:45:32","slug":"sensual-and-tattooed-de-ludivine-hart","status":"publish","type":"product","link":"https:\/\/butterfly-editions.com\/index.php\/produit\/sensual-and-tattooed-de-ludivine-hart\/","title":{"rendered":"Sensual and tattooed de Ludivine Hart"},"content":{"rendered":"<p><strong>Embrasser un inconnu ? Mauvaise id\u00e9e&#8230;<\/strong><\/p>\n<p>Lors d\u2019une soir\u00e9e arros\u00e9e, les amies d\u2019Avalanna la d\u00e9fient de r\u00e9aliser un pari fou. Malgr\u00e9 ses r\u00e9ticences, cette derni\u00e8re se jette \u00e0 l\u2019eau et embrasse ce sombre brun tatou\u00e9 \u00e0 la sensualit\u00e9 d\u00e9bordante qui ne cesse de la regarder.<\/p>\n<p>Alors qu\u2019elle ne pensait jamais le revoir, leurs routes se recroisent. Quelle n\u2019est pas sa surprise lorsqu\u2019elle d\u00e9couvre qu\u2019il s\u2019agit de Drew, le batteur du c\u00e9l\u00e8bre chanteur de rap Carson Parker.<\/p>\n<p>L\u2019attraction entre eux a beau \u00eatre imm\u00e9diate, deux obstacles se dressent devant eux : le lourd pass\u00e9 d\u2019Ava et la petite amie de Drew&#8230;<\/p>\n","protected":false},"excerpt":{"rendered":"<p>Embrasser un inconnu ? Mauvaise id\u00e9e&#8230; Lors d\u2019une soir\u00e9e arros\u00e9e, les amies d\u2019Avalanna la d\u00e9fient de r\u00e9aliser un pari fou. Malgr\u00e9 ses r\u00e9ticences, cette derni\u00e8re se jette \u00e0 l\u2019eau et embrasse ce sombre brun tatou\u00e9 \u00e0 la sensualit\u00e9 d\u00e9bordante qui ne cesse de la regarder. Alors qu\u2019elle ne pensait jamais le revoir, leurs routes se [&hellip;]<\/p>\n","protected":false},"featured_media":6804,"comment_status":"open","ping_status":"closed","template":"","meta":{"_acf_changed":false,"content-type":""},"product_brand":[],"product_cat":[59],"product_tag":[],"class_list":{"0":"post-6750","1":"product","2":"type-product","3":"status-publish","4":"has-post-thumbnail","6":"product_cat-non-classe","8":"first","9":"instock","10":"taxable","11":"shipping-taxable","12":"purchasable","13":"product-type-simple"},"acf":{"auteur":"","date_parution":null,"bestseller":false,"librairie":false},"aioseo_notices":[],"_links":{"self":[{"href":"https:\/\/butterfly-editions.com\/index.php\/wp-json\/wp\/v2\/product\/6750","targetHints":{"allow":["GET"]}}],"collection":[{"href":"https:\/\/butterfly-editions.com\/index.php\/wp-json\/wp\/v2\/product"}],"about":[{"href":"https:\/\/butterfly-editions.com\/index.php\/wp-json\/wp\/v2\/types\/product"}],"replies":[{"embeddable":true,"href":"https:\/\/butterfly-editions.com\/index.php\/wp-json\/wp\/v2\/comments?post=6750"}],"wp:featuredmedia":[{"embeddable":true,"href":"https:\/\/butterfly-editions.com\/index.php\/wp-json\/wp\/v2\/media\/6804"}],"wp:attachment":[{"href":"https:\/\/butterfly-editions.com\/index.php\/wp-json\/wp\/v2\/media?parent=6750"}],"wp:term":[{"taxonomy":"product_brand","embeddable":true,"href":"https:\/\/butterfly-editions.com\/index.php\/wp-json\/wp\/v2\/product_brand?post=6750"},{"taxonomy":"product_cat","embeddable":true,"href":"https:\/\/butterfly-editions.com\/index.php\/wp-json\/wp\/v2\/product_cat?post=6750"},{"taxonomy":"product_tag","embeddable":true,"href":"https:\/\/butterfly-editions.com\/index.php\/wp-json\/wp\/v2\/product_tag?post=6750"}],"curies":[{"name":"wp","href":"https:\/\/api.w.org\/{rel}","templated":true}]}}