{"id":6749,"date":"2024-09-01T13:44:34","date_gmt":"2024-09-01T12:44:34","guid":{"rendered":"https:\/\/butterfly-editions.com\/?post_type=product&#038;p=6749"},"modified":"2026-01-29T11:22:30","modified_gmt":"2026-01-29T10:22:30","slug":"luxury-de-mady-flynn","status":"publish","type":"product","link":"https:\/\/butterfly-editions.com\/index.php\/produit\/luxury-de-mady-flynn\/","title":{"rendered":"Luxury"},"content":{"rendered":"<p><strong>Chlo\u00e9&#8230; Christal&#8230; une double identit\u00e9 pour une m\u00eame femme.<\/strong><\/p>\n<p>Le jour, petite amie et employ\u00e9e mod\u00e8le.<\/p>\n<p>La nuit, escort-girl.<\/p>\n<p>Chlo\u00e9 n\u2019a qu\u2019un but : laisser Christal de c\u00f4t\u00e9. Recommencer une nouvelle vie, loin de son sombre pass\u00e9. Matt, avec qui elle r\u00eave de prendre un nouveau d\u00e9part, ne devra jamais d\u00e9couvrir quelle aura \u00e9t\u00e9 son autre identit\u00e9. Jamais.<\/p>\n<p>Pour que son souhait se r\u00e9alise, il lui reste un dernier d\u00e9tail \u00e0 r\u00e9gler, et pas des moindres : Gil, son meilleur client, doit lui rendre sa libert\u00e9. Accepter qu\u2019elle d\u00e9ploie ses ailes loin de lui, dans le plus grand secret. \u00c9galement loin de Brian, ce garde du corps qui la prot\u00e8ge des exc\u00e8s de la nuit quitte \u00e0 se mettre parfois en danger.<\/p>\n<p><em>Matt&#8230; Brian&#8230; Deux hommes, deux destins qui vont la pousser dans ses pires retranchements.<\/em><\/p>\n","protected":false},"excerpt":{"rendered":"<p>Chlo\u00e9&#8230; Christal&#8230; une double identit\u00e9 pour une m\u00eame femme. Le jour, petite amie et employ\u00e9e mod\u00e8le. La nuit, escort-girl. Chlo\u00e9 n\u2019a qu\u2019un but : laisser Christal de c\u00f4t\u00e9. Recommencer une nouvelle vie, loin de son sombre pass\u00e9. Matt, avec qui elle r\u00eave de prendre un nouveau d\u00e9part, ne devra jamais d\u00e9couvrir quelle aura \u00e9t\u00e9 son [&hellip;]<\/p>\n","protected":false},"featured_media":6803,"comment_status":"open","ping_status":"closed","template":"","meta":{"_acf_changed":false,"content-type":""},"product_brand":[],"product_cat":[461],"product_tag":[],"class_list":{"0":"post-6749","1":"product","2":"type-product","3":"status-publish","4":"has-post-thumbnail","6":"product_cat-romance-contemporaine","8":"first","9":"instock","10":"taxable","11":"shipping-taxable","12":"purchasable","13":"product-type-variable"},"acf":{"auteur":"Mady Flynn","date_parution":"20220624","bestseller":false,"librairie":false},"aioseo_notices":[],"_links":{"self":[{"href":"https:\/\/butterfly-editions.com\/index.php\/wp-json\/wp\/v2\/product\/6749","targetHints":{"allow":["GET"]}}],"collection":[{"href":"https:\/\/butterfly-editions.com\/index.php\/wp-json\/wp\/v2\/product"}],"about":[{"href":"https:\/\/butterfly-editions.com\/index.php\/wp-json\/wp\/v2\/types\/product"}],"replies":[{"embeddable":true,"href":"https:\/\/butterfly-editions.com\/index.php\/wp-json\/wp\/v2\/comments?post=6749"}],"wp:featuredmedia":[{"embeddable":true,"href":"https:\/\/butterfly-editions.com\/index.php\/wp-json\/wp\/v2\/media\/6803"}],"wp:attachment":[{"href":"https:\/\/butterfly-editions.com\/index.php\/wp-json\/wp\/v2\/media?parent=6749"}],"wp:term":[{"taxonomy":"product_brand","embeddable":true,"href":"https:\/\/butterfly-editions.com\/index.php\/wp-json\/wp\/v2\/product_brand?post=6749"},{"taxonomy":"product_cat","embeddable":true,"href":"https:\/\/butterfly-editions.com\/index.php\/wp-json\/wp\/v2\/product_cat?post=6749"},{"taxonomy":"product_tag","embeddable":true,"href":"https:\/\/butterfly-editions.com\/index.php\/wp-json\/wp\/v2\/product_tag?post=6749"}],"curies":[{"name":"wp","href":"https:\/\/api.w.org\/{rel}","templated":true}]}}