{"id":6747,"date":"2024-09-01T13:44:34","date_gmt":"2024-09-01T12:44:34","guid":{"rendered":"https:\/\/butterfly-editions.com\/?post_type=product&#038;p=6747"},"modified":"2024-09-01T13:45:27","modified_gmt":"2024-09-01T12:45:27","slug":"healing-desire-de-vinie-leoz","status":"publish","type":"product","link":"https:\/\/butterfly-editions.com\/index.php\/produit\/healing-desire-de-vinie-leoz\/","title":{"rendered":"HEALING Desire de Vinie Leoz"},"content":{"rendered":"<p>Nymphomane la nuit, D\u00e9borah multiplie les conqu\u00eates. Sa devise : aucun avenir, aucun sentiment, aucune attache. Juste l\u2019oubli. Infirmi\u00e8re le jour, D\u00e9b tente de maintenir sa carapace. Elle pense avoir trouv\u00e9 la solution en cachant ses blessures derri\u00e8re un r\u00f4le de femme forte jusqu\u2019\u00e0 ce qu\u2019elle rencontre Ange au d\u00e9tour d\u2019une machine \u00e0 caf\u00e9 de l\u2019h\u00f4pital.<\/p>\n<p>M\u00e9decin, amateur de caf\u00e9, Ange est vite troubl\u00e9 par la jeune femme et ne veut pas la laisser filer. Au premier regard, il la d\u00e9sire plus que de raison. Si D\u00e9borah pense rester ma\u00eetresse de sa vie, c\u2019\u00e9tait sans compter sur la d\u00e9termination du jeune homme qui ne compte rien l\u00e2cher&#8230;<\/p>\n<p>Et s\u2019il devenait sa plus grande faiblesse ?<\/p>\n<p><em>Pr\u00e9c\u00e9demment \u00e9dit\u00e9 sous le titre \u00ab\u00a0Irr\u00e9sistible d\u00e9sir\u00a0\u00bb.<\/em><\/p>\n","protected":false},"excerpt":{"rendered":"<p>Nymphomane la nuit, D\u00e9borah multiplie les conqu\u00eates. Sa devise : aucun avenir, aucun sentiment, aucune attache. Juste l\u2019oubli. Infirmi\u00e8re le jour, D\u00e9b tente de maintenir sa carapace. Elle pense avoir trouv\u00e9 la solution en cachant ses blessures derri\u00e8re un r\u00f4le de femme forte jusqu\u2019\u00e0 ce qu\u2019elle rencontre Ange au d\u00e9tour d\u2019une machine \u00e0 caf\u00e9 de [&hellip;]<\/p>\n","protected":false},"featured_media":6801,"comment_status":"open","ping_status":"closed","template":"","meta":{"_acf_changed":false,"content-type":""},"product_brand":[],"product_cat":[59],"product_tag":[],"class_list":{"0":"post-6747","1":"product","2":"type-product","3":"status-publish","4":"has-post-thumbnail","6":"product_cat-non-classe","8":"first","9":"instock","10":"taxable","11":"shipping-taxable","12":"purchasable","13":"product-type-simple"},"acf":{"auteur":"","date_parution":null,"bestseller":false,"librairie":false},"aioseo_notices":[],"_links":{"self":[{"href":"https:\/\/butterfly-editions.com\/index.php\/wp-json\/wp\/v2\/product\/6747","targetHints":{"allow":["GET"]}}],"collection":[{"href":"https:\/\/butterfly-editions.com\/index.php\/wp-json\/wp\/v2\/product"}],"about":[{"href":"https:\/\/butterfly-editions.com\/index.php\/wp-json\/wp\/v2\/types\/product"}],"replies":[{"embeddable":true,"href":"https:\/\/butterfly-editions.com\/index.php\/wp-json\/wp\/v2\/comments?post=6747"}],"wp:featuredmedia":[{"embeddable":true,"href":"https:\/\/butterfly-editions.com\/index.php\/wp-json\/wp\/v2\/media\/6801"}],"wp:attachment":[{"href":"https:\/\/butterfly-editions.com\/index.php\/wp-json\/wp\/v2\/media?parent=6747"}],"wp:term":[{"taxonomy":"product_brand","embeddable":true,"href":"https:\/\/butterfly-editions.com\/index.php\/wp-json\/wp\/v2\/product_brand?post=6747"},{"taxonomy":"product_cat","embeddable":true,"href":"https:\/\/butterfly-editions.com\/index.php\/wp-json\/wp\/v2\/product_cat?post=6747"},{"taxonomy":"product_tag","embeddable":true,"href":"https:\/\/butterfly-editions.com\/index.php\/wp-json\/wp\/v2\/product_tag?post=6747"}],"curies":[{"name":"wp","href":"https:\/\/api.w.org\/{rel}","templated":true}]}}