{"id":6746,"date":"2024-09-01T13:44:34","date_gmt":"2024-09-01T12:44:34","guid":{"rendered":"https:\/\/butterfly-editions.com\/?post_type=product&#038;p=6746"},"modified":"2024-09-01T13:45:26","modified_gmt":"2024-09-01T12:45:26","slug":"la-belle-au-bois-dormant-et-le-croque-mort-de-julie-will","status":"publish","type":"product","link":"https:\/\/butterfly-editions.com\/index.php\/produit\/la-belle-au-bois-dormant-et-le-croque-mort-de-julie-will\/","title":{"rendered":"La Belle au Bois Dormant&#8230; et le croque-mort de Julie Will"},"content":{"rendered":"<p><strong>Un black-out de cinq ans.<\/p>\n<p>Un futur mari qui s&rsquo;est fait la malle.<\/p>\n<p>Une vie enti\u00e8re \u00e0 reconstruire.<\/strong><\/p>\n<p>Quand Alix, fra\u00eechement trentenaire, se r\u00e9veille d&rsquo;un long coma, apr\u00e8s un accident, cinq ann\u00e9es se sont \u00e9coul\u00e9es. Son avenir, envol\u00e9 ; son fianc\u00e9, \u00e9clips\u00e9 ; sa grand-m\u00e8re ch\u00e9rie, d\u00e9c\u00e9d\u00e9e. Bref, rien ne va.<\/p>\n<p>Rebondir ? Oui, mais comment quand on a tout perdu ? Quand vos parents vous couvent comme une enfant de cinq ans ? Quand votre ex, d\u00e9sormais mari\u00e9 et p\u00e8re de famille, cherche \u00e0 renouer ? Quand votre s\u0153ur jumelle n\u2019a qu\u2019un objectif : vous sortir de votre \u00ab hibernation sexuelle \u00bb ?<\/p>\n<p>En se cachant derri\u00e8re un humour douteux, elle essaie de renouer avec un quotidien la laissant compl\u00e8tement d\u00e9sempar\u00e9e. Jusqu\u2019au jour o\u00f9 Logan, un sexy croque-mort, arrive \u00e0 choper son num\u00e9ro de t\u00e9l\u00e9phone gr\u00e2ce \u00e0 \u2013 ou \u00e0 cause de \u2013 sa s\u0153ur et s\u2019immisce doucement mais s\u00fbrement dans sa vie.<\/p>\n","protected":false},"excerpt":{"rendered":"<p>Un black-out de cinq ans. Un futur mari qui s&rsquo;est fait la malle. Une vie enti\u00e8re \u00e0 reconstruire. Quand Alix, fra\u00eechement trentenaire, se r\u00e9veille d&rsquo;un long coma, apr\u00e8s un accident, cinq ann\u00e9es se sont \u00e9coul\u00e9es. Son avenir, envol\u00e9 ; son fianc\u00e9, \u00e9clips\u00e9 ; sa grand-m\u00e8re ch\u00e9rie, d\u00e9c\u00e9d\u00e9e. Bref, rien ne va. Rebondir ? Oui, mais [&hellip;]<\/p>\n","protected":false},"featured_media":6800,"comment_status":"open","ping_status":"closed","template":"","meta":{"_acf_changed":false,"content-type":""},"product_brand":[],"product_cat":[59],"product_tag":[],"class_list":{"0":"post-6746","1":"product","2":"type-product","3":"status-publish","4":"has-post-thumbnail","6":"product_cat-non-classe","8":"first","9":"instock","10":"taxable","11":"shipping-taxable","12":"purchasable","13":"product-type-simple"},"acf":{"auteur":"","date_parution":null,"bestseller":false,"librairie":false},"aioseo_notices":[],"_links":{"self":[{"href":"https:\/\/butterfly-editions.com\/index.php\/wp-json\/wp\/v2\/product\/6746","targetHints":{"allow":["GET"]}}],"collection":[{"href":"https:\/\/butterfly-editions.com\/index.php\/wp-json\/wp\/v2\/product"}],"about":[{"href":"https:\/\/butterfly-editions.com\/index.php\/wp-json\/wp\/v2\/types\/product"}],"replies":[{"embeddable":true,"href":"https:\/\/butterfly-editions.com\/index.php\/wp-json\/wp\/v2\/comments?post=6746"}],"wp:featuredmedia":[{"embeddable":true,"href":"https:\/\/butterfly-editions.com\/index.php\/wp-json\/wp\/v2\/media\/6800"}],"wp:attachment":[{"href":"https:\/\/butterfly-editions.com\/index.php\/wp-json\/wp\/v2\/media?parent=6746"}],"wp:term":[{"taxonomy":"product_brand","embeddable":true,"href":"https:\/\/butterfly-editions.com\/index.php\/wp-json\/wp\/v2\/product_brand?post=6746"},{"taxonomy":"product_cat","embeddable":true,"href":"https:\/\/butterfly-editions.com\/index.php\/wp-json\/wp\/v2\/product_cat?post=6746"},{"taxonomy":"product_tag","embeddable":true,"href":"https:\/\/butterfly-editions.com\/index.php\/wp-json\/wp\/v2\/product_tag?post=6746"}],"curies":[{"name":"wp","href":"https:\/\/api.w.org\/{rel}","templated":true}]}}