{"id":6744,"date":"2024-09-01T13:44:34","date_gmt":"2024-09-01T12:44:34","guid":{"rendered":"https:\/\/butterfly-editions.com\/?post_type=product&#038;p=6744"},"modified":"2024-09-01T13:45:19","modified_gmt":"2024-09-01T12:45:19","slug":"dark-bodyguard-de-wendy-roy","status":"publish","type":"product","link":"https:\/\/butterfly-editions.com\/index.php\/produit\/dark-bodyguard-de-wendy-roy\/","title":{"rendered":"Dark Bodyguard de Wendy Roy"},"content":{"rendered":"<p><strong>Peut-on trouver l\u2019amour au c\u0153ur des t\u00e9n\u00e8bres ?<\/strong><\/p>\n<p>Eneko est sombre, hypnotique, l\u00e9tal. N\u00e9 en enfer, il n\u2019arrive pas \u00e0 oublier son pass\u00e9 et ne r\u00eave que de se venger.<\/p>\n<p>Kessy, aussi d\u00e9licate qu\u2019audacieuse, a enfoui au plus profond d\u2019elle-m\u00eame l\u2019horreur de son adolescence. Pour survivre \u00e0 son traumatisme, elle a choisi de comprendre et d\u2019aider les esprits les plus fractur\u00e9s.<\/p>\n<p>Elle est attir\u00e9e par Eneko comme un papillon par une flamme. Mais, ce dernier le sait : s\u2019il la laisse entrer dans sa vie, il risque bien de la briser \u00e0 jamais&#8230;<\/p>\n","protected":false},"excerpt":{"rendered":"<p>Peut-on trouver l\u2019amour au c\u0153ur des t\u00e9n\u00e8bres ? Eneko est sombre, hypnotique, l\u00e9tal. N\u00e9 en enfer, il n\u2019arrive pas \u00e0 oublier son pass\u00e9 et ne r\u00eave que de se venger. Kessy, aussi d\u00e9licate qu\u2019audacieuse, a enfoui au plus profond d\u2019elle-m\u00eame l\u2019horreur de son adolescence. Pour survivre \u00e0 son traumatisme, elle a choisi de comprendre et [&hellip;]<\/p>\n","protected":false},"featured_media":6787,"comment_status":"open","ping_status":"closed","template":"","meta":{"_acf_changed":false,"content-type":""},"product_brand":[],"product_cat":[59],"product_tag":[],"class_list":{"0":"post-6744","1":"product","2":"type-product","3":"status-publish","4":"has-post-thumbnail","6":"product_cat-non-classe","8":"first","9":"instock","10":"taxable","11":"shipping-taxable","12":"purchasable","13":"product-type-simple"},"acf":{"auteur":"","date_parution":null,"bestseller":false,"librairie":false},"aioseo_notices":[],"_links":{"self":[{"href":"https:\/\/butterfly-editions.com\/index.php\/wp-json\/wp\/v2\/product\/6744","targetHints":{"allow":["GET"]}}],"collection":[{"href":"https:\/\/butterfly-editions.com\/index.php\/wp-json\/wp\/v2\/product"}],"about":[{"href":"https:\/\/butterfly-editions.com\/index.php\/wp-json\/wp\/v2\/types\/product"}],"replies":[{"embeddable":true,"href":"https:\/\/butterfly-editions.com\/index.php\/wp-json\/wp\/v2\/comments?post=6744"}],"wp:featuredmedia":[{"embeddable":true,"href":"https:\/\/butterfly-editions.com\/index.php\/wp-json\/wp\/v2\/media\/6787"}],"wp:attachment":[{"href":"https:\/\/butterfly-editions.com\/index.php\/wp-json\/wp\/v2\/media?parent=6744"}],"wp:term":[{"taxonomy":"product_brand","embeddable":true,"href":"https:\/\/butterfly-editions.com\/index.php\/wp-json\/wp\/v2\/product_brand?post=6744"},{"taxonomy":"product_cat","embeddable":true,"href":"https:\/\/butterfly-editions.com\/index.php\/wp-json\/wp\/v2\/product_cat?post=6744"},{"taxonomy":"product_tag","embeddable":true,"href":"https:\/\/butterfly-editions.com\/index.php\/wp-json\/wp\/v2\/product_tag?post=6744"}],"curies":[{"name":"wp","href":"https:\/\/api.w.org\/{rel}","templated":true}]}}