{"id":6743,"date":"2024-09-01T13:44:34","date_gmt":"2024-09-01T12:44:34","guid":{"rendered":"https:\/\/butterfly-editions.com\/?post_type=product&#038;p=6743"},"modified":"2024-09-01T13:45:17","modified_gmt":"2024-09-01T12:45:17","slug":"the-last-fight-de-billie-morgan","status":"publish","type":"product","link":"https:\/\/butterfly-editions.com\/index.php\/produit\/the-last-fight-de-billie-morgan\/","title":{"rendered":"The last fight de Billie Morgan"},"content":{"rendered":"<p><strong>Il a besoin de le d\u00e9tester&#8230; pour arriver \u00e0 l\u2019oublier.<\/strong><\/p>\n<p>Quand Isaac arrive \u00e0 Las Vegas pour voir son pote de toujours, Pappas, se battre pour la ceinture de champion du monde de boxe, il ne s\u2019attendait certainement pas \u00e0 y retrouver la seule personne au monde capable de le faire flancher. Andreas.Son ex. L\u2019homme qui, en un regard, fait chavirer son c\u0153ur&#8230; et son corps.<\/p>\n<p>Rapidement, de tr\u00e8s graves ennuis de famille forcent Isaac \u00e0 rentrer en France. Deux personnes inattendues d\u00e9cident de faire partie du voyage : Madison, sa fianc\u00e9e&#8230; et Andreas.<\/p>\n<p>Dans cette lutte qu\u2019Isaac m\u00e8ne avec sa conscience et son pass\u00e9, qui aura le dernier mot ?<\/p>\n<p><em>Le combat \u00e0 mener n\u2019est pas toujours celui que l\u2019on croit&#8230; surtout lorsque le plus br\u00fblant des d\u00e9sirs s\u2019invite dans l\u2019\u00e9quation&#8230;<\/em><\/p>\n","protected":false},"excerpt":{"rendered":"<p>Il a besoin de le d\u00e9tester&#8230; pour arriver \u00e0 l\u2019oublier. Quand Isaac arrive \u00e0 Las Vegas pour voir son pote de toujours, Pappas, se battre pour la ceinture de champion du monde de boxe, il ne s\u2019attendait certainement pas \u00e0 y retrouver la seule personne au monde capable de le faire flancher. Andreas.Son ex. L\u2019homme [&hellip;]<\/p>\n","protected":false},"featured_media":6786,"comment_status":"open","ping_status":"closed","template":"","meta":{"_acf_changed":false,"content-type":""},"product_brand":[],"product_cat":[59],"product_tag":[],"class_list":{"0":"post-6743","1":"product","2":"type-product","3":"status-publish","4":"has-post-thumbnail","6":"product_cat-non-classe","8":"first","9":"instock","10":"taxable","11":"shipping-taxable","12":"purchasable","13":"product-type-simple"},"acf":{"auteur":"","date_parution":null,"bestseller":false,"librairie":false},"aioseo_notices":[],"_links":{"self":[{"href":"https:\/\/butterfly-editions.com\/index.php\/wp-json\/wp\/v2\/product\/6743","targetHints":{"allow":["GET"]}}],"collection":[{"href":"https:\/\/butterfly-editions.com\/index.php\/wp-json\/wp\/v2\/product"}],"about":[{"href":"https:\/\/butterfly-editions.com\/index.php\/wp-json\/wp\/v2\/types\/product"}],"replies":[{"embeddable":true,"href":"https:\/\/butterfly-editions.com\/index.php\/wp-json\/wp\/v2\/comments?post=6743"}],"wp:featuredmedia":[{"embeddable":true,"href":"https:\/\/butterfly-editions.com\/index.php\/wp-json\/wp\/v2\/media\/6786"}],"wp:attachment":[{"href":"https:\/\/butterfly-editions.com\/index.php\/wp-json\/wp\/v2\/media?parent=6743"}],"wp:term":[{"taxonomy":"product_brand","embeddable":true,"href":"https:\/\/butterfly-editions.com\/index.php\/wp-json\/wp\/v2\/product_brand?post=6743"},{"taxonomy":"product_cat","embeddable":true,"href":"https:\/\/butterfly-editions.com\/index.php\/wp-json\/wp\/v2\/product_cat?post=6743"},{"taxonomy":"product_tag","embeddable":true,"href":"https:\/\/butterfly-editions.com\/index.php\/wp-json\/wp\/v2\/product_tag?post=6743"}],"curies":[{"name":"wp","href":"https:\/\/api.w.org\/{rel}","templated":true}]}}