{"id":6730,"date":"2024-09-01T13:44:11","date_gmt":"2024-09-01T12:44:11","guid":{"rendered":"https:\/\/butterfly-editions.com\/?post_type=product&#038;p=6730"},"modified":"2026-01-28T17:35:25","modified_gmt":"2026-01-28T16:35:25","slug":"dark-protect-de-ellie-ach","status":"publish","type":"product","link":"https:\/\/butterfly-editions.com\/index.php\/produit\/dark-protect-de-ellie-ach\/","title":{"rendered":"Dark Protect"},"content":{"rendered":"<p><strong>Il est d\u00e9cid\u00e9 \u00e0 se racheter une conduite.<\/strong><\/p>\n<p>Elle se cache d\u2019un monstre.<\/p>\n<p>Deux \u00e2mes \u00e9corch\u00e9es, qui se rencontrent, s\u2019attirent, se d\u00e9sirent&#8230;<\/p>\n<p>Bryan, bad boy sexy au pass\u00e9 trouble, d\u00e9cide de prendre un nouveau d\u00e9part. Les affaires louches, il est bien d\u00e9cid\u00e9 \u00e0 les laisser derri\u00e8re lui. Quoi de mieux pour cela que rejoindre son fr\u00e8re Cabe \u00e0 Dawson City ? Nouvelle vie, nouveau d\u00e9part !<\/p>\n<p>D\u00e8s son arriv\u00e9e, il rencontre sa voisine, Naya. \u00c0 la fois vuln\u00e9rable et agressive, elle se cache de celui qui a fait de sa vie un v\u00e9ritable Enfer sur Terre. Hors de question pour elle de se rapprocher de quiconque. Encore moins de ce colosse sexy qui vit juste \u00e0 une porte de chez elle. Ce type sorti de nulle part avec qui elle partage une v\u00e9ritable alchimie, un d\u00e9sir aussi puissant qu\u2019inattendu.<\/p>\n<p><em>Attention, le Diable veille&#8230; Il se cache toujours l\u00e0 o\u00f9 on l\u2019attend le moins&#8230;<\/em><\/p>\n","protected":false},"excerpt":{"rendered":"<p>Il est d\u00e9cid\u00e9 \u00e0 se racheter une conduite. Elle se cache d\u2019un monstre. Deux \u00e2mes \u00e9corch\u00e9es, qui se rencontrent, s\u2019attirent, se d\u00e9sirent&#8230; Bryan, bad boy sexy au pass\u00e9 trouble, d\u00e9cide de prendre un nouveau d\u00e9part. Les affaires louches, il est bien d\u00e9cid\u00e9 \u00e0 les laisser derri\u00e8re lui. Quoi de mieux pour cela que rejoindre son [&hellip;]<\/p>\n","protected":false},"featured_media":6782,"comment_status":"open","ping_status":"closed","template":"","meta":{"_acf_changed":false,"content-type":""},"product_brand":[],"product_cat":[461],"product_tag":[],"class_list":{"0":"post-6730","1":"product","2":"type-product","3":"status-publish","4":"has-post-thumbnail","6":"product_cat-romance-contemporaine","8":"first","9":"instock","10":"taxable","11":"shipping-taxable","12":"purchasable","13":"product-type-variable"},"acf":{"auteur":"Ellie Ach","date_parution":"20220408","bestseller":false,"librairie":false},"aioseo_notices":[],"_links":{"self":[{"href":"https:\/\/butterfly-editions.com\/index.php\/wp-json\/wp\/v2\/product\/6730","targetHints":{"allow":["GET"]}}],"collection":[{"href":"https:\/\/butterfly-editions.com\/index.php\/wp-json\/wp\/v2\/product"}],"about":[{"href":"https:\/\/butterfly-editions.com\/index.php\/wp-json\/wp\/v2\/types\/product"}],"replies":[{"embeddable":true,"href":"https:\/\/butterfly-editions.com\/index.php\/wp-json\/wp\/v2\/comments?post=6730"}],"wp:featuredmedia":[{"embeddable":true,"href":"https:\/\/butterfly-editions.com\/index.php\/wp-json\/wp\/v2\/media\/6782"}],"wp:attachment":[{"href":"https:\/\/butterfly-editions.com\/index.php\/wp-json\/wp\/v2\/media?parent=6730"}],"wp:term":[{"taxonomy":"product_brand","embeddable":true,"href":"https:\/\/butterfly-editions.com\/index.php\/wp-json\/wp\/v2\/product_brand?post=6730"},{"taxonomy":"product_cat","embeddable":true,"href":"https:\/\/butterfly-editions.com\/index.php\/wp-json\/wp\/v2\/product_cat?post=6730"},{"taxonomy":"product_tag","embeddable":true,"href":"https:\/\/butterfly-editions.com\/index.php\/wp-json\/wp\/v2\/product_tag?post=6730"}],"curies":[{"name":"wp","href":"https:\/\/api.w.org\/{rel}","templated":true}]}}