{"id":6728,"date":"2024-09-01T13:44:11","date_gmt":"2024-09-01T12:44:11","guid":{"rendered":"https:\/\/butterfly-editions.com\/?post_type=product&#038;p=6728"},"modified":"2024-09-01T13:45:07","modified_gmt":"2024-09-01T12:45:07","slug":"royal-contrat-tome2-de-kate-owyn","status":"publish","type":"product","link":"https:\/\/butterfly-editions.com\/index.php\/produit\/royal-contrat-tome2-de-kate-owyn\/","title":{"rendered":"Royal contrat (Tome2) de Kate Owyn"},"content":{"rendered":"<p><strong>Un prince perdu.<\/p>\n<p>Une princesse d\u00e9sempar\u00e9e.<\/p>\n<p>Une vie de ch\u00e2teau loin d\u2019un conte de f\u00e9es.<\/strong><\/p>\n<p>Apr\u00e8s un accident d\u2019h\u00e9licopt\u00e8re, le palais royal perd la trace du Prince, Ladislas. Pr\u00eate \u00e0 tout pour retrouver son \u00e9poux, sain et sauf, Alice suit les forces militaires Vald\u00e9rianne sur le terrain. Mais si ce dernier est bel et bien vivant, la route des jeunes mari\u00e9s est sem\u00e9e d\u2019emb\u00fbches&#8230;<\/p>\n<p>Entre la maladie d\u2019Alexandra, un Roi pr\u00eat \u00e0 tout pour r\u00e9gner en ma\u00eetre quitte \u00e0 \u00e9craser sa propre famille et Ladislas coinc\u00e9 entre la vie qu\u2019il aimerait mener et les dictats de son p\u00e8re, Alice peine \u00e0 trouver sa place&#8230;<\/p>\n<p>Et si, finalement, elle n\u2019avait rien d\u2019une future Reine et que les contes de f\u00e9es n\u2019\u00e9taient pas faits pour la jeune Princesse&#8230;<\/p>\n","protected":false},"excerpt":{"rendered":"<p>Un prince perdu. Une princesse d\u00e9sempar\u00e9e. Une vie de ch\u00e2teau loin d\u2019un conte de f\u00e9es. Apr\u00e8s un accident d\u2019h\u00e9licopt\u00e8re, le palais royal perd la trace du Prince, Ladislas. Pr\u00eate \u00e0 tout pour retrouver son \u00e9poux, sain et sauf, Alice suit les forces militaires Vald\u00e9rianne sur le terrain. Mais si ce dernier est bel et bien [&hellip;]<\/p>\n","protected":false},"featured_media":6780,"comment_status":"open","ping_status":"closed","template":"","meta":{"_acf_changed":false,"content-type":""},"product_brand":[],"product_cat":[59],"product_tag":[],"class_list":{"0":"post-6728","1":"product","2":"type-product","3":"status-publish","4":"has-post-thumbnail","6":"product_cat-non-classe","8":"first","9":"instock","10":"taxable","11":"shipping-taxable","12":"purchasable","13":"product-type-simple"},"acf":{"auteur":"","date_parution":null,"bestseller":false,"librairie":false},"aioseo_notices":[],"_links":{"self":[{"href":"https:\/\/butterfly-editions.com\/index.php\/wp-json\/wp\/v2\/product\/6728","targetHints":{"allow":["GET"]}}],"collection":[{"href":"https:\/\/butterfly-editions.com\/index.php\/wp-json\/wp\/v2\/product"}],"about":[{"href":"https:\/\/butterfly-editions.com\/index.php\/wp-json\/wp\/v2\/types\/product"}],"replies":[{"embeddable":true,"href":"https:\/\/butterfly-editions.com\/index.php\/wp-json\/wp\/v2\/comments?post=6728"}],"wp:featuredmedia":[{"embeddable":true,"href":"https:\/\/butterfly-editions.com\/index.php\/wp-json\/wp\/v2\/media\/6780"}],"wp:attachment":[{"href":"https:\/\/butterfly-editions.com\/index.php\/wp-json\/wp\/v2\/media?parent=6728"}],"wp:term":[{"taxonomy":"product_brand","embeddable":true,"href":"https:\/\/butterfly-editions.com\/index.php\/wp-json\/wp\/v2\/product_brand?post=6728"},{"taxonomy":"product_cat","embeddable":true,"href":"https:\/\/butterfly-editions.com\/index.php\/wp-json\/wp\/v2\/product_cat?post=6728"},{"taxonomy":"product_tag","embeddable":true,"href":"https:\/\/butterfly-editions.com\/index.php\/wp-json\/wp\/v2\/product_tag?post=6728"}],"curies":[{"name":"wp","href":"https:\/\/api.w.org\/{rel}","templated":true}]}}