{"id":6727,"date":"2024-09-01T13:44:11","date_gmt":"2024-09-01T12:44:11","guid":{"rendered":"https:\/\/butterfly-editions.com\/?post_type=product&#038;p=6727"},"modified":"2024-09-01T13:45:05","modified_gmt":"2024-09-01T12:45:05","slug":"royal-contrat-tome1-de-kate-owyn","status":"publish","type":"product","link":"https:\/\/butterfly-editions.com\/index.php\/produit\/royal-contrat-tome1-de-kate-owyn\/","title":{"rendered":"Royal Contrat (Tome1) de Kate Owyn"},"content":{"rendered":"<p><strong>Un prince t\u00e9n\u00e9breux.<\/p>\n<p>Une jeune fille contrainte d\u2019accepter un mariage royal arrang\u00e9.<\/p>\n<p>Faux mari&#8230; mais vrai coup de c\u0153ur ?<\/strong><\/p>\n<p>Le jour de ses vingt-neuf ans, Alice, institutrice dans la banlieue parisienne, d\u00e9couvre l\u2019existence d\u2019un contrat pass\u00e9 par ses a\u00efeuls avec la famille royale du Vald\u00e9ria.<\/p>\n<p>Si elle ne s\u2019unit pas au prince Ladislas pour une dur\u00e9e de cinq ans, elle sera tributaire d\u2019une somme d\u2019argent astronomique.<\/p>\n<p>N\u2019ayant pas d\u2019autre choix que de se marier, elle va jouer le jeu de l\u2019\u00e9pouse parfaite. Cependant, entre les exigences de la famille royale, la petite amie du prince, son p\u00e8re malade et son nouveau statut, Alice va avoir du mal \u00e0 trouver sa place.<\/p>\n<p>Surtout que son futur \u00e9poux est loin de la laisser indiff\u00e9rente&#8230;<\/p>\n","protected":false},"excerpt":{"rendered":"<p>Un prince t\u00e9n\u00e9breux. Une jeune fille contrainte d\u2019accepter un mariage royal arrang\u00e9. Faux mari&#8230; mais vrai coup de c\u0153ur ? Le jour de ses vingt-neuf ans, Alice, institutrice dans la banlieue parisienne, d\u00e9couvre l\u2019existence d\u2019un contrat pass\u00e9 par ses a\u00efeuls avec la famille royale du Vald\u00e9ria. Si elle ne s\u2019unit pas au prince Ladislas pour [&hellip;]<\/p>\n","protected":false},"featured_media":6779,"comment_status":"open","ping_status":"closed","template":"","meta":{"_acf_changed":false,"content-type":""},"product_brand":[],"product_cat":[59],"product_tag":[],"class_list":{"0":"post-6727","1":"product","2":"type-product","3":"status-publish","4":"has-post-thumbnail","6":"product_cat-non-classe","8":"first","9":"instock","10":"taxable","11":"shipping-taxable","12":"purchasable","13":"product-type-simple"},"acf":{"auteur":"","date_parution":null,"bestseller":false,"librairie":false},"aioseo_notices":[],"_links":{"self":[{"href":"https:\/\/butterfly-editions.com\/index.php\/wp-json\/wp\/v2\/product\/6727","targetHints":{"allow":["GET"]}}],"collection":[{"href":"https:\/\/butterfly-editions.com\/index.php\/wp-json\/wp\/v2\/product"}],"about":[{"href":"https:\/\/butterfly-editions.com\/index.php\/wp-json\/wp\/v2\/types\/product"}],"replies":[{"embeddable":true,"href":"https:\/\/butterfly-editions.com\/index.php\/wp-json\/wp\/v2\/comments?post=6727"}],"wp:featuredmedia":[{"embeddable":true,"href":"https:\/\/butterfly-editions.com\/index.php\/wp-json\/wp\/v2\/media\/6779"}],"wp:attachment":[{"href":"https:\/\/butterfly-editions.com\/index.php\/wp-json\/wp\/v2\/media?parent=6727"}],"wp:term":[{"taxonomy":"product_brand","embeddable":true,"href":"https:\/\/butterfly-editions.com\/index.php\/wp-json\/wp\/v2\/product_brand?post=6727"},{"taxonomy":"product_cat","embeddable":true,"href":"https:\/\/butterfly-editions.com\/index.php\/wp-json\/wp\/v2\/product_cat?post=6727"},{"taxonomy":"product_tag","embeddable":true,"href":"https:\/\/butterfly-editions.com\/index.php\/wp-json\/wp\/v2\/product_tag?post=6727"}],"curies":[{"name":"wp","href":"https:\/\/api.w.org\/{rel}","templated":true}]}}