{"id":6726,"date":"2024-09-01T13:44:11","date_gmt":"2024-09-01T12:44:11","guid":{"rendered":"https:\/\/butterfly-editions.com\/?post_type=product&#038;p=6726"},"modified":"2024-09-01T13:45:02","modified_gmt":"2024-09-01T12:45:02","slug":"underground-legender-tome-3-de-emilia-robinst","status":"publish","type":"product","link":"https:\/\/butterfly-editions.com\/index.php\/produit\/underground-legender-tome-3-de-emilia-robinst\/","title":{"rendered":"Underground &#8211; Legender (Tome 3) de Emilia Robinst"},"content":{"rendered":"<p>La nouvelle saison de <em>free-fight<\/em> est enfin lanc\u00e9e, avec, en haut du classement, Parker et Connor.<\/p>\n<p>Apr\u00e8s maintes \u00e9preuves, les voil\u00e0, tous les deux, propuls\u00e9s dans cette tourn\u00e9e nationale dont le rythme et l\u2019ambiance sont loin d\u2019\u00eatre une ode \u00e0 la tranquillit\u00e9. Bien au contraire&#8230;<\/p>\n<p>Entre combats, retrouvailles et r\u00e9v\u00e9lations, Coleen, Parker et Connor devront apprendre de leurs erreurs et, surtout, anticiper la moindre attaque. Et, pour cela, il leur faudra puiser dans toutes leurs ressources&#8230; aussi bien sur le ring qu\u2019en dehors.<\/p>\n<p>La finale \u00e0 Las Vegas se dessine \u00e0 l\u2019horizon avec cette cons\u00e9cration ultime, celle d\u2019entrer dans la L\u00e9gende&#8230;<\/p>\n","protected":false},"excerpt":{"rendered":"<p>La nouvelle saison de free-fight est enfin lanc\u00e9e, avec, en haut du classement, Parker et Connor. Apr\u00e8s maintes \u00e9preuves, les voil\u00e0, tous les deux, propuls\u00e9s dans cette tourn\u00e9e nationale dont le rythme et l\u2019ambiance sont loin d\u2019\u00eatre une ode \u00e0 la tranquillit\u00e9. Bien au contraire&#8230; Entre combats, retrouvailles et r\u00e9v\u00e9lations, Coleen, Parker et Connor devront [&hellip;]<\/p>\n","protected":false},"featured_media":6778,"comment_status":"open","ping_status":"closed","template":"","meta":{"_acf_changed":false,"content-type":""},"product_brand":[],"product_cat":[59],"product_tag":[],"class_list":{"0":"post-6726","1":"product","2":"type-product","3":"status-publish","4":"has-post-thumbnail","6":"product_cat-non-classe","8":"first","9":"instock","10":"taxable","11":"shipping-taxable","12":"purchasable","13":"product-type-simple"},"acf":{"auteur":"","date_parution":null,"bestseller":false,"librairie":false},"aioseo_notices":[],"_links":{"self":[{"href":"https:\/\/butterfly-editions.com\/index.php\/wp-json\/wp\/v2\/product\/6726","targetHints":{"allow":["GET"]}}],"collection":[{"href":"https:\/\/butterfly-editions.com\/index.php\/wp-json\/wp\/v2\/product"}],"about":[{"href":"https:\/\/butterfly-editions.com\/index.php\/wp-json\/wp\/v2\/types\/product"}],"replies":[{"embeddable":true,"href":"https:\/\/butterfly-editions.com\/index.php\/wp-json\/wp\/v2\/comments?post=6726"}],"wp:featuredmedia":[{"embeddable":true,"href":"https:\/\/butterfly-editions.com\/index.php\/wp-json\/wp\/v2\/media\/6778"}],"wp:attachment":[{"href":"https:\/\/butterfly-editions.com\/index.php\/wp-json\/wp\/v2\/media?parent=6726"}],"wp:term":[{"taxonomy":"product_brand","embeddable":true,"href":"https:\/\/butterfly-editions.com\/index.php\/wp-json\/wp\/v2\/product_brand?post=6726"},{"taxonomy":"product_cat","embeddable":true,"href":"https:\/\/butterfly-editions.com\/index.php\/wp-json\/wp\/v2\/product_cat?post=6726"},{"taxonomy":"product_tag","embeddable":true,"href":"https:\/\/butterfly-editions.com\/index.php\/wp-json\/wp\/v2\/product_tag?post=6726"}],"curies":[{"name":"wp","href":"https:\/\/api.w.org\/{rel}","templated":true}]}}