{"id":6725,"date":"2024-09-01T13:44:11","date_gmt":"2024-09-01T12:44:11","guid":{"rendered":"https:\/\/butterfly-editions.com\/?post_type=product&#038;p=6725"},"modified":"2024-09-01T13:45:01","modified_gmt":"2024-09-01T12:45:01","slug":"underground-together-tome-2-de-emilia-robinst","status":"publish","type":"product","link":"https:\/\/butterfly-editions.com\/index.php\/produit\/underground-together-tome-2-de-emilia-robinst\/","title":{"rendered":"Underground &#8211; Together (Tome 2) de Emilia Robinst"},"content":{"rendered":"<p>Apr\u00e8s le dernier coup fourr\u00e9 de Connor, Parker est au plus mal. Coleen a d\u00fb redoubler d\u2019efforts pour sortir son homme du chaos dans lequel il \u00e9tait plong\u00e9. Remont\u00e9 \u00e0 bloc, il compte bien prendre sa revanche.<\/p>\n<p>Seulement le danger r\u00f4de. Le constrictor n\u2019a pas dit son dernier mot. Avec lui, tous les coups sont permis. Quitte \u00e0 s\u2019attaquer \u00e0 sa propre famille.<\/p>\n<p>Mais pour Parker, hors de question que l\u2019on touche \u00e0 sa meute. \u00c0 coleen et aux siens encore moins.<\/p>\n<p>L\u2019\u00e9tau se resserre entre les deux rivaux. Les s\u00e9lections de New York pour le d\u00e9but de la nouvelle saison de l\u2019Underground arrivant \u00e0 grands pas, Parker et Coleen devront tr\u00e8s vite apprendre que les combats les plus difficiles ne se m\u00e8nent pas toujours sur le ring&#8230;<\/p>\n","protected":false},"excerpt":{"rendered":"<p>Apr\u00e8s le dernier coup fourr\u00e9 de Connor, Parker est au plus mal. Coleen a d\u00fb redoubler d\u2019efforts pour sortir son homme du chaos dans lequel il \u00e9tait plong\u00e9. Remont\u00e9 \u00e0 bloc, il compte bien prendre sa revanche. Seulement le danger r\u00f4de. Le constrictor n\u2019a pas dit son dernier mot. Avec lui, tous les coups sont [&hellip;]<\/p>\n","protected":false},"featured_media":6777,"comment_status":"open","ping_status":"closed","template":"","meta":{"_acf_changed":false,"content-type":""},"product_brand":[],"product_cat":[59],"product_tag":[],"class_list":{"0":"post-6725","1":"product","2":"type-product","3":"status-publish","4":"has-post-thumbnail","6":"product_cat-non-classe","8":"first","9":"instock","10":"taxable","11":"shipping-taxable","12":"purchasable","13":"product-type-simple"},"acf":{"auteur":"","date_parution":null,"bestseller":false,"librairie":false},"aioseo_notices":[],"_links":{"self":[{"href":"https:\/\/butterfly-editions.com\/index.php\/wp-json\/wp\/v2\/product\/6725","targetHints":{"allow":["GET"]}}],"collection":[{"href":"https:\/\/butterfly-editions.com\/index.php\/wp-json\/wp\/v2\/product"}],"about":[{"href":"https:\/\/butterfly-editions.com\/index.php\/wp-json\/wp\/v2\/types\/product"}],"replies":[{"embeddable":true,"href":"https:\/\/butterfly-editions.com\/index.php\/wp-json\/wp\/v2\/comments?post=6725"}],"wp:featuredmedia":[{"embeddable":true,"href":"https:\/\/butterfly-editions.com\/index.php\/wp-json\/wp\/v2\/media\/6777"}],"wp:attachment":[{"href":"https:\/\/butterfly-editions.com\/index.php\/wp-json\/wp\/v2\/media?parent=6725"}],"wp:term":[{"taxonomy":"product_brand","embeddable":true,"href":"https:\/\/butterfly-editions.com\/index.php\/wp-json\/wp\/v2\/product_brand?post=6725"},{"taxonomy":"product_cat","embeddable":true,"href":"https:\/\/butterfly-editions.com\/index.php\/wp-json\/wp\/v2\/product_cat?post=6725"},{"taxonomy":"product_tag","embeddable":true,"href":"https:\/\/butterfly-editions.com\/index.php\/wp-json\/wp\/v2\/product_tag?post=6725"}],"curies":[{"name":"wp","href":"https:\/\/api.w.org\/{rel}","templated":true}]}}