{"id":6716,"date":"2024-09-01T13:43:48","date_gmt":"2024-09-01T12:43:48","guid":{"rendered":"https:\/\/butterfly-editions.com\/?post_type=product&#038;p=6716"},"modified":"2024-09-01T13:44:55","modified_gmt":"2024-09-01T12:44:55","slug":"underground-fighter-tome-1-de-emilia-robinst","status":"publish","type":"product","link":"https:\/\/butterfly-editions.com\/index.php\/produit\/underground-fighter-tome-1-de-emilia-robinst\/","title":{"rendered":"Underground &#8211; Fighter (tome 1) de Emilia Robinst"},"content":{"rendered":"<p>Ancien espoir de la boxe f\u00e9minine, Coleen Lincoln a d\u00fb tirer un trait sur ses r\u00eaves sportifs \u00e0 la suite du d\u00e9c\u00e8s de son fr\u00e8re a\u00een\u00e9, mort sur le ring lors d&rsquo;un redoutable combat de free-fight.<\/p>\n<p>Quelques ann\u00e9es plus tard et un dipl\u00f4me de Manager Sportif en poche, elle a d\u00e9sormais toutes les clefs en main pour r\u00e9ussir sa vie. Mais l&rsquo;hospitalisation en urgence de son p\u00e8re va la contraindre \u00e0 replonger dans l&rsquo;univers violent du <em>free-fight<\/em>, celui de l&rsquo;<em>Underground<\/em>. Bien d\u00e9cid\u00e9e \u00e0 r\u00e9unir son clan, Coleen s&rsquo;appr\u00eate \u00e0 retourner dans les sous-sols de Chicago pour retrouver son fr\u00e8re, Connor, qui les a abandonn\u00e9s au profit de la ligue.<\/p>\n<p>Quitte \u00e0 y laisser des plumes&#8230; car lorsque son regard croise celui presque animal de Parker Adams, toutes ses certitudes volent en \u00e9clats.<\/p>\n<p>Attir\u00e9e vers lui comme vers un aimant, elle n&rsquo;a aucune id\u00e9e du pi\u00e8ge qui se referme doucement sur elle. Et si sur le ring, tous les uppercuts ne mettent pas KO&#8230; hors ring, ceux aux c\u0153urs risquent de lui \u00eatre fatals&#8230;<\/p>\n","protected":false},"excerpt":{"rendered":"<p>Ancien espoir de la boxe f\u00e9minine, Coleen Lincoln a d\u00fb tirer un trait sur ses r\u00eaves sportifs \u00e0 la suite du d\u00e9c\u00e8s de son fr\u00e8re a\u00een\u00e9, mort sur le ring lors d&rsquo;un redoutable combat de free-fight. Quelques ann\u00e9es plus tard et un dipl\u00f4me de Manager Sportif en poche, elle a d\u00e9sormais toutes les clefs en [&hellip;]<\/p>\n","protected":false},"featured_media":6763,"comment_status":"open","ping_status":"closed","template":"","meta":{"_acf_changed":false,"content-type":""},"product_brand":[],"product_cat":[59],"product_tag":[],"class_list":{"0":"post-6716","1":"product","2":"type-product","3":"status-publish","4":"has-post-thumbnail","6":"product_cat-non-classe","8":"first","9":"instock","10":"taxable","11":"shipping-taxable","12":"purchasable","13":"product-type-simple"},"acf":{"auteur":"","date_parution":null,"bestseller":false,"librairie":false},"aioseo_notices":[],"_links":{"self":[{"href":"https:\/\/butterfly-editions.com\/index.php\/wp-json\/wp\/v2\/product\/6716","targetHints":{"allow":["GET"]}}],"collection":[{"href":"https:\/\/butterfly-editions.com\/index.php\/wp-json\/wp\/v2\/product"}],"about":[{"href":"https:\/\/butterfly-editions.com\/index.php\/wp-json\/wp\/v2\/types\/product"}],"replies":[{"embeddable":true,"href":"https:\/\/butterfly-editions.com\/index.php\/wp-json\/wp\/v2\/comments?post=6716"}],"wp:featuredmedia":[{"embeddable":true,"href":"https:\/\/butterfly-editions.com\/index.php\/wp-json\/wp\/v2\/media\/6763"}],"wp:attachment":[{"href":"https:\/\/butterfly-editions.com\/index.php\/wp-json\/wp\/v2\/media?parent=6716"}],"wp:term":[{"taxonomy":"product_brand","embeddable":true,"href":"https:\/\/butterfly-editions.com\/index.php\/wp-json\/wp\/v2\/product_brand?post=6716"},{"taxonomy":"product_cat","embeddable":true,"href":"https:\/\/butterfly-editions.com\/index.php\/wp-json\/wp\/v2\/product_cat?post=6716"},{"taxonomy":"product_tag","embeddable":true,"href":"https:\/\/butterfly-editions.com\/index.php\/wp-json\/wp\/v2\/product_tag?post=6716"}],"curies":[{"name":"wp","href":"https:\/\/api.w.org\/{rel}","templated":true}]}}