{"id":6715,"date":"2024-09-01T13:43:48","date_gmt":"2024-09-01T12:43:48","guid":{"rendered":"https:\/\/butterfly-editions.com\/?post_type=product&#038;p=6715"},"modified":"2026-01-28T11:12:42","modified_gmt":"2026-01-28T10:12:42","slug":"amour-ascendant-catastrophes-de-jean-marie-roth","status":"publish","type":"product","link":"https:\/\/butterfly-editions.com\/index.php\/produit\/amour-ascendant-catastrophes-de-jean-marie-roth\/","title":{"rendered":"Amour, ascendant catastrophes !"},"content":{"rendered":"<p><strong>Abusivement superstitieuse, elle ne trouve pas l&rsquo;amour.<br \/>\nIl ne se remet pas de sa rupture.<br \/>\nLe destin va pourtant les frapper d&rsquo;une dr\u00f4le de mani\u00e8re&#8230; <\/strong><\/p>\n<p>Muguet, vingt-huit ans, travaille dans une boutique de lingerie. Savant m\u00e9lange entre Audrey Hepburn et la Schtroumpfette, elle appr\u00e9hende la vie avec maladresse. Parfaitement imparfaite, elle r\u00eave de rencontrer le grand Amour, celui qui fera battre son c\u0153ur comme nul autre. Force est de constater que jusqu&rsquo;\u00e0 pr\u00e9sent, les pr\u00e9tendants ne se bousculent pas au portillon&#8230; Florian, trente-deux ans, oenologue de profession, a tout de l&rsquo;athl\u00e8te qui pla\u00eet aux femmes. Mais sa grande sensibilit\u00e9 ne l&rsquo;aide pas \u00e0 surmonter sa derni\u00e8re rupture. Malheureux, perdu, il sonne \u00e0 la porte des Artichauts Machos, un groupe de parole dont le but est simple : d\u00e9sintoxiquer les adh\u00e9rents d&rsquo;un amour d\u00e9chu. Si ces deux \u00e2mes esseul\u00e9es devaient bri\u00e8vement \u00e9crire leur premi\u00e8re rencontre, ils n&rsquo;utiliseraient probablement pas les m\u00eames mots&#8230; D\u00e9routante pour lui&#8230; Un gars perdu pour elle ! Non merci, elle a d\u00e9j\u00e0 assez donn\u00e9 !<\/p>\n<p><em>Attention, Cupidon reste ma\u00eetre de la partie&#8230;<\/em><\/p>\n","protected":false},"excerpt":{"rendered":"<p>Abusivement superstitieuse, elle ne trouve pas l&rsquo;amour. Il ne se remet pas de sa rupture. Le destin va pourtant les frapper d&rsquo;une dr\u00f4le de mani\u00e8re&#8230; Muguet, vingt-huit ans, travaille dans une boutique de lingerie. Savant m\u00e9lange entre Audrey Hepburn et la Schtroumpfette, elle appr\u00e9hende la vie avec maladresse. Parfaitement imparfaite, elle r\u00eave de rencontrer le [&hellip;]<\/p>\n","protected":false},"featured_media":6762,"comment_status":"open","ping_status":"closed","template":"","meta":{"_acf_changed":false,"content-type":""},"product_brand":[],"product_cat":[460],"product_tag":[],"class_list":{"0":"post-6715","1":"product","2":"type-product","3":"status-publish","4":"has-post-thumbnail","6":"product_cat-rom-com","8":"first","9":"instock","10":"taxable","11":"shipping-taxable","12":"purchasable","13":"product-type-variable"},"acf":{"auteur":"Jean-Marie Roth","date_parution":"20220304","bestseller":false,"librairie":false},"aioseo_notices":[],"_links":{"self":[{"href":"https:\/\/butterfly-editions.com\/index.php\/wp-json\/wp\/v2\/product\/6715","targetHints":{"allow":["GET"]}}],"collection":[{"href":"https:\/\/butterfly-editions.com\/index.php\/wp-json\/wp\/v2\/product"}],"about":[{"href":"https:\/\/butterfly-editions.com\/index.php\/wp-json\/wp\/v2\/types\/product"}],"replies":[{"embeddable":true,"href":"https:\/\/butterfly-editions.com\/index.php\/wp-json\/wp\/v2\/comments?post=6715"}],"wp:featuredmedia":[{"embeddable":true,"href":"https:\/\/butterfly-editions.com\/index.php\/wp-json\/wp\/v2\/media\/6762"}],"wp:attachment":[{"href":"https:\/\/butterfly-editions.com\/index.php\/wp-json\/wp\/v2\/media?parent=6715"}],"wp:term":[{"taxonomy":"product_brand","embeddable":true,"href":"https:\/\/butterfly-editions.com\/index.php\/wp-json\/wp\/v2\/product_brand?post=6715"},{"taxonomy":"product_cat","embeddable":true,"href":"https:\/\/butterfly-editions.com\/index.php\/wp-json\/wp\/v2\/product_cat?post=6715"},{"taxonomy":"product_tag","embeddable":true,"href":"https:\/\/butterfly-editions.com\/index.php\/wp-json\/wp\/v2\/product_tag?post=6715"}],"curies":[{"name":"wp","href":"https:\/\/api.w.org\/{rel}","templated":true}]}}