{"id":6713,"date":"2024-09-01T13:43:48","date_gmt":"2024-09-01T12:43:48","guid":{"rendered":"https:\/\/butterfly-editions.com\/?post_type=product&#038;p=6713"},"modified":"2026-01-28T17:01:05","modified_gmt":"2026-01-28T16:01:05","slug":"the-lawyer-1-de-christy-allan","status":"publish","type":"product","link":"https:\/\/butterfly-editions.com\/index.php\/produit\/the-lawyer-1-de-christy-allan\/","title":{"rendered":"The Lawyer T1"},"content":{"rendered":"<p><strong>Une jeune fille malmen\u00e9e par la vie.<\/strong><\/p>\n<p>Un avocat hautement d\u00e9sirable.<\/p>\n<p>Deux mondes qui vont s\u2019entrechoquer et se confronter au plus interdit des d\u00e9sirs.<\/p>\n<p>Du haut de ses dix-sept ans, Juliette cumule les petites infractions. La fois de trop, elle se retrouve coinc\u00e9e en cellule.<\/p>\n<p>Gabriel, dix ans de plus, a beau \u00eatre un avocat sexy \u00e0 souhait, ressembler au gendre id\u00e9al, il n\u2019en reste pas moins un homme aussi distant que froid.<\/p>\n<p>Ce masque d\u2019aust\u00e9rit\u00e9 ne l\u2019emp\u00eache pas de venir en aide \u00e0 Juliette et de la sortir du commissariat \u00e0 une seule condition : qu\u2019elle le suive sans poser de questions&#8230;<\/p>\n<p>\u00c7a tombe bien, plus vite il se d\u00e9barrassera d\u2019elle, plus vite il retournera \u00e0 sa vie. Celle qui le tiendra \u00e9loign\u00e9 de ces magnifiques cheveux blonds, de ce regard per\u00e7ant, de ce visage envo\u00fbtant.<\/p>\n<p>Quelle n\u2019est pas la surprise de Juliette d&rsquo;atterrir en plein c\u0153ur de la Bourgogne dans un endroit totalement inattendu ! Un lieu o\u00f9 des adolescents comme elles peuvent se racheter une conduite. Prouver qu\u2019ils sont pr\u00eats \u00e0 retrouver une vie normale.<\/p>\n<p>Pour cela, elle va devoir apprendre \u00e0 travailler, \u00e0 respecter les autres. Mais surtout \u00e0 suivre les r\u00e8gles&#8230;<\/p>\n<p>&#8230; comme celle, absolue, de ne pas succomber au charme de son sauveur, qui r\u00e9appara\u00eet myst\u00e9rieusement de temps \u00e0 autre&#8230;<\/p>\n<p><em>Qui craquera le premier ?<\/em><\/p>\n","protected":false},"excerpt":{"rendered":"<p>Une jeune fille malmen\u00e9e par la vie. Un avocat hautement d\u00e9sirable. Deux mondes qui vont s\u2019entrechoquer et se confronter au plus interdit des d\u00e9sirs. Du haut de ses dix-sept ans, Juliette cumule les petites infractions. La fois de trop, elle se retrouve coinc\u00e9e en cellule. Gabriel, dix ans de plus, a beau \u00eatre un avocat [&hellip;]<\/p>\n","protected":false},"featured_media":6760,"comment_status":"open","ping_status":"closed","template":"","meta":{"_acf_changed":false,"content-type":""},"product_brand":[],"product_cat":[461],"product_tag":[],"class_list":{"0":"post-6713","1":"product","2":"type-product","3":"status-publish","4":"has-post-thumbnail","6":"product_cat-romance-contemporaine","8":"first","9":"instock","10":"featured","11":"taxable","12":"shipping-taxable","13":"purchasable","14":"product-type-variable"},"acf":{"auteur":"Christy Allan","date_parution":"20220211","bestseller":false,"librairie":false},"aioseo_notices":[],"_links":{"self":[{"href":"https:\/\/butterfly-editions.com\/index.php\/wp-json\/wp\/v2\/product\/6713","targetHints":{"allow":["GET"]}}],"collection":[{"href":"https:\/\/butterfly-editions.com\/index.php\/wp-json\/wp\/v2\/product"}],"about":[{"href":"https:\/\/butterfly-editions.com\/index.php\/wp-json\/wp\/v2\/types\/product"}],"replies":[{"embeddable":true,"href":"https:\/\/butterfly-editions.com\/index.php\/wp-json\/wp\/v2\/comments?post=6713"}],"wp:featuredmedia":[{"embeddable":true,"href":"https:\/\/butterfly-editions.com\/index.php\/wp-json\/wp\/v2\/media\/6760"}],"wp:attachment":[{"href":"https:\/\/butterfly-editions.com\/index.php\/wp-json\/wp\/v2\/media?parent=6713"}],"wp:term":[{"taxonomy":"product_brand","embeddable":true,"href":"https:\/\/butterfly-editions.com\/index.php\/wp-json\/wp\/v2\/product_brand?post=6713"},{"taxonomy":"product_cat","embeddable":true,"href":"https:\/\/butterfly-editions.com\/index.php\/wp-json\/wp\/v2\/product_cat?post=6713"},{"taxonomy":"product_tag","embeddable":true,"href":"https:\/\/butterfly-editions.com\/index.php\/wp-json\/wp\/v2\/product_tag?post=6713"}],"curies":[{"name":"wp","href":"https:\/\/api.w.org\/{rel}","templated":true}]}}