{"id":6712,"date":"2024-09-01T13:43:48","date_gmt":"2024-09-01T12:43:48","guid":{"rendered":"https:\/\/butterfly-editions.com\/?post_type=product&#038;p=6712"},"modified":"2024-09-01T13:44:49","modified_gmt":"2024-09-01T12:44:49","slug":"boss-not-perfect-de-anne-ferra","status":"publish","type":"product","link":"https:\/\/butterfly-editions.com\/index.php\/produit\/boss-not-perfect-de-anne-ferra\/","title":{"rendered":"Boss not perfect de Anne Ferra"},"content":{"rendered":"<p><strong>D\u00e9termin\u00e9 dans ses affaires, il lui faut une assistante de toute urgence.<br \/>\nFlambeuse et frivole, elle a besoin d&rsquo;un job au risque de ne plus avoir de toit.<br \/>\nGros b\u00e9mol : elle ne supporte pas les r\u00e8gles. <\/strong><\/p>\n<p>Encore moins l&rsquo;autorit\u00e9. Alex, architecte rigoureux, au sex appeal redoutable, dirige son cabinet d&rsquo;une main de ma\u00eetre. Ses affaires florissantes n\u00e9cessitent cependant qu&rsquo;il embauche rapidement une assistante. Laura, v\u00e9ritable fille \u00e0 papa, profite d&rsquo;une vie faite de sorties, de shopping, de restaurants chics&#8230; Mais pour son p\u00e8re, la coupe est pleine : soit elle va travailler, soit il lui coupe les vivres&#8230;. Lorsque Laura est contrainte d&rsquo;accepter le job propos\u00e9 par Alex, elle bouleverse tout le quotidien de son boss sexy. Peu professionnelle&#8230; elle reste n\u00e9anmoins belle \u00e0 damner un saint, faisant tourner toutes les t\u00eates sur son passage&#8230; dont celle d&rsquo;Alex.<br \/>\n<em><br \/>\nEt si, en l&#8217;embauchant, il avait sign\u00e9 le contrat le plus inattendu de toute son existence ?<\/em><\/p>\n","protected":false},"excerpt":{"rendered":"<p>D\u00e9termin\u00e9 dans ses affaires, il lui faut une assistante de toute urgence. Flambeuse et frivole, elle a besoin d&rsquo;un job au risque de ne plus avoir de toit. Gros b\u00e9mol : elle ne supporte pas les r\u00e8gles. Encore moins l&rsquo;autorit\u00e9. Alex, architecte rigoureux, au sex appeal redoutable, dirige son cabinet d&rsquo;une main de ma\u00eetre. Ses [&hellip;]<\/p>\n","protected":false},"featured_media":6759,"comment_status":"open","ping_status":"closed","template":"","meta":{"_acf_changed":false,"content-type":""},"product_brand":[],"product_cat":[59],"product_tag":[],"class_list":{"0":"post-6712","1":"product","2":"type-product","3":"status-publish","4":"has-post-thumbnail","6":"product_cat-non-classe","8":"first","9":"instock","10":"taxable","11":"shipping-taxable","12":"purchasable","13":"product-type-simple"},"acf":{"auteur":"","date_parution":null,"bestseller":false,"librairie":false},"aioseo_notices":[],"_links":{"self":[{"href":"https:\/\/butterfly-editions.com\/index.php\/wp-json\/wp\/v2\/product\/6712","targetHints":{"allow":["GET"]}}],"collection":[{"href":"https:\/\/butterfly-editions.com\/index.php\/wp-json\/wp\/v2\/product"}],"about":[{"href":"https:\/\/butterfly-editions.com\/index.php\/wp-json\/wp\/v2\/types\/product"}],"replies":[{"embeddable":true,"href":"https:\/\/butterfly-editions.com\/index.php\/wp-json\/wp\/v2\/comments?post=6712"}],"wp:featuredmedia":[{"embeddable":true,"href":"https:\/\/butterfly-editions.com\/index.php\/wp-json\/wp\/v2\/media\/6759"}],"wp:attachment":[{"href":"https:\/\/butterfly-editions.com\/index.php\/wp-json\/wp\/v2\/media?parent=6712"}],"wp:term":[{"taxonomy":"product_brand","embeddable":true,"href":"https:\/\/butterfly-editions.com\/index.php\/wp-json\/wp\/v2\/product_brand?post=6712"},{"taxonomy":"product_cat","embeddable":true,"href":"https:\/\/butterfly-editions.com\/index.php\/wp-json\/wp\/v2\/product_cat?post=6712"},{"taxonomy":"product_tag","embeddable":true,"href":"https:\/\/butterfly-editions.com\/index.php\/wp-json\/wp\/v2\/product_tag?post=6712"}],"curies":[{"name":"wp","href":"https:\/\/api.w.org\/{rel}","templated":true}]}}