{"id":6710,"date":"2024-09-01T13:43:47","date_gmt":"2024-09-01T12:43:47","guid":{"rendered":"https:\/\/butterfly-editions.com\/?post_type=product&#038;p=6710"},"modified":"2026-01-27T14:30:14","modified_gmt":"2026-01-27T13:30:14","slug":"coach-me-de-mills-coleman","status":"publish","type":"product","link":"https:\/\/butterfly-editions.com\/index.php\/produit\/coach-me-de-mills-coleman\/","title":{"rendered":"Coach Me"},"content":{"rendered":"<p><strong>Entre perp\u00e9tuelles disputes et amour enflamm\u00e9, il n\u2019y a qu\u2019un pas&#8230;<\/strong><\/p>\n<p>Elena a toujours ador\u00e9 le hockey sur glace. Quand son petit ami, Peet, se met \u00e0 changer d&rsquo;attitude et la d\u00e9laisser, elle trouve dans ce sport le d\u00e9fouloir dont elle a besoin.<br \/>\nPassionn\u00e9e, elle assiste \u00e0 chaque entra\u00eenement de l&rsquo;\u00e9quipe universitaire, les Howling Vikings. Rapidement, elle se rend compte que les joueurs manquent cruellement d&rsquo;unit\u00e9 pour sortir victorieux de la saison \u00e0 venir.<\/p>\n<p>Alors que les hockeyeurs peinent \u00e0 progresser, ses conseils font mouche, l&rsquo;amenant doucement &#8211; mais s\u00fbrement &#8211; \u00e0 \u00e9pauler le coach, m\u00eame lors des matchs.<\/p>\n<p>Seule ombre au tableau : Chad, le capitaine de l&rsquo;\u00e9quipe. Sexy, t\u00e9n\u00e9breux \u00e0 souhait, arrogant \u00e0 ses heures, horripilant \u00e0 d&rsquo;autres, il semble, dans un premier temps, ne pas appr\u00e9cier sa pr\u00e9sence. Que cache-t-il derri\u00e8re ce jeu du chat et de la souris qui irrite Elena autant qu&rsquo;il la divertit ? Qui la rend dingue autant qu&rsquo;il l&rsquo;attire ?<\/p>\n<p><em>R\u00e9sister \u00e0 l&rsquo;interdit qu&rsquo;il repr\u00e9sente&#8230; jusqu&rsquo;\u00e0 quand ?<\/em><\/p>\n","protected":false},"excerpt":{"rendered":"<p>Entre perp\u00e9tuelles disputes et amour enflamm\u00e9, il n\u2019y a qu\u2019un pas&#8230; Elena a toujours ador\u00e9 le hockey sur glace. Quand son petit ami, Peet, se met \u00e0 changer d&rsquo;attitude et la d\u00e9laisser, elle trouve dans ce sport le d\u00e9fouloir dont elle a besoin. Passionn\u00e9e, elle assiste \u00e0 chaque entra\u00eenement de l&rsquo;\u00e9quipe universitaire, les Howling Vikings. [&hellip;]<\/p>\n","protected":false},"featured_media":6757,"comment_status":"open","ping_status":"closed","template":"","meta":{"_acf_changed":false,"content-type":""},"product_brand":[],"product_cat":[461],"product_tag":[535,534],"class_list":{"0":"post-6710","1":"product","2":"type-product","3":"status-publish","4":"has-post-thumbnail","6":"product_cat-romance-contemporaine","7":"product_tag-hockey","8":"product_tag-sport-romance","10":"first","11":"instock","12":"taxable","13":"shipping-taxable","14":"purchasable","15":"product-type-variable"},"acf":{"auteur":"Mills Coleman","date_parution":"20211217","bestseller":true,"librairie":false},"aioseo_notices":[],"_links":{"self":[{"href":"https:\/\/butterfly-editions.com\/index.php\/wp-json\/wp\/v2\/product\/6710","targetHints":{"allow":["GET"]}}],"collection":[{"href":"https:\/\/butterfly-editions.com\/index.php\/wp-json\/wp\/v2\/product"}],"about":[{"href":"https:\/\/butterfly-editions.com\/index.php\/wp-json\/wp\/v2\/types\/product"}],"replies":[{"embeddable":true,"href":"https:\/\/butterfly-editions.com\/index.php\/wp-json\/wp\/v2\/comments?post=6710"}],"wp:featuredmedia":[{"embeddable":true,"href":"https:\/\/butterfly-editions.com\/index.php\/wp-json\/wp\/v2\/media\/6757"}],"wp:attachment":[{"href":"https:\/\/butterfly-editions.com\/index.php\/wp-json\/wp\/v2\/media?parent=6710"}],"wp:term":[{"taxonomy":"product_brand","embeddable":true,"href":"https:\/\/butterfly-editions.com\/index.php\/wp-json\/wp\/v2\/product_brand?post=6710"},{"taxonomy":"product_cat","embeddable":true,"href":"https:\/\/butterfly-editions.com\/index.php\/wp-json\/wp\/v2\/product_cat?post=6710"},{"taxonomy":"product_tag","embeddable":true,"href":"https:\/\/butterfly-editions.com\/index.php\/wp-json\/wp\/v2\/product_tag?post=6710"}],"curies":[{"name":"wp","href":"https:\/\/api.w.org\/{rel}","templated":true}]}}