{"id":6709,"date":"2024-09-01T13:43:47","date_gmt":"2024-09-01T12:43:47","guid":{"rendered":"https:\/\/butterfly-editions.com\/?post_type=product&#038;p=6709"},"modified":"2026-01-28T12:04:04","modified_gmt":"2026-01-28T11:04:04","slug":"divorcee-cherche-plan-cul-et-plus-si-affinites-de-mel-d","status":"publish","type":"product","link":"https:\/\/butterfly-editions.com\/index.php\/produit\/divorcee-cherche-plan-cul-et-plus-si-affinites-de-mel-d\/","title":{"rendered":"Summer, Love &#038; Complications (Anciennement : Divorc\u00e9e, cherche plan cul et plus si affinit\u00e9s&#8230;)"},"content":{"rendered":"<p>Un plan cul ? <em>Deal.<\/em><\/p>\n<p>Pas de sentiments ? <em>Deal.<\/em><\/p>\n<p>Dur\u00e9e d\u00e9termin\u00e9e ? <em>Deal<\/em><\/p>\n<p>Fra\u00eechement divorc\u00e9e, Irina part en vacances dans le sud de l\u2019Italie en compagnie de sa s\u0153ur cadette qui est bien d\u00e9cid\u00e9e \u00e0 lui montrer les plaisirs de la vie et de la bousculer dans ses principes.<\/p>\n<p>Andrea, jeune et t\u00e9n\u00e9breux, sort d\u2019une relation difficile. Les femmes, tr\u00e8s peu pour lui. Il accumule d\u00e9j\u00e0 assez les probl\u00e8mes comme \u00e7a pour en rajouter !<\/p>\n<p>Lorsqu\u2019il rencontre la belle brune, il succombe \u00e0 ses charmes. Pour eux, un plan cul est l\u2019option id\u00e9ale, le temps d\u2019un \u00e9t\u00e9, tant que les sentiments ne se m\u00ealent pas \u00e0 cette pseudo-relation.<\/p>\n<p>Surtout que quinze ans les s\u00e9parent&#8230;<\/p>\n","protected":false},"excerpt":{"rendered":"<p>Un plan cul ? Deal. Pas de sentiments ? Deal. Dur\u00e9e d\u00e9termin\u00e9e ? Deal Fra\u00eechement divorc\u00e9e, Irina part en vacances dans le sud de l\u2019Italie en compagnie de sa s\u0153ur cadette qui est bien d\u00e9cid\u00e9e \u00e0 lui montrer les plaisirs de la vie et de la bousculer dans ses principes. Andrea, jeune et t\u00e9n\u00e9breux, sort [&hellip;]<\/p>\n","protected":false},"featured_media":9864,"comment_status":"open","ping_status":"closed","template":"","meta":{"_acf_changed":false,"content-type":""},"product_brand":[],"product_cat":[59],"product_tag":[],"class_list":{"0":"post-6709","1":"product","2":"type-product","3":"status-publish","4":"has-post-thumbnail","6":"product_cat-non-classe","8":"first","9":"outofstock","10":"taxable","11":"shipping-taxable","12":"purchasable","13":"product-type-variable"},"acf":{"auteur":"Mel D. ","date_parution":"20230628","bestseller":false,"librairie":false},"aioseo_notices":[],"_links":{"self":[{"href":"https:\/\/butterfly-editions.com\/index.php\/wp-json\/wp\/v2\/product\/6709","targetHints":{"allow":["GET"]}}],"collection":[{"href":"https:\/\/butterfly-editions.com\/index.php\/wp-json\/wp\/v2\/product"}],"about":[{"href":"https:\/\/butterfly-editions.com\/index.php\/wp-json\/wp\/v2\/types\/product"}],"replies":[{"embeddable":true,"href":"https:\/\/butterfly-editions.com\/index.php\/wp-json\/wp\/v2\/comments?post=6709"}],"wp:featuredmedia":[{"embeddable":true,"href":"https:\/\/butterfly-editions.com\/index.php\/wp-json\/wp\/v2\/media\/9864"}],"wp:attachment":[{"href":"https:\/\/butterfly-editions.com\/index.php\/wp-json\/wp\/v2\/media?parent=6709"}],"wp:term":[{"taxonomy":"product_brand","embeddable":true,"href":"https:\/\/butterfly-editions.com\/index.php\/wp-json\/wp\/v2\/product_brand?post=6709"},{"taxonomy":"product_cat","embeddable":true,"href":"https:\/\/butterfly-editions.com\/index.php\/wp-json\/wp\/v2\/product_cat?post=6709"},{"taxonomy":"product_tag","embeddable":true,"href":"https:\/\/butterfly-editions.com\/index.php\/wp-json\/wp\/v2\/product_tag?post=6709"}],"curies":[{"name":"wp","href":"https:\/\/api.w.org\/{rel}","templated":true}]}}