{"id":6700,"date":"2024-09-01T13:43:25","date_gmt":"2024-09-01T12:43:25","guid":{"rendered":"https:\/\/butterfly-editions.com\/?post_type=product&#038;p=6700"},"modified":"2024-09-01T13:44:44","modified_gmt":"2024-09-01T12:44:44","slug":"triple-axel-de-sonia-gimor","status":"publish","type":"product","link":"https:\/\/butterfly-editions.com\/index.php\/produit\/triple-axel-de-sonia-gimor\/","title":{"rendered":"Triple Axel de Sonia Gimor"},"content":{"rendered":"<p><strong>Tout le monde pense que je suis coupable.<\/p>\n<p>Personne ne conna\u00eet la v\u00e9rit\u00e9.<\/strong><\/p>\n<p>J&rsquo;avais tout ce que je voulais : succ\u00e8s, argent, femmes. Maintenant, ma carri\u00e8re est au bord du gouffre.<\/p>\n<p>Et puis, elle est arriv\u00e9e. La seule capable de me sauver. Ma derni\u00e8re chance.<\/p>\n<p>Mais, mon salut pourrait \u00eatre aussi sa perte&#8230;<\/p>\n<p><em><br \/>\nJe suis un patineur professionnel. Le meilleur. Et ceci mon histoire.<\/em><\/p>\n","protected":false},"excerpt":{"rendered":"<p>Tout le monde pense que je suis coupable. Personne ne conna\u00eet la v\u00e9rit\u00e9. J&rsquo;avais tout ce que je voulais : succ\u00e8s, argent, femmes. Maintenant, ma carri\u00e8re est au bord du gouffre. Et puis, elle est arriv\u00e9e. La seule capable de me sauver. Ma derni\u00e8re chance. Mais, mon salut pourrait \u00eatre aussi sa perte&#8230; Je suis [&hellip;]<\/p>\n","protected":false},"featured_media":6755,"comment_status":"open","ping_status":"closed","template":"","meta":{"_acf_changed":false,"content-type":""},"product_brand":[],"product_cat":[59],"product_tag":[],"class_list":{"0":"post-6700","1":"product","2":"type-product","3":"status-publish","4":"has-post-thumbnail","6":"product_cat-non-classe","8":"first","9":"instock","10":"taxable","11":"shipping-taxable","12":"purchasable","13":"product-type-simple"},"acf":{"auteur":"","date_parution":null,"bestseller":false,"librairie":false},"aioseo_notices":[],"_links":{"self":[{"href":"https:\/\/butterfly-editions.com\/index.php\/wp-json\/wp\/v2\/product\/6700","targetHints":{"allow":["GET"]}}],"collection":[{"href":"https:\/\/butterfly-editions.com\/index.php\/wp-json\/wp\/v2\/product"}],"about":[{"href":"https:\/\/butterfly-editions.com\/index.php\/wp-json\/wp\/v2\/types\/product"}],"replies":[{"embeddable":true,"href":"https:\/\/butterfly-editions.com\/index.php\/wp-json\/wp\/v2\/comments?post=6700"}],"wp:featuredmedia":[{"embeddable":true,"href":"https:\/\/butterfly-editions.com\/index.php\/wp-json\/wp\/v2\/media\/6755"}],"wp:attachment":[{"href":"https:\/\/butterfly-editions.com\/index.php\/wp-json\/wp\/v2\/media?parent=6700"}],"wp:term":[{"taxonomy":"product_brand","embeddable":true,"href":"https:\/\/butterfly-editions.com\/index.php\/wp-json\/wp\/v2\/product_brand?post=6700"},{"taxonomy":"product_cat","embeddable":true,"href":"https:\/\/butterfly-editions.com\/index.php\/wp-json\/wp\/v2\/product_cat?post=6700"},{"taxonomy":"product_tag","embeddable":true,"href":"https:\/\/butterfly-editions.com\/index.php\/wp-json\/wp\/v2\/product_tag?post=6700"}],"curies":[{"name":"wp","href":"https:\/\/api.w.org\/{rel}","templated":true}]}}