{"id":6697,"date":"2024-09-01T13:43:25","date_gmt":"2024-09-01T12:43:25","guid":{"rendered":"https:\/\/butterfly-editions.com\/?post_type=product&#038;p=6697"},"modified":"2026-01-28T17:45:48","modified_gmt":"2026-01-28T16:45:48","slug":"devious-man-de-ellie-ach","status":"publish","type":"product","link":"https:\/\/butterfly-editions.com\/index.php\/produit\/devious-man-de-ellie-ach\/","title":{"rendered":"Devious Souls T2 &#8211; Devious Man"},"content":{"rendered":"<p><strong>Son plus grand secret ? Son attirance pour\u00a0<em>elle.<\/em><\/strong><\/p>\n<p><strong>Sa plus grande crainte ? Se d\u00e9voiler&#8230; au risque de\u00a0<em>la<\/em>\u00a0perdre.<\/strong><\/p>\n<p>Angel, d\u00e9couverte b\u00e9b\u00e9 devant la porte des\u00a0<em>Devious Souls<\/em>, a toujours \u00e9t\u00e9 choy\u00e9e par le club de bikers&#8230; Surtout par Heall, qui, jour apr\u00e8s jour, a grandi \u00e0 ses c\u00f4t\u00e9s tout en veillant sur elle.<\/p>\n<p>D\u00e9sormais jeunes adultes, ils ne peuvent nier les sentiments de plus en plus ambigus qui se d\u00e9veloppent entre eux.<\/p>\n<p>Si Angel ressent le besoin de le pousser dans les retranchements, Heall, quant \u00e0 lui, refuse tout rapprochement&#8230; au risque de se perdre et de devoir lui d\u00e9voiler sa part sombre&#8230;<\/p>\n<p>Quand elle se d\u00e9cide \u00e0 retrouver ses origines, elle se confronte rapidement au pire des dangers. Le club se retrouve alors pris une guerre sans merci&#8230; pour la sauver.<\/p>\n<p><em>Qui de ses origines ou de Heall se r\u00e9v\u00e9lera le plus dangereux pour Angel ?<\/em><\/p>\n<p><em>Les paris sont lanc\u00e9s&#8230;<\/em><\/p>\n<p>&nbsp;<\/p>\n<div id=\"richProductInformation_feature_div\" class=\"celwidget\" data-feature-name=\"richProductInformation\" data-csa-c-id=\"b27tmy-282sjt-giqord-oqi624\" data-cel-widget=\"richProductInformation_feature_div\">\n<div id=\"rich_product_information\" class=\"a-section a-spacing-none celwidget\" data-csa-c-id=\"19wyq6-cgerxe-l6z22f-r8purq\" data-cel-widget=\"rich_product_information\" data-wp-editing=\"1\"><a href=\"https:\/\/www.amazon.fr\/Devious-Man-Ellie-Ach-ebook\/dp\/B09KS3KWCT\"><img loading=\"lazy\" decoding=\"async\" class=\"n3VNCb alignleft\" src=\"https:\/\/logos-world.net\/wp-content\/uploads\/2020\/03\/Amazon-Kindle-Symbol.png\" alt=\"Amazon Kindle Logo, history, meaning, symbol, PNG\" width=\"94\" height=\"53\" data-noaft=\"1\" \/><\/a><a href=\"https:\/\/play.google.com\/store\/books\/details\/Ellie_Ach_Devious_Man?id=0rpLEAAAQBAJ\"><img loading=\"lazy\" decoding=\"async\" class=\"alignleft\" src=\"https:\/\/upload.wikimedia.org\/wikipedia\/commons\/3\/3b\/Google_livres.png\" alt=\"\" width=\"106\" height=\"40\" \/><\/a><a href=\"https:\/\/www.kobo.com\/fr\/fr\/ebook\/devious-man\"><img loading=\"lazy\" decoding=\"async\" class=\"alignleft\" src=\"https:\/\/download.logo.wine\/logo\/Kobo_eReader\/Kobo_eReader-Logo.wine.png\" alt=\"\" width=\"90\" height=\"60\" \/><\/a><a href=\"https:\/\/books.apple.com\/fr\/book\/devious-man\/id1592994505\"><img loading=\"lazy\" decoding=\"async\" class=\"alignleft\" src=\"https:\/\/support.apple.com\/content\/dam\/edam\/applecare\/images\/en_US\/social\/thumbnail\/ios11-ibooks-app_2x.png\" alt=\"\" width=\"52\" height=\"52\" \/><\/a><\/div>\n<\/div>\n<div data-csa-c-id=\"19wyq6-cgerxe-l6z22f-r8purq\" data-cel-widget=\"rich_product_information\"><\/div>\n<div data-csa-c-id=\"19wyq6-cgerxe-l6z22f-r8purq\" data-cel-widget=\"rich_product_information\"><\/div>\n","protected":false},"excerpt":{"rendered":"<p>Son plus grand secret ? Son attirance pour\u00a0elle. Sa plus grande crainte ? Se d\u00e9voiler&#8230; au risque de\u00a0la\u00a0perdre. Angel, d\u00e9couverte b\u00e9b\u00e9 devant la porte des\u00a0Devious Souls, a toujours \u00e9t\u00e9 choy\u00e9e par le club de bikers&#8230; Surtout par Heall, qui, jour apr\u00e8s jour, a grandi \u00e0 ses c\u00f4t\u00e9s tout en veillant sur elle. D\u00e9sormais jeunes adultes, [&hellip;]<\/p>\n","protected":false},"featured_media":6752,"comment_status":"open","ping_status":"closed","template":"","meta":{"_acf_changed":false,"content-type":""},"product_brand":[],"product_cat":[466],"product_tag":[470],"class_list":{"0":"post-6697","1":"product","2":"type-product","3":"status-publish","4":"has-post-thumbnail","6":"product_cat-romance-sombre","7":"product_tag-bikers","9":"first","10":"instock","11":"taxable","12":"shipping-taxable","13":"purchasable","14":"product-type-variable"},"acf":{"auteur":"Ellie Ach","date_parution":"20211105","bestseller":false,"librairie":false},"aioseo_notices":[],"_links":{"self":[{"href":"https:\/\/butterfly-editions.com\/index.php\/wp-json\/wp\/v2\/product\/6697","targetHints":{"allow":["GET"]}}],"collection":[{"href":"https:\/\/butterfly-editions.com\/index.php\/wp-json\/wp\/v2\/product"}],"about":[{"href":"https:\/\/butterfly-editions.com\/index.php\/wp-json\/wp\/v2\/types\/product"}],"replies":[{"embeddable":true,"href":"https:\/\/butterfly-editions.com\/index.php\/wp-json\/wp\/v2\/comments?post=6697"}],"wp:featuredmedia":[{"embeddable":true,"href":"https:\/\/butterfly-editions.com\/index.php\/wp-json\/wp\/v2\/media\/6752"}],"wp:attachment":[{"href":"https:\/\/butterfly-editions.com\/index.php\/wp-json\/wp\/v2\/media?parent=6697"}],"wp:term":[{"taxonomy":"product_brand","embeddable":true,"href":"https:\/\/butterfly-editions.com\/index.php\/wp-json\/wp\/v2\/product_brand?post=6697"},{"taxonomy":"product_cat","embeddable":true,"href":"https:\/\/butterfly-editions.com\/index.php\/wp-json\/wp\/v2\/product_cat?post=6697"},{"taxonomy":"product_tag","embeddable":true,"href":"https:\/\/butterfly-editions.com\/index.php\/wp-json\/wp\/v2\/product_tag?post=6697"}],"curies":[{"name":"wp","href":"https:\/\/api.w.org\/{rel}","templated":true}]}}