{"id":6696,"date":"2024-09-01T13:43:24","date_gmt":"2024-09-01T12:43:24","guid":{"rendered":"https:\/\/butterfly-editions.com\/?post_type=product&#038;p=6696"},"modified":"2024-09-01T13:44:27","modified_gmt":"2024-09-01T12:44:27","slug":"captive-in-darkness-de-mersika-m","status":"publish","type":"product","link":"https:\/\/butterfly-editions.com\/index.php\/produit\/captive-in-darkness-de-mersika-m\/","title":{"rendered":"Captive in darkness de Mersika M."},"content":{"rendered":"<p><i>\u00ab Cher Journal,<\/i><\/p>\n<p><i>Mon seul crime a \u00e9t\u00e9 ma solitude. Ma gentillesse&#8230; Parce que je me suis arr\u00eat\u00e9e devant l\u2019ange, pour d\u00e9couvrir le d\u00e9mon&#8230; Un d\u00e9mon qui m\u2019a men\u00e9e en Enfer sous vos yeux.<\/i><\/p>\n<p><i>Il a su me d\u00e9truire de l\u2019int\u00e9rieur, et j\u2019ai oubli\u00e9&#8230; Je suis un esprit faible&#8230; Je suis une autre&#8230; Je suis sa femme. \u00bb<\/i><\/p>\n<p><i>***<\/i><\/p>\n<p>Adam.<\/p>\n<p>Un regard \u00e9chang\u00e9 avec cet homme et plus rien ne sera comme avant pour Leila.<\/p>\n<p>L\u2019amour avec un grand A, elle ne l\u2019avait encore jamais rencontr\u00e9. Jusqu\u2019\u00e0 lui. Jusqu\u2019\u00e0 ses f\u00ealures. Jusqu\u2019\u00e0 sa tendresse. Jusqu\u2019\u00e0 son corps qui la fait frissonner de plaisir&#8230;<\/p>\n<p>Jusqu\u2019\u00e0 ce que le d\u00e9mon, tapi derri\u00e8re son regard scintillant, ne se r\u00e9veille&#8230;<\/p>\n<div id=\"richProductInformation_feature_div\" class=\"celwidget\" data-feature-name=\"richProductInformation\" data-csa-c-id=\"b27tmy-282sjt-giqord-oqi624\" data-cel-widget=\"richProductInformation_feature_div\">\n<div id=\"rich_product_information\" class=\"a-section a-spacing-none celwidget\" data-csa-c-id=\"19wyq6-cgerxe-l6z22f-r8purq\" data-cel-widget=\"rich_product_information\"><a href=\"https:\/\/www.amazon.fr\/Captive-Darkness-M-Mersika-ebook\/dp\/B09G3DJYMB\/ref=sr_1_1?__mk_fr_FR=%C3%85M%C3%85%C5%BD%C3%95%C3%91&amp;keywords=captive+in+darkness&amp;qid=1638968308&amp;sr=8-1\"><img loading=\"lazy\" decoding=\"async\" class=\"n3VNCb alignleft\" src=\"https:\/\/logos-world.net\/wp-content\/uploads\/2020\/03\/Amazon-Kindle-Symbol.png\" alt=\"Amazon Kindle Logo, history, meaning, symbol, PNG\" width=\"94\" height=\"53\" data-noaft=\"1\" \/><\/a><a href=\"https:\/\/play.google.com\/store\/books\/details\/M_Mersika_Captive_in_Darkness?id=C65CEAAAQBAJ\"><img loading=\"lazy\" decoding=\"async\" class=\"alignleft\" src=\"https:\/\/upload.wikimedia.org\/wikipedia\/commons\/3\/3b\/Google_livres.png\" alt=\"\" width=\"106\" height=\"40\" \/><\/a><a href=\"https:\/\/www.kobo.com\/fr\/fr\/ebook\/captive-in-darkness\"><img loading=\"lazy\" decoding=\"async\" class=\"alignleft\" src=\"https:\/\/download.logo.wine\/logo\/Kobo_eReader\/Kobo_eReader-Logo.wine.png\" alt=\"\" width=\"90\" height=\"60\" \/><\/a><a href=\"https:\/\/books.apple.com\/fr\/book\/captive-in-darkness\/id1585645212\"><img loading=\"lazy\" decoding=\"async\" class=\"alignleft\" src=\"https:\/\/support.apple.com\/content\/dam\/edam\/applecare\/images\/en_US\/social\/thumbnail\/ios11-ibooks-app_2x.png\" alt=\"\" width=\"52\" height=\"52\" \/><\/a><\/div>\n<\/div>\n<div data-csa-c-id=\"19wyq6-cgerxe-l6z22f-r8purq\" data-cel-widget=\"rich_product_information\"><\/div>\n<div data-csa-c-id=\"19wyq6-cgerxe-l6z22f-r8purq\" data-cel-widget=\"rich_product_information\"><\/div>\n","protected":false},"excerpt":{"rendered":"<p>\u00ab Cher Journal, Mon seul crime a \u00e9t\u00e9 ma solitude. Ma gentillesse&#8230; Parce que je me suis arr\u00eat\u00e9e devant l\u2019ange, pour d\u00e9couvrir le d\u00e9mon&#8230; Un d\u00e9mon qui m\u2019a men\u00e9e en Enfer sous vos yeux. Il a su me d\u00e9truire de l\u2019int\u00e9rieur, et j\u2019ai oubli\u00e9&#8230; Je suis un esprit faible&#8230; Je suis une autre&#8230; Je suis [&hellip;]<\/p>\n","protected":false},"featured_media":6739,"comment_status":"open","ping_status":"closed","template":"","meta":{"_acf_changed":false,"content-type":""},"product_brand":[],"product_cat":[59],"product_tag":[],"class_list":{"0":"post-6696","1":"product","2":"type-product","3":"status-publish","4":"has-post-thumbnail","6":"product_cat-non-classe","8":"first","9":"instock","10":"taxable","11":"shipping-taxable","12":"purchasable","13":"product-type-simple"},"acf":{"auteur":"","date_parution":null,"bestseller":false,"librairie":false},"aioseo_notices":[],"_links":{"self":[{"href":"https:\/\/butterfly-editions.com\/index.php\/wp-json\/wp\/v2\/product\/6696","targetHints":{"allow":["GET"]}}],"collection":[{"href":"https:\/\/butterfly-editions.com\/index.php\/wp-json\/wp\/v2\/product"}],"about":[{"href":"https:\/\/butterfly-editions.com\/index.php\/wp-json\/wp\/v2\/types\/product"}],"replies":[{"embeddable":true,"href":"https:\/\/butterfly-editions.com\/index.php\/wp-json\/wp\/v2\/comments?post=6696"}],"wp:featuredmedia":[{"embeddable":true,"href":"https:\/\/butterfly-editions.com\/index.php\/wp-json\/wp\/v2\/media\/6739"}],"wp:attachment":[{"href":"https:\/\/butterfly-editions.com\/index.php\/wp-json\/wp\/v2\/media?parent=6696"}],"wp:term":[{"taxonomy":"product_brand","embeddable":true,"href":"https:\/\/butterfly-editions.com\/index.php\/wp-json\/wp\/v2\/product_brand?post=6696"},{"taxonomy":"product_cat","embeddable":true,"href":"https:\/\/butterfly-editions.com\/index.php\/wp-json\/wp\/v2\/product_cat?post=6696"},{"taxonomy":"product_tag","embeddable":true,"href":"https:\/\/butterfly-editions.com\/index.php\/wp-json\/wp\/v2\/product_tag?post=6696"}],"curies":[{"name":"wp","href":"https:\/\/api.w.org\/{rel}","templated":true}]}}