{"id":6686,"date":"2024-09-01T13:42:59","date_gmt":"2024-09-01T12:42:59","guid":{"rendered":"https:\/\/butterfly-editions.com\/?post_type=product&#038;p=6686"},"modified":"2024-09-01T13:44:24","modified_gmt":"2024-09-01T12:44:24","slug":"the-fault-sexy-campus-2-de-clara-rose","status":"publish","type":"product","link":"https:\/\/butterfly-editions.com\/index.php\/produit\/the-fault-sexy-campus-2-de-clara-rose\/","title":{"rendered":"The Fault Sexy Campus #2 de Clara Rose"},"content":{"rendered":"<p><b>Intr\u00e9pide, dragueur, sexy&#8230;<\/b><\/p>\n<p>Zane n\u2019a qu\u2019un seul cr\u00e9do : profiter de sa vie \u00e9tudiante sur le campus de ses r\u00eaves, tout en gardant des r\u00e9sultats sportifs exemplaires. Les filles et le basket, le basket et les filles, rien de moins, rien de plus !<\/p>\n<p>Allie, elle, garde les pieds sur Terre. Ses parents attendant beaucoup d\u2019elle, elle se concentre sur ses \u00e9tudes avec assiduit\u00e9. Les flirts ? Tr\u00e8s peu pour elle&#8230; \u00e0 moins de tomber sur la personne qui puisse lui faire oublier, le temps de quelques heures \u2013 pas plus \u2013 ses ennuis familiaux.<\/p>\n<p>Il suffit d\u2019une soir\u00e9e pour que leurs deux univers se percutent de plein fouet. Leur\u00a0<i>deal<\/i>\u00a0est clair : une nuit, pas plus.<\/p>\n<p>Sauf que Zane ne s\u2019imaginait pas ressentir&#8230; tellement plus.<\/p>\n<p>Sauf qu\u2019Allie croyait sa pilule s\u00fbre \u00e0 100%.<\/p>\n<p><em>Lorsque les sentiments et un b\u00e9b\u00e9 s\u2019invitent dans la danse de leur vie bien huil\u00e9e, tout se complique&#8230;<\/em><\/p>\n<div id=\"richProductInformation_feature_div\" class=\"celwidget\" data-feature-name=\"richProductInformation\" data-csa-c-id=\"b27tmy-282sjt-giqord-oqi624\" data-cel-widget=\"richProductInformation_feature_div\">\n<div id=\"rich_product_information\" class=\"a-section a-spacing-none celwidget\" data-csa-c-id=\"19wyq6-cgerxe-l6z22f-r8purq\" data-cel-widget=\"rich_product_information\"><a href=\"https:\/\/www.amazon.fr\/Fault-Clara-Rose-ebook\/dp\/B09GPHYV8V\/ref=reads_cwrtbar_5\/257-6370460-4742136?pd_rd_w=zQFyx&amp;pf_rd_p=13f29fce-ec64-43c3-8a40-f363f4a521f9&amp;pf_rd_r=E5RVGB2P619EAF3HKFPB&amp;pd_rd_r=99380509-aedb-4715-af18-ed62aba90afd&amp;pd_rd_wg=iNnnD&amp;pd_rd_i=B09GPHYV8V&amp;psc=1\"><img loading=\"lazy\" decoding=\"async\" class=\"n3VNCb alignleft\" src=\"https:\/\/logos-world.net\/wp-content\/uploads\/2020\/03\/Amazon-Kindle-Symbol.png\" alt=\"Amazon Kindle Logo, history, meaning, symbol, PNG\" width=\"94\" height=\"53\" data-noaft=\"1\" \/><\/a><a href=\"https:\/\/play.google.com\/store\/books\/details\/Clara_Rose_The_Fault?id=cedDEAAAQBAJ\"><img loading=\"lazy\" decoding=\"async\" class=\"alignleft\" src=\"https:\/\/upload.wikimedia.org\/wikipedia\/commons\/3\/3b\/Google_livres.png\" alt=\"\" width=\"106\" height=\"40\" \/><\/a><a href=\"https:\/\/www.kobo.com\/fr\/fr\/ebook\/the-fault-6\"><img loading=\"lazy\" decoding=\"async\" class=\"alignleft\" src=\"https:\/\/download.logo.wine\/logo\/Kobo_eReader\/Kobo_eReader-Logo.wine.png\" alt=\"\" width=\"90\" height=\"60\" \/><\/a><a href=\"https:\/\/books.apple.com\/fr\/book\/the-fault\/id1586601378\"><img loading=\"lazy\" decoding=\"async\" class=\"alignleft\" src=\"https:\/\/support.apple.com\/content\/dam\/edam\/applecare\/images\/en_US\/social\/thumbnail\/ios11-ibooks-app_2x.png\" alt=\"\" width=\"52\" height=\"52\" \/><\/a><\/div>\n<\/div>\n<div data-csa-c-id=\"19wyq6-cgerxe-l6z22f-r8purq\" data-cel-widget=\"rich_product_information\"><\/div>\n<div data-csa-c-id=\"19wyq6-cgerxe-l6z22f-r8purq\" data-cel-widget=\"rich_product_information\"><\/div>\n","protected":false},"excerpt":{"rendered":"<p>Intr\u00e9pide, dragueur, sexy&#8230; Zane n\u2019a qu\u2019un seul cr\u00e9do : profiter de sa vie \u00e9tudiante sur le campus de ses r\u00eaves, tout en gardant des r\u00e9sultats sportifs exemplaires. Les filles et le basket, le basket et les filles, rien de moins, rien de plus ! Allie, elle, garde les pieds sur Terre. Ses parents attendant beaucoup [&hellip;]<\/p>\n","protected":false},"featured_media":6737,"comment_status":"open","ping_status":"closed","template":"","meta":{"_acf_changed":false,"content-type":""},"product_brand":[],"product_cat":[59],"product_tag":[],"class_list":{"0":"post-6686","1":"product","2":"type-product","3":"status-publish","4":"has-post-thumbnail","6":"product_cat-non-classe","8":"first","9":"instock","10":"taxable","11":"shipping-taxable","12":"purchasable","13":"product-type-simple"},"acf":{"auteur":"","date_parution":null,"bestseller":false,"librairie":false},"aioseo_notices":[],"_links":{"self":[{"href":"https:\/\/butterfly-editions.com\/index.php\/wp-json\/wp\/v2\/product\/6686","targetHints":{"allow":["GET"]}}],"collection":[{"href":"https:\/\/butterfly-editions.com\/index.php\/wp-json\/wp\/v2\/product"}],"about":[{"href":"https:\/\/butterfly-editions.com\/index.php\/wp-json\/wp\/v2\/types\/product"}],"replies":[{"embeddable":true,"href":"https:\/\/butterfly-editions.com\/index.php\/wp-json\/wp\/v2\/comments?post=6686"}],"wp:featuredmedia":[{"embeddable":true,"href":"https:\/\/butterfly-editions.com\/index.php\/wp-json\/wp\/v2\/media\/6737"}],"wp:attachment":[{"href":"https:\/\/butterfly-editions.com\/index.php\/wp-json\/wp\/v2\/media?parent=6686"}],"wp:term":[{"taxonomy":"product_brand","embeddable":true,"href":"https:\/\/butterfly-editions.com\/index.php\/wp-json\/wp\/v2\/product_brand?post=6686"},{"taxonomy":"product_cat","embeddable":true,"href":"https:\/\/butterfly-editions.com\/index.php\/wp-json\/wp\/v2\/product_cat?post=6686"},{"taxonomy":"product_tag","embeddable":true,"href":"https:\/\/butterfly-editions.com\/index.php\/wp-json\/wp\/v2\/product_tag?post=6686"}],"curies":[{"name":"wp","href":"https:\/\/api.w.org\/{rel}","templated":true}]}}