{"id":6676,"date":"2024-09-01T13:42:34","date_gmt":"2024-09-01T12:42:34","guid":{"rendered":"https:\/\/butterfly-editions.com\/?post_type=product&#038;p=6676"},"modified":"2024-09-01T13:43:56","modified_gmt":"2024-09-01T12:43:56","slug":"out-of-reach-finn-de-julie-will","status":"publish","type":"product","link":"https:\/\/butterfly-editions.com\/index.php\/produit\/out-of-reach-finn-de-julie-will\/","title":{"rendered":"Out of reach Finn de Julie Will"},"content":{"rendered":"<p><strong>Elle est aga\u00e7ante, insupportable, inatteignable&#8230; mais surtout tr\u00e8s sexy.<\/strong><\/p>\n<p>Finn d\u00e9barque sur le campus de Kansas University avec la ferme intention de profiter pleinement de sa vie d\u2019\u00e9tudiant, tout en r\u00e9ussissant ses \u00e9tudes d\u2019infirmier, comme il l\u2019a promis \u00e0 son p\u00e8re avant qu\u2019il ne d\u00e9c\u00e8de.<\/p>\n<p>Pourtant, lorsque sa route croise celle de Kim Becker, aussi belle qu\u2019hors de port\u00e9e, tout vole en \u00e9clats. Le jeune homme perd peu \u00e0 peu le contr\u00f4le.<\/p>\n<p><em>D\u2019affrontements en affrontements, les piques laissent place au plaisir. M\u00eame si la jeune femme est d\u00e9j\u00e0 en couple avec Lexie, Finn est pr\u00eat \u00e0 relever tous les d\u00e9fis, notamment celui de la faire c\u00e9der&#8230;<\/em><\/p>\n<div id=\"richProductInformation_feature_div\" class=\"celwidget\" data-feature-name=\"richProductInformation\" data-csa-c-id=\"b27tmy-282sjt-giqord-oqi624\" data-cel-widget=\"richProductInformation_feature_div\">\n<div id=\"rich_product_information\" class=\"a-section a-spacing-none celwidget\" data-csa-c-id=\"19wyq6-cgerxe-l6z22f-r8purq\" data-cel-widget=\"rich_product_information\"><a href=\"https:\/\/www.amazon.fr\/Out-reach-Julie-Will-ebook\/dp\/B0977RSZPJ\/ref=sr_1_1?__mk_fr_FR=%C3%85M%C3%85%C5%BD%C3%95%C3%91&amp;crid=3L2XRMC2AFZOP&amp;keywords=out+of+reach&amp;qid=1638972255&amp;sprefix=out+of+r%2Caps%2C145&amp;sr=8-1\"><img loading=\"lazy\" decoding=\"async\" class=\"n3VNCb alignleft\" src=\"https:\/\/logos-world.net\/wp-content\/uploads\/2020\/03\/Amazon-Kindle-Symbol.png\" alt=\"Amazon Kindle Logo, history, meaning, symbol, PNG\" width=\"94\" height=\"53\" data-noaft=\"1\" \/><\/a><a href=\"https:\/\/play.google.com\/store\/books\/details\/Julie_Will_Out_of_reach?id=ZTMzEAAAQBAJ\"><img loading=\"lazy\" decoding=\"async\" class=\"alignleft\" src=\"https:\/\/upload.wikimedia.org\/wikipedia\/commons\/3\/3b\/Google_livres.png\" alt=\"\" width=\"106\" height=\"40\" \/><\/a><a href=\"https:\/\/www.kobo.com\/fr\/fr\/ebook\/out-of-reach-20\"><img loading=\"lazy\" decoding=\"async\" class=\"alignleft\" src=\"https:\/\/download.logo.wine\/logo\/Kobo_eReader\/Kobo_eReader-Logo.wine.png\" alt=\"\" width=\"90\" height=\"60\" \/><\/a><a href=\"https:\/\/books.apple.com\/fr\/book\/out-of-reach\/id1572276870\"><img loading=\"lazy\" decoding=\"async\" class=\"alignleft\" src=\"https:\/\/support.apple.com\/content\/dam\/edam\/applecare\/images\/en_US\/social\/thumbnail\/ios11-ibooks-app_2x.png\" alt=\"\" width=\"52\" height=\"52\" \/><\/a><\/div>\n<\/div>\n<div data-csa-c-id=\"19wyq6-cgerxe-l6z22f-r8purq\" data-cel-widget=\"rich_product_information\"><\/div>\n<div data-csa-c-id=\"19wyq6-cgerxe-l6z22f-r8purq\" data-cel-widget=\"rich_product_information\"><\/div>\n","protected":false},"excerpt":{"rendered":"<p>Elle est aga\u00e7ante, insupportable, inatteignable&#8230; mais surtout tr\u00e8s sexy. Finn d\u00e9barque sur le campus de Kansas University avec la ferme intention de profiter pleinement de sa vie d\u2019\u00e9tudiant, tout en r\u00e9ussissant ses \u00e9tudes d\u2019infirmier, comme il l\u2019a promis \u00e0 son p\u00e8re avant qu\u2019il ne d\u00e9c\u00e8de. Pourtant, lorsque sa route croise celle de Kim Becker, aussi [&hellip;]<\/p>\n","protected":false},"featured_media":6719,"comment_status":"open","ping_status":"closed","template":"","meta":{"_acf_changed":false,"content-type":""},"product_brand":[],"product_cat":[59],"product_tag":[],"class_list":{"0":"post-6676","1":"product","2":"type-product","3":"status-publish","4":"has-post-thumbnail","6":"product_cat-non-classe","8":"first","9":"instock","10":"taxable","11":"shipping-taxable","12":"purchasable","13":"product-type-simple"},"acf":{"auteur":"","date_parution":null,"bestseller":false,"librairie":false},"aioseo_notices":[],"_links":{"self":[{"href":"https:\/\/butterfly-editions.com\/index.php\/wp-json\/wp\/v2\/product\/6676","targetHints":{"allow":["GET"]}}],"collection":[{"href":"https:\/\/butterfly-editions.com\/index.php\/wp-json\/wp\/v2\/product"}],"about":[{"href":"https:\/\/butterfly-editions.com\/index.php\/wp-json\/wp\/v2\/types\/product"}],"replies":[{"embeddable":true,"href":"https:\/\/butterfly-editions.com\/index.php\/wp-json\/wp\/v2\/comments?post=6676"}],"wp:featuredmedia":[{"embeddable":true,"href":"https:\/\/butterfly-editions.com\/index.php\/wp-json\/wp\/v2\/media\/6719"}],"wp:attachment":[{"href":"https:\/\/butterfly-editions.com\/index.php\/wp-json\/wp\/v2\/media?parent=6676"}],"wp:term":[{"taxonomy":"product_brand","embeddable":true,"href":"https:\/\/butterfly-editions.com\/index.php\/wp-json\/wp\/v2\/product_brand?post=6676"},{"taxonomy":"product_cat","embeddable":true,"href":"https:\/\/butterfly-editions.com\/index.php\/wp-json\/wp\/v2\/product_cat?post=6676"},{"taxonomy":"product_tag","embeddable":true,"href":"https:\/\/butterfly-editions.com\/index.php\/wp-json\/wp\/v2\/product_tag?post=6676"}],"curies":[{"name":"wp","href":"https:\/\/api.w.org\/{rel}","templated":true}]}}