{"id":6666,"date":"2024-09-01T13:42:08","date_gmt":"2024-09-01T12:42:08","guid":{"rendered":"https:\/\/butterfly-editions.com\/?post_type=product&#038;p=6666"},"modified":"2024-09-01T13:43:30","modified_gmt":"2024-09-01T12:43:30","slug":"dance-sex-or-love-de-lea-collins","status":"publish","type":"product","link":"https:\/\/butterfly-editions.com\/index.php\/produit\/dance-sex-or-love-de-lea-collins\/","title":{"rendered":"Dance, Sex&#8230; or love ? de L\u00e9a Collins"},"content":{"rendered":"<p><strong>R\u00e9sister&#8230; ou succomber ?<\/strong><\/p>\n<p><strong>Le plus grand atout de Gabriel ? Son charisme.<\/strong><\/p>\n<p><strong>Son principal talent ? Le sexe.<\/strong><\/p>\n<p>Pour passer d&rsquo;amant cr\u00e9atif \u00e0 coach en sexualit\u00e9 f\u00e9minine, il n&rsquo;y a qu&rsquo;un pas, qu&rsquo;il a franchi deux ans plus t\u00f4t.<\/p>\n<p>Son m\u00e9tier ? R\u00e9v\u00e9ler aux femmes leur pouvoir orgasmique. Rien que \u00e7a&#8230;<\/p>\n<p>Le principal atout de Camille ? Son sens de l&rsquo;humour.<\/p>\n<p>Son principal talent ? Manger des cheese-cakes sans prendre un gramme. Ou presque.<\/p>\n<p>P\u00e2tissi\u00e8re passionn\u00e9e, elle a \u00e9rig\u00e9 le c\u00e9libat en un art qui la satisfait pleinement. Les hommes, tr\u00e8s peu pour elle. Pour les sorties, il y a ses amies. Pour les c\u00e2lins, son chat Gaston. Et, pour le reste, elle a des doigts.<\/p>\n<p>Le jour o\u00f9 Gabriel et Camille se percutent dans un cours de salsa, ce sont deux univers qui entrent en collision.<\/p>\n<p><em>\u00c9tincelles ou bain de sang ? Les paris sont lanc\u00e9s&#8230;<\/em><\/p>\n<p>&#8212;&#8212;-<\/p>\n<p><em>\u00ab\u00a0Mon c\u0153ur se fendille. Je ne sens que la chaleur de sa paume contre ma joue. Tout le reste a disparu. Le bruit des chaises qui raclent le sol, les voix des chanteurs et la musique qui les accompagne, le choc des verres pos\u00e9s sur le comptoir, les chuchotements des conversations alentour.<\/em><\/p>\n<p><em>Nous sommes seuls.<\/em><\/p>\n<p><em>Nous sommes seuls, l&rsquo;homme derri\u00e8re le masque et la fille sans armure. Pour la premi\u00e8re fois.\u00a0\u00bb<\/em><\/p>\n<hr \/>\n<p>\u00ab\u00a0Une histoire \u00e0 lire absolument ! C\u2019est complet, r\u00e9aliste, sinc\u00e8re, bouleversant, dr\u00f4le et rempli d\u2019amour. C\u2019est un \u00e9norme coup de c\u0153ur \u2665\ufe0f\u00a0\u00bb lectures_magiques<\/p>\n<div id=\"richProductInformation_feature_div\" class=\"celwidget\" data-feature-name=\"richProductInformation\" data-csa-c-id=\"b27tmy-282sjt-giqord-oqi624\" data-cel-widget=\"richProductInformation_feature_div\">\n<div id=\"rich_product_information\" class=\"a-section a-spacing-none celwidget\" data-csa-c-id=\"19wyq6-cgerxe-l6z22f-r8purq\" data-cel-widget=\"rich_product_information\"><a href=\"https:\/\/www.amazon.fr\/Dance-SEX-love-L%C3%A9a-Collins-ebook\/dp\/B08YYYPF4W\/ref=sr_1_1?__mk_fr_FR=%C3%85M%C3%85%C5%BD%C3%95%C3%91&amp;keywords=dance+sex&amp;qid=1638972429&amp;sr=8-1\"><img loading=\"lazy\" decoding=\"async\" class=\"n3VNCb alignleft\" src=\"https:\/\/logos-world.net\/wp-content\/uploads\/2020\/03\/Amazon-Kindle-Symbol.png\" alt=\"Amazon Kindle Logo, history, meaning, symbol, PNG\" width=\"94\" height=\"53\" data-noaft=\"1\" \/><\/a><a href=\"https:\/\/play.google.com\/store\/books\/details\/L%C3%A9a_Collins_Dance_SEX_or_love?id=IXsjEAAAQBAJ\"><img loading=\"lazy\" decoding=\"async\" class=\"alignleft\" src=\"https:\/\/upload.wikimedia.org\/wikipedia\/commons\/3\/3b\/Google_livres.png\" alt=\"\" width=\"106\" height=\"40\" \/><\/a><a href=\"https:\/\/www.kobo.com\/fr\/fr\/ebook\/dance-sex-or-love\"><img loading=\"lazy\" decoding=\"async\" class=\"alignleft\" src=\"https:\/\/download.logo.wine\/logo\/Kobo_eReader\/Kobo_eReader-Logo.wine.png\" alt=\"\" width=\"90\" height=\"60\" \/><\/a><a href=\"https:\/\/books.apple.com\/fr\/book\/dance-sex-or-love\/id1558428251\"><img loading=\"lazy\" decoding=\"async\" class=\"alignleft\" src=\"https:\/\/support.apple.com\/content\/dam\/edam\/applecare\/images\/en_US\/social\/thumbnail\/ios11-ibooks-app_2x.png\" alt=\"\" width=\"52\" height=\"52\" \/><\/a><\/div>\n<\/div>\n<div data-csa-c-id=\"19wyq6-cgerxe-l6z22f-r8purq\" data-cel-widget=\"rich_product_information\"><\/div>\n<div data-csa-c-id=\"19wyq6-cgerxe-l6z22f-r8purq\" data-cel-widget=\"rich_product_information\"><\/div>\n","protected":false},"excerpt":{"rendered":"<p>R\u00e9sister&#8230; ou succomber ? Le plus grand atout de Gabriel ? Son charisme. Son principal talent ? Le sexe. Pour passer d&rsquo;amant cr\u00e9atif \u00e0 coach en sexualit\u00e9 f\u00e9minine, il n&rsquo;y a qu&rsquo;un pas, qu&rsquo;il a franchi deux ans plus t\u00f4t. Son m\u00e9tier ? R\u00e9v\u00e9ler aux femmes leur pouvoir orgasmique. Rien que \u00e7a&#8230; Le principal atout [&hellip;]<\/p>\n","protected":false},"featured_media":6702,"comment_status":"open","ping_status":"closed","template":"","meta":{"_acf_changed":false,"content-type":""},"product_brand":[],"product_cat":[59],"product_tag":[],"class_list":{"0":"post-6666","1":"product","2":"type-product","3":"status-publish","4":"has-post-thumbnail","6":"product_cat-non-classe","8":"first","9":"instock","10":"taxable","11":"shipping-taxable","12":"purchasable","13":"product-type-simple"},"acf":{"auteur":"","date_parution":null,"bestseller":false,"librairie":false},"aioseo_notices":[],"_links":{"self":[{"href":"https:\/\/butterfly-editions.com\/index.php\/wp-json\/wp\/v2\/product\/6666","targetHints":{"allow":["GET"]}}],"collection":[{"href":"https:\/\/butterfly-editions.com\/index.php\/wp-json\/wp\/v2\/product"}],"about":[{"href":"https:\/\/butterfly-editions.com\/index.php\/wp-json\/wp\/v2\/types\/product"}],"replies":[{"embeddable":true,"href":"https:\/\/butterfly-editions.com\/index.php\/wp-json\/wp\/v2\/comments?post=6666"}],"wp:featuredmedia":[{"embeddable":true,"href":"https:\/\/butterfly-editions.com\/index.php\/wp-json\/wp\/v2\/media\/6702"}],"wp:attachment":[{"href":"https:\/\/butterfly-editions.com\/index.php\/wp-json\/wp\/v2\/media?parent=6666"}],"wp:term":[{"taxonomy":"product_brand","embeddable":true,"href":"https:\/\/butterfly-editions.com\/index.php\/wp-json\/wp\/v2\/product_brand?post=6666"},{"taxonomy":"product_cat","embeddable":true,"href":"https:\/\/butterfly-editions.com\/index.php\/wp-json\/wp\/v2\/product_cat?post=6666"},{"taxonomy":"product_tag","embeddable":true,"href":"https:\/\/butterfly-editions.com\/index.php\/wp-json\/wp\/v2\/product_tag?post=6666"}],"curies":[{"name":"wp","href":"https:\/\/api.w.org\/{rel}","templated":true}]}}