{"id":6665,"date":"2024-09-01T13:42:08","date_gmt":"2024-09-01T12:42:08","guid":{"rendered":"https:\/\/butterfly-editions.com\/?post_type=product&#038;p=6665"},"modified":"2024-09-01T13:43:22","modified_gmt":"2024-09-01T12:43:22","slug":"toi-moi-un-jour-peut-etre-de-marion-laurent","status":"publish","type":"product","link":"https:\/\/butterfly-editions.com\/index.php\/produit\/toi-moi-un-jour-peut-etre-de-marion-laurent\/","title":{"rendered":"Toi moi un jour peut-\u00eatre de Marion Laurent"},"content":{"rendered":"<p><strong>Impossible \u00e0 avoir, impossible \u00e0 oublier&#8230;<\/strong><\/p>\n<p>Depuis son adolescence, Louise est amoureuse de David, son professeur, son ami, son amour interdit. Lors de ses vingt ans, ils \u00e9changent un unique baiser avant qu&rsquo;elle ne parte habiter \u00e0 l&rsquo;autre bout de la France. Huit ans plus tard, son pass\u00e9 la rattrape quand il devient son Boss.<\/p>\n<p>La jeune femme est alors projet\u00e9e des ann\u00e9es en arri\u00e8re et doit faire face \u00e0 des sentiments qu\u2019elle croyait avoir oubli\u00e9s. David, quant \u00e0 lui, est loin d&rsquo;\u00eatre insensible \u00e0 ses charmes.<\/p>\n<p><em>Si, aujourd\u2019hui, ils sont adultes, un obstacle persiste entre eux&#8230; et pas des moindres&#8230;<\/em><\/p>\n<hr \/>\n<p>\u00ab\u00a0Un gros coup de c\u0153ur. La plume de l&rsquo;auteure est juste magnifique. L&rsquo;histoire m&rsquo;a rendu addicte \u00e0 ce roman. Les pages ont d\u00e9fil\u00e9 tellement vite&#8230;<br \/>\n\u00c0 la fois prenante et captivante, on ne peut qu&rsquo;aimer et appr\u00e9cier l&rsquo;histoire.\u00a0\u00bb karol_et_ses_lectures<\/p>\n<div id=\"richProductInformation_feature_div\" class=\"celwidget\" data-feature-name=\"richProductInformation\" data-csa-c-id=\"b27tmy-282sjt-giqord-oqi624\" data-cel-widget=\"richProductInformation_feature_div\">\n<div id=\"rich_product_information\" class=\"a-section a-spacing-none celwidget\" data-csa-c-id=\"19wyq6-cgerxe-l6z22f-r8purq\" data-cel-widget=\"rich_product_information\"><a href=\"https:\/\/www.amazon.fr\/Toi-jour-peut-%C3%AAtre-Marion-Laurent-ebook\/dp\/B0968JDTD5\/ref=sr_1_1?__mk_fr_FR=%C3%85M%C3%85%C5%BD%C3%95%C3%91&amp;crid=19CG1NK6E6XGL&amp;keywords=toi+moi+un+jour+peut+etre&amp;qid=1638973909&amp;sprefix=toi+moi+un%2Caps%2C147&amp;sr=8-1\"><img loading=\"lazy\" decoding=\"async\" class=\"n3VNCb alignleft\" src=\"https:\/\/logos-world.net\/wp-content\/uploads\/2020\/03\/Amazon-Kindle-Symbol.png\" alt=\"Amazon Kindle Logo, history, meaning, symbol, PNG\" width=\"94\" height=\"53\" data-noaft=\"1\" \/><\/a><a href=\"https:\/\/play.google.com\/store\/books\/details\/Marion_Laurent_Toi_moi_un_jour_peut_%C3%AAtre?id=F9AwEAAAQBAJ\"><img loading=\"lazy\" decoding=\"async\" class=\"alignleft\" src=\"https:\/\/upload.wikimedia.org\/wikipedia\/commons\/3\/3b\/Google_livres.png\" alt=\"\" width=\"106\" height=\"40\" \/><\/a><a href=\"https:\/\/www.kobo.com\/fr\/fr\/ebook\/toi-moi-un-jour-peut-etre\"><img loading=\"lazy\" decoding=\"async\" class=\"alignleft\" src=\"https:\/\/download.logo.wine\/logo\/Kobo_eReader\/Kobo_eReader-Logo.wine.png\" alt=\"\" width=\"90\" height=\"60\" \/><\/a><a href=\"https:\/\/books.apple.com\/fr\/book\/toi-moi-un-jour-peut-%C3%AAtre\/id1570109186\"><img loading=\"lazy\" decoding=\"async\" class=\"alignleft\" src=\"https:\/\/support.apple.com\/content\/dam\/edam\/applecare\/images\/en_US\/social\/thumbnail\/ios11-ibooks-app_2x.png\" alt=\"\" width=\"52\" height=\"52\" \/><\/a><\/div>\n<\/div>\n<div data-csa-c-id=\"19wyq6-cgerxe-l6z22f-r8purq\" data-cel-widget=\"rich_product_information\"><\/div>\n<div data-csa-c-id=\"19wyq6-cgerxe-l6z22f-r8purq\" data-cel-widget=\"rich_product_information\"><\/div>\n","protected":false},"excerpt":{"rendered":"<p>Impossible \u00e0 avoir, impossible \u00e0 oublier&#8230; Depuis son adolescence, Louise est amoureuse de David, son professeur, son ami, son amour interdit. Lors de ses vingt ans, ils \u00e9changent un unique baiser avant qu&rsquo;elle ne parte habiter \u00e0 l&rsquo;autre bout de la France. Huit ans plus tard, son pass\u00e9 la rattrape quand il devient son Boss. [&hellip;]<\/p>\n","protected":false},"featured_media":6695,"comment_status":"open","ping_status":"closed","template":"","meta":{"_acf_changed":false,"content-type":""},"product_brand":[],"product_cat":[59],"product_tag":[],"class_list":{"0":"post-6665","1":"product","2":"type-product","3":"status-publish","4":"has-post-thumbnail","6":"product_cat-non-classe","8":"first","9":"instock","10":"taxable","11":"shipping-taxable","12":"purchasable","13":"product-type-simple"},"acf":{"auteur":"","date_parution":null,"bestseller":false,"librairie":false},"aioseo_notices":[],"_links":{"self":[{"href":"https:\/\/butterfly-editions.com\/index.php\/wp-json\/wp\/v2\/product\/6665","targetHints":{"allow":["GET"]}}],"collection":[{"href":"https:\/\/butterfly-editions.com\/index.php\/wp-json\/wp\/v2\/product"}],"about":[{"href":"https:\/\/butterfly-editions.com\/index.php\/wp-json\/wp\/v2\/types\/product"}],"replies":[{"embeddable":true,"href":"https:\/\/butterfly-editions.com\/index.php\/wp-json\/wp\/v2\/comments?post=6665"}],"wp:featuredmedia":[{"embeddable":true,"href":"https:\/\/butterfly-editions.com\/index.php\/wp-json\/wp\/v2\/media\/6695"}],"wp:attachment":[{"href":"https:\/\/butterfly-editions.com\/index.php\/wp-json\/wp\/v2\/media?parent=6665"}],"wp:term":[{"taxonomy":"product_brand","embeddable":true,"href":"https:\/\/butterfly-editions.com\/index.php\/wp-json\/wp\/v2\/product_brand?post=6665"},{"taxonomy":"product_cat","embeddable":true,"href":"https:\/\/butterfly-editions.com\/index.php\/wp-json\/wp\/v2\/product_cat?post=6665"},{"taxonomy":"product_tag","embeddable":true,"href":"https:\/\/butterfly-editions.com\/index.php\/wp-json\/wp\/v2\/product_tag?post=6665"}],"curies":[{"name":"wp","href":"https:\/\/api.w.org\/{rel}","templated":true}]}}