{"id":6655,"date":"2024-09-01T13:41:46","date_gmt":"2024-09-01T12:41:46","guid":{"rendered":"https:\/\/butterfly-editions.com\/?post_type=product&#038;p=6655"},"modified":"2024-09-01T13:43:27","modified_gmt":"2024-09-01T12:43:27","slug":"sensual-bodyguard-de-wendy-roy","status":"publish","type":"product","link":"https:\/\/butterfly-editions.com\/index.php\/produit\/sensual-bodyguard-de-wendy-roy\/","title":{"rendered":"Sensual Bodyguard de Wendy Roy"},"content":{"rendered":"<p><strong>Entre eux, c\u2019est sensuel, br\u00fblant, volcanique !<\/strong><\/p>\n<p>Cadmal est garde du corps. Quand il n\u2019exerce pas son m\u00e9tier avec rigueur, il prend du bon temps, encha\u00eenant les conqu\u00eates, son c\u0153ur \u00e0 jamais hors de port\u00e9e.<\/p>\n<p>N\u00e9r\u00e9a est infirmi\u00e8re. Elle m\u00e8ne une vie bien rang\u00e9e et d\u00e9vou\u00e9e aux autres depuis un terrible accident qui a fait voler sa vie en \u00e9clats.<\/p>\n<p><em>D\u00e8s leur premi\u00e8re rencontre, l\u2019attraction est forte, le d\u00e9sir irr\u00e9sistible ! Un ph\u00e9nom\u00e8ne aussi spectaculaire que dangereux. Seulement, chacun d\u2019eux porte un lourd pass\u00e9 qui pourrait bien leur exploser \u00e0 la figure&#8230;<\/em><\/p>\n<hr \/>\n<p>\u00ab\u00a0La plume de l\u2019auteure est entra\u00eenante et envo\u00fbtante. Impossible pour moi de l\u00e2cher ce livre. Pass\u00e9, mensonges, d\u00e9couverte, animosit\u00e9, courage, force, amour et famille sont les ma\u00eetres mots de ce roman qui va vous subjuguer d\u00e8s le premier chapitre.\u00a0\u00bb lalecturedemaud<\/p>\n<div id=\"richProductInformation_feature_div\" class=\"celwidget\" data-feature-name=\"richProductInformation\" data-csa-c-id=\"b27tmy-282sjt-giqord-oqi624\" data-cel-widget=\"richProductInformation_feature_div\">\n<div id=\"rich_product_information\" class=\"a-section a-spacing-none celwidget\" data-csa-c-id=\"19wyq6-cgerxe-l6z22f-r8purq\" data-cel-widget=\"rich_product_information\"><a href=\"https:\/\/www.amazon.fr\/Sensual-Bodyguard-Wendy-Roy-ebook\/dp\/B08XVXQ1N9\/ref=sr_1_1?__mk_fr_FR=%C3%85M%C3%85%C5%BD%C3%95%C3%91&amp;crid=18YMCOOK20TM1&amp;keywords=sensual+bodyguard&amp;qid=1638973773&amp;sprefix=sensual+bodygaurd%2Caps%2C150&amp;sr=8-1\"><img loading=\"lazy\" decoding=\"async\" class=\"n3VNCb alignleft\" src=\"https:\/\/logos-world.net\/wp-content\/uploads\/2020\/03\/Amazon-Kindle-Symbol.png\" alt=\"Amazon Kindle Logo, history, meaning, symbol, PNG\" width=\"94\" height=\"53\" data-noaft=\"1\" \/><\/a><a href=\"https:\/\/play.google.com\/store\/books\/details\/Wendy_Roy_Sensual_Bodyguard?id=dwEhEAAAQBAJ\"><img loading=\"lazy\" decoding=\"async\" class=\"alignleft\" src=\"https:\/\/upload.wikimedia.org\/wikipedia\/commons\/3\/3b\/Google_livres.png\" alt=\"\" width=\"106\" height=\"40\" \/><\/a><a href=\"https:\/\/www.kobo.com\/fr\/fr\/ebook\/sensual-bodyguard\"><img loading=\"lazy\" decoding=\"async\" class=\"alignleft\" src=\"https:\/\/download.logo.wine\/logo\/Kobo_eReader\/Kobo_eReader-Logo.wine.png\" alt=\"\" width=\"90\" height=\"60\" \/><\/a><a href=\"https:\/\/books.apple.com\/fr\/book\/sensual-bodyguard\/id1556259116\"><img loading=\"lazy\" decoding=\"async\" class=\"alignleft\" src=\"https:\/\/support.apple.com\/content\/dam\/edam\/applecare\/images\/en_US\/social\/thumbnail\/ios11-ibooks-app_2x.png\" alt=\"\" width=\"52\" height=\"52\" \/><\/a><\/div>\n<\/div>\n<div data-csa-c-id=\"19wyq6-cgerxe-l6z22f-r8purq\" data-cel-widget=\"rich_product_information\"><\/div>\n<div data-csa-c-id=\"19wyq6-cgerxe-l6z22f-r8purq\" data-cel-widget=\"rich_product_information\"><\/div>\n","protected":false},"excerpt":{"rendered":"<p>Entre eux, c\u2019est sensuel, br\u00fblant, volcanique ! Cadmal est garde du corps. Quand il n\u2019exerce pas son m\u00e9tier avec rigueur, il prend du bon temps, encha\u00eenant les conqu\u00eates, son c\u0153ur \u00e0 jamais hors de port\u00e9e. N\u00e9r\u00e9a est infirmi\u00e8re. Elle m\u00e8ne une vie bien rang\u00e9e et d\u00e9vou\u00e9e aux autres depuis un terrible accident qui a fait [&hellip;]<\/p>\n","protected":false},"featured_media":6701,"comment_status":"open","ping_status":"closed","template":"","meta":{"_acf_changed":false,"content-type":""},"product_brand":[],"product_cat":[59],"product_tag":[],"class_list":{"0":"post-6655","1":"product","2":"type-product","3":"status-publish","4":"has-post-thumbnail","6":"product_cat-non-classe","8":"first","9":"instock","10":"taxable","11":"shipping-taxable","12":"purchasable","13":"product-type-simple"},"acf":{"auteur":"","date_parution":null,"bestseller":false,"librairie":false},"aioseo_notices":[],"_links":{"self":[{"href":"https:\/\/butterfly-editions.com\/index.php\/wp-json\/wp\/v2\/product\/6655","targetHints":{"allow":["GET"]}}],"collection":[{"href":"https:\/\/butterfly-editions.com\/index.php\/wp-json\/wp\/v2\/product"}],"about":[{"href":"https:\/\/butterfly-editions.com\/index.php\/wp-json\/wp\/v2\/types\/product"}],"replies":[{"embeddable":true,"href":"https:\/\/butterfly-editions.com\/index.php\/wp-json\/wp\/v2\/comments?post=6655"}],"wp:featuredmedia":[{"embeddable":true,"href":"https:\/\/butterfly-editions.com\/index.php\/wp-json\/wp\/v2\/media\/6701"}],"wp:attachment":[{"href":"https:\/\/butterfly-editions.com\/index.php\/wp-json\/wp\/v2\/media?parent=6655"}],"wp:term":[{"taxonomy":"product_brand","embeddable":true,"href":"https:\/\/butterfly-editions.com\/index.php\/wp-json\/wp\/v2\/product_brand?post=6655"},{"taxonomy":"product_cat","embeddable":true,"href":"https:\/\/butterfly-editions.com\/index.php\/wp-json\/wp\/v2\/product_cat?post=6655"},{"taxonomy":"product_tag","embeddable":true,"href":"https:\/\/butterfly-editions.com\/index.php\/wp-json\/wp\/v2\/product_tag?post=6655"}],"curies":[{"name":"wp","href":"https:\/\/api.w.org\/{rel}","templated":true}]}}