{"id":6654,"date":"2024-09-01T13:41:45","date_gmt":"2024-09-01T12:41:45","guid":{"rendered":"https:\/\/butterfly-editions.com\/?post_type=product&#038;p=6654"},"modified":"2026-01-29T10:01:34","modified_gmt":"2026-01-29T09:01:34","slug":"a-fleur-de-toi-de-charlotte-rodrigues","status":"publish","type":"product","link":"https:\/\/butterfly-editions.com\/index.php\/produit\/a-fleur-de-toi-de-charlotte-rodrigues\/","title":{"rendered":"\u00c0 fleur de toi"},"content":{"rendered":"<p><strong>Une d\u00e9ception amoureuse. Une rencontre impr\u00e9vue. Et si l&rsquo;amour sonnait l\u00e0 o\u00f9 on s&rsquo;y attend le moins ?<\/strong><\/p>\n<p>\u00c0 la suite d&rsquo;une d\u00e9ception amoureuse, Ema part se consoler et se changer les id\u00e9es chez sa soeur, Agathe, et son compagnon, Karl.<br \/>\nCe week-end marque le d\u00e9but d&rsquo;une nouvelle histoire. Elle y fait la connaissance de Tristan, l&rsquo;associ\u00e9 de son beau-fr\u00e8re.<br \/>\nRien n&rsquo;\u00e9tait pr\u00e9vu entre eux, mais l&rsquo;attraction est irr\u00e9sistible.<br \/>\nMalheureusement, la distance Paris-Londres, la notori\u00e9t\u00e9 de ce dernier et les quiproquos qui s&rsquo;encha\u00eenent sont autant de freins \u00e0 leur idylle.<br \/>\nEma a du mal \u00e0 accorder sa confiance. Tristan, lui, est d\u00e9termin\u00e9&#8230;<\/p>\n<p><em>Arrivera-t-il \u00e0 la faire c\u00e9der ?<\/em><\/p>\n<div id=\"richProductInformation_feature_div\" class=\"celwidget\" data-feature-name=\"richProductInformation\" data-csa-c-id=\"b27tmy-282sjt-giqord-oqi624\" data-cel-widget=\"richProductInformation_feature_div\">\n<div id=\"rich_product_information\" class=\"a-section a-spacing-none celwidget\" data-csa-c-id=\"19wyq6-cgerxe-l6z22f-r8purq\" data-cel-widget=\"rich_product_information\"><a href=\"https:\/\/www.amazon.fr\/%C3%80-Fleur-toi-Charlotte-Rodrigues-ebook\/dp\/B07YGLNP12\/ref=sr_1_6?__mk_fr_FR=%C3%85M%C3%85%C5%BD%C3%95%C3%91&amp;keywords=%C3%A0+fleur+de+toi&amp;qid=1638975194&amp;sr=8-6\"><img loading=\"lazy\" decoding=\"async\" class=\"n3VNCb alignleft\" src=\"https:\/\/logos-world.net\/wp-content\/uploads\/2020\/03\/Amazon-Kindle-Symbol.png\" alt=\"Amazon Kindle Logo, history, meaning, symbol, PNG\" width=\"94\" height=\"53\" data-noaft=\"1\" \/><\/a><a href=\"https:\/\/play.google.com\/store\/books\/details\/Charlotte_Rodrigues_%C3%80_Fleur_de_toi?id=7lyyDwAAQBAJ\"><img loading=\"lazy\" decoding=\"async\" class=\"alignleft\" src=\"https:\/\/upload.wikimedia.org\/wikipedia\/commons\/3\/3b\/Google_livres.png\" alt=\"\" width=\"106\" height=\"40\" \/><\/a><a href=\"https:\/\/www.kobo.com\/fr\/fr\/ebook\/a-fleur-de-toi\"><img loading=\"lazy\" decoding=\"async\" class=\"alignleft\" src=\"https:\/\/download.logo.wine\/logo\/Kobo_eReader\/Kobo_eReader-Logo.wine.png\" alt=\"\" width=\"90\" height=\"60\" \/><\/a><a href=\"https:\/\/books.apple.com\/fr\/book\/%C3%A0-fleur-de-toi\/id1481592114\"><img loading=\"lazy\" decoding=\"async\" class=\"alignleft\" src=\"https:\/\/support.apple.com\/content\/dam\/edam\/applecare\/images\/en_US\/social\/thumbnail\/ios11-ibooks-app_2x.png\" alt=\"\" width=\"52\" height=\"52\" \/><\/a><\/div>\n<\/div>\n<div data-csa-c-id=\"19wyq6-cgerxe-l6z22f-r8purq\" data-cel-widget=\"rich_product_information\"><\/div>\n<div data-csa-c-id=\"19wyq6-cgerxe-l6z22f-r8purq\" data-cel-widget=\"rich_product_information\"><\/div>\n","protected":false},"excerpt":{"rendered":"<p>Une d\u00e9ception amoureuse. Une rencontre impr\u00e9vue. Et si l&rsquo;amour sonnait l\u00e0 o\u00f9 on s&rsquo;y attend le moins ? \u00c0 la suite d&rsquo;une d\u00e9ception amoureuse, Ema part se consoler et se changer les id\u00e9es chez sa soeur, Agathe, et son compagnon, Karl. Ce week-end marque le d\u00e9but d&rsquo;une nouvelle histoire. Elle y fait la connaissance de [&hellip;]<\/p>\n","protected":false},"featured_media":6690,"comment_status":"open","ping_status":"closed","template":"","meta":{"_acf_changed":false,"content-type":""},"product_brand":[],"product_cat":[461],"product_tag":[],"class_list":{"0":"post-6654","1":"product","2":"type-product","3":"status-publish","4":"has-post-thumbnail","6":"product_cat-romance-contemporaine","8":"first","9":"outofstock","10":"taxable","11":"shipping-taxable","12":"purchasable","13":"product-type-variable"},"acf":{"auteur":"Charlotte Rodrigues","date_parution":"20190930","bestseller":false,"librairie":false},"aioseo_notices":[],"_links":{"self":[{"href":"https:\/\/butterfly-editions.com\/index.php\/wp-json\/wp\/v2\/product\/6654","targetHints":{"allow":["GET"]}}],"collection":[{"href":"https:\/\/butterfly-editions.com\/index.php\/wp-json\/wp\/v2\/product"}],"about":[{"href":"https:\/\/butterfly-editions.com\/index.php\/wp-json\/wp\/v2\/types\/product"}],"replies":[{"embeddable":true,"href":"https:\/\/butterfly-editions.com\/index.php\/wp-json\/wp\/v2\/comments?post=6654"}],"wp:featuredmedia":[{"embeddable":true,"href":"https:\/\/butterfly-editions.com\/index.php\/wp-json\/wp\/v2\/media\/6690"}],"wp:attachment":[{"href":"https:\/\/butterfly-editions.com\/index.php\/wp-json\/wp\/v2\/media?parent=6654"}],"wp:term":[{"taxonomy":"product_brand","embeddable":true,"href":"https:\/\/butterfly-editions.com\/index.php\/wp-json\/wp\/v2\/product_brand?post=6654"},{"taxonomy":"product_cat","embeddable":true,"href":"https:\/\/butterfly-editions.com\/index.php\/wp-json\/wp\/v2\/product_cat?post=6654"},{"taxonomy":"product_tag","embeddable":true,"href":"https:\/\/butterfly-editions.com\/index.php\/wp-json\/wp\/v2\/product_tag?post=6654"}],"curies":[{"name":"wp","href":"https:\/\/api.w.org\/{rel}","templated":true}]}}