{"id":6643,"date":"2024-09-01T13:41:22","date_gmt":"2024-09-01T12:41:22","guid":{"rendered":"https:\/\/butterfly-editions.com\/?post_type=product&#038;p=6643"},"modified":"2024-09-01T13:42:43","modified_gmt":"2024-09-01T12:42:43","slug":"against-you-de-sabrina-velia","status":"publish","type":"product","link":"https:\/\/butterfly-editions.com\/index.php\/produit\/against-you-de-sabrina-velia\/","title":{"rendered":"Against You  de Sabrina V\u00e9lia"},"content":{"rendered":"<p><strong>Entre un pass\u00e9 tortur\u00e9, un pr\u00e9sent instable et un futur incertain, il est parfois difficile de se laisser aller au plus prompt des sentiments.<\/strong><\/p>\n<p>Et pourtant, un regard peut tout changer, un effleurement nous d\u00e9vaster jusqu\u2019\u00e0 la plus petite particule composant notre organisme.<br \/>\nQuand Nirvana, aussi sombre que tumultueux, et Savanah, secr\u00e8te et d\u00e9termin\u00e9e, se rencontrent, leurs armures se fissurent. Des sentiments interdits naissent.<\/p>\n<p><em>Nirvana, pourra-t-il lutter contre ses d\u00e9mons ? Savanah, saura-t-elle y \u00e9chapper ?<\/em><\/p>\n","protected":false},"excerpt":{"rendered":"<p>Entre un pass\u00e9 tortur\u00e9, un pr\u00e9sent instable et un futur incertain, il est parfois difficile de se laisser aller au plus prompt des sentiments. Et pourtant, un regard peut tout changer, un effleurement nous d\u00e9vaster jusqu\u2019\u00e0 la plus petite particule composant notre organisme. Quand Nirvana, aussi sombre que tumultueux, et Savanah, secr\u00e8te et d\u00e9termin\u00e9e, se [&hellip;]<\/p>\n","protected":false},"featured_media":6679,"comment_status":"open","ping_status":"closed","template":"","meta":{"_acf_changed":false,"content-type":""},"product_brand":[],"product_cat":[59],"product_tag":[],"class_list":{"0":"post-6643","1":"product","2":"type-product","3":"status-publish","4":"has-post-thumbnail","6":"product_cat-non-classe","8":"first","9":"instock","10":"sold-individually","11":"taxable","12":"shipping-taxable","13":"purchasable","14":"product-type-simple"},"acf":{"auteur":"","date_parution":null,"bestseller":false,"librairie":false},"aioseo_notices":[],"_links":{"self":[{"href":"https:\/\/butterfly-editions.com\/index.php\/wp-json\/wp\/v2\/product\/6643","targetHints":{"allow":["GET"]}}],"collection":[{"href":"https:\/\/butterfly-editions.com\/index.php\/wp-json\/wp\/v2\/product"}],"about":[{"href":"https:\/\/butterfly-editions.com\/index.php\/wp-json\/wp\/v2\/types\/product"}],"replies":[{"embeddable":true,"href":"https:\/\/butterfly-editions.com\/index.php\/wp-json\/wp\/v2\/comments?post=6643"}],"wp:featuredmedia":[{"embeddable":true,"href":"https:\/\/butterfly-editions.com\/index.php\/wp-json\/wp\/v2\/media\/6679"}],"wp:attachment":[{"href":"https:\/\/butterfly-editions.com\/index.php\/wp-json\/wp\/v2\/media?parent=6643"}],"wp:term":[{"taxonomy":"product_brand","embeddable":true,"href":"https:\/\/butterfly-editions.com\/index.php\/wp-json\/wp\/v2\/product_brand?post=6643"},{"taxonomy":"product_cat","embeddable":true,"href":"https:\/\/butterfly-editions.com\/index.php\/wp-json\/wp\/v2\/product_cat?post=6643"},{"taxonomy":"product_tag","embeddable":true,"href":"https:\/\/butterfly-editions.com\/index.php\/wp-json\/wp\/v2\/product_tag?post=6643"}],"curies":[{"name":"wp","href":"https:\/\/api.w.org\/{rel}","templated":true}]}}